{"id":4084,"date":"2025-06-28T16:25:52","date_gmt":"2025-06-28T14:25:52","guid":{"rendered":"https:\/\/uj.adatbank.ro\/lexikon\/termek\/barth-grete\/"},"modified":"2025-06-28T16:25:52","modified_gmt":"2025-06-28T14:25:52","slug":"barth-grete","status":"publish","type":"product","link":"https:\/\/uj.adatbank.ro\/lexikon\/termek\/barth-grete\/","title":{"rendered":"BARTH Grete"},"content":{"rendered":"<p>Segesv\u00e1r, 1921. m\u00e1j. 2., \u2020 Bayreuth, 1984. szept. 17.: zongoram\u0171v\u00e9sz, tan\u00e1r. \u2013 Bayreuthban a Pedag\u00f3gia F\u0151iskol\u00e1n tan\u00edtott (1963\u201371), majd m\u0171v\u00e9szeti vezet\u0151je volt a f\u00e9rje, Herbert Barth, \u00e1ltal \u00e9letre h\u00edvott Nemzetk\u00f6zi Ifj\u00fas\u00e1gi \u00dcnnepi J\u00e1t\u00e9koknak. Az Ifj\u00fas\u00e1gi Zenei Richard Wagner arany \u00e9rdemrend kit\u00fcntetettje (1975). <br \/><strong>Irod.:<\/strong> LSS<\/br><\/p>\n","protected":false},"excerpt":{"rendered":"<p>Segesv\u00e1r, 1921. m\u00e1j. 2., \u2020 Bayreuth, 1984. szept. 17.: zongoram\u0171v\u00e9sz, tan\u00e1r. \u2013 Bayreuthban a Pedag\u00f3gia F\u0151iskol\u00e1n tan\u00edtott (1963\u201371), majd m\u0171v\u00e9szeti vezet\u0151je volt a f\u00e9rje, Herbert Barth, \u00e1ltal \u00e9letre h\u00edvott Nemzetk\u00f6zi Ifj\u00fas\u00e1gi \u00dcnnepi J\u00e1t\u00e9koknak. Az Ifj\u00fas\u00e1gi Zenei Richard Wagner arany \u00e9rdemrend kit\u00fcntetettje (1975). Irod.: LSS<\/p>\n","protected":false},"featured_media":0,"comment_status":"open","ping_status":"closed","template":"","meta":[],"product_brand":[],"product_cat":[137],"product_tag":[],"class_list":{"0":"post-4084","1":"product","2":"type-product","3":"status-publish","5":"product_cat-maros-megyei-eletrajzi-lexikon","7":"first","8":"instock","9":"shipping-taxable","10":"product-type-simple"},"_links":{"self":[{"href":"https:\/\/uj.adatbank.ro\/lexikon\/wp-json\/wp\/v2\/product\/4084","targetHints":{"allow":["GET"]}}],"collection":[{"href":"https:\/\/uj.adatbank.ro\/lexikon\/wp-json\/wp\/v2\/product"}],"about":[{"href":"https:\/\/uj.adatbank.ro\/lexikon\/wp-json\/wp\/v2\/types\/product"}],"replies":[{"embeddable":true,"href":"https:\/\/uj.adatbank.ro\/lexikon\/wp-json\/wp\/v2\/comments?post=4084"}],"wp:attachment":[{"href":"https:\/\/uj.adatbank.ro\/lexikon\/wp-json\/wp\/v2\/media?parent=4084"}],"wp:term":[{"taxonomy":"product_brand","embeddable":true,"href":"https:\/\/uj.adatbank.ro\/lexikon\/wp-json\/wp\/v2\/product_brand?post=4084"},{"taxonomy":"product_cat","embeddable":true,"href":"https:\/\/uj.adatbank.ro\/lexikon\/wp-json\/wp\/v2\/product_cat?post=4084"},{"taxonomy":"product_tag","embeddable":true,"href":"https:\/\/uj.adatbank.ro\/lexikon\/wp-json\/wp\/v2\/product_tag?post=4084"}],"curies":[{"name":"wp","href":"https:\/\/api.w.org\/{rel}","templated":true}]}}