{"id":4087,"date":"2025-06-28T16:26:01","date_gmt":"2025-06-28T14:26:01","guid":{"rendered":"https:\/\/uj.adatbank.ro\/lexikon\/termek\/bartha-albert\/"},"modified":"2025-06-28T16:26:01","modified_gmt":"2025-06-28T14:26:01","slug":"bartha-albert","status":"publish","type":"product","link":"https:\/\/uj.adatbank.ro\/lexikon\/termek\/bartha-albert\/","title":{"rendered":"BARTHA Albert"},"content":{"rendered":"<p>Mez\u0151panit, 1917. j\u00fan. 27., \u2020 Nagyernye, 1988. okt. 20. Mv.-en a ref. Temet\u0151ben nyugszik.: ref. lelk\u00e9sz. \u2013 Mv.-en \u00e9retts\u00e9gizett a Ref. Koll.-ban, a kv.-i Ref. Teol\u00f3gi\u00e1n v\u00e9gzett (1942). Szolg\u00e1lt Kalotaszegen egy \u00e9vet \u00e9s seg\u00e9dlelk\u00e9sz Nagyerny\u00e9ben (1943. jan. 1. \u2013), majd Nagyerny\u00e9ben m\u0171k\u00f6d\u00f6tt nyugd\u00edjaz\u00e1s\u00e1ig. \u00c1llamos\u00edtott\u00e1k az egyh\u00e1zi erd\u0151ket \u00e9s iskol\u00e1kat (1848), miniszt\u00e9riumi rendelettel elvitt\u00e9k az anyak\u00f6nyveket is. A f\u00f6ldek miatt nagy nyom\u00e1s nehezedett az egyh\u00e1zra, a presbit\u00e9rium hat\u00e1rozata alapj\u00e1n a f\u00f6ldeket kezel\u00e9s v\u00e9gett \u00e1tadt\u00e1k az \u00e1llamnak (1952. j\u00fal. 27.). Feles\u00e9ge M\u00e1rkos Ilona, tan\u00edt\u00f3n\u0151 (esk\u00fcv\u0151 1949. szept. 11.). H\u00e1rom gyermek\u00fck sz\u00fcletett. Nyugd\u00edjazt\u00e1k (1980. dec. 1.). <br \/><strong>Irod.:<\/strong> [Nekrol\u00f3g](V. Z., 1988. okt. 21.); Nagyernye; S\u00e1romberke<\/br><\/p>\n","protected":false},"excerpt":{"rendered":"<p>Mez\u0151panit, 1917. j\u00fan. 27., \u2020 Nagyernye, 1988. okt. 20. Mv.-en a ref. Temet\u0151ben nyugszik.: ref. lelk\u00e9sz. \u2013 Mv.-en \u00e9retts\u00e9gizett a Ref. Koll.-ban, a kv.-i Ref. Teol\u00f3gi\u00e1n v\u00e9gzett (1942). Szolg\u00e1lt Kalotaszegen egy \u00e9vet \u00e9s seg\u00e9dlelk\u00e9sz Nagyerny\u00e9ben (1943. jan. 1. \u2013), majd Nagyerny\u00e9ben m\u0171k\u00f6d\u00f6tt nyugd\u00edjaz\u00e1s\u00e1ig. \u00c1llamos\u00edtott\u00e1k az egyh\u00e1zi erd\u0151ket \u00e9s iskol\u00e1kat (1848), miniszt\u00e9riumi rendelettel elvitt\u00e9k az anyak\u00f6nyveket [&hellip;]<\/p>\n","protected":false},"featured_media":0,"comment_status":"open","ping_status":"closed","template":"","meta":[],"product_brand":[],"product_cat":[137],"product_tag":[],"class_list":{"0":"post-4087","1":"product","2":"type-product","3":"status-publish","5":"product_cat-maros-megyei-eletrajzi-lexikon","7":"first","8":"instock","9":"shipping-taxable","10":"product-type-simple"},"_links":{"self":[{"href":"https:\/\/uj.adatbank.ro\/lexikon\/wp-json\/wp\/v2\/product\/4087","targetHints":{"allow":["GET"]}}],"collection":[{"href":"https:\/\/uj.adatbank.ro\/lexikon\/wp-json\/wp\/v2\/product"}],"about":[{"href":"https:\/\/uj.adatbank.ro\/lexikon\/wp-json\/wp\/v2\/types\/product"}],"replies":[{"embeddable":true,"href":"https:\/\/uj.adatbank.ro\/lexikon\/wp-json\/wp\/v2\/comments?post=4087"}],"wp:attachment":[{"href":"https:\/\/uj.adatbank.ro\/lexikon\/wp-json\/wp\/v2\/media?parent=4087"}],"wp:term":[{"taxonomy":"product_brand","embeddable":true,"href":"https:\/\/uj.adatbank.ro\/lexikon\/wp-json\/wp\/v2\/product_brand?post=4087"},{"taxonomy":"product_cat","embeddable":true,"href":"https:\/\/uj.adatbank.ro\/lexikon\/wp-json\/wp\/v2\/product_cat?post=4087"},{"taxonomy":"product_tag","embeddable":true,"href":"https:\/\/uj.adatbank.ro\/lexikon\/wp-json\/wp\/v2\/product_tag?post=4087"}],"curies":[{"name":"wp","href":"https:\/\/api.w.org\/{rel}","templated":true}]}}