{"id":4089,"date":"2025-06-28T16:26:06","date_gmt":"2025-06-28T14:26:06","guid":{"rendered":"https:\/\/uj.adatbank.ro\/lexikon\/termek\/bartha-andras\/"},"modified":"2025-06-28T16:26:06","modified_gmt":"2025-06-28T14:26:06","slug":"bartha-andras","status":"publish","type":"product","link":"https:\/\/uj.adatbank.ro\/lexikon\/termek\/bartha-andras\/","title":{"rendered":"BARTHA Andr\u00e1s"},"content":{"rendered":"<p>? \u2020\u00a0? : \u00edt\u00e9l\u0151mester. \u2013 A mv.-i \u00edt\u00e9l\u0151mester tagja volt a II. R\u00e1k\u00f3czi Ferenc el\u00e9 Erd\u00e9ly hat\u00e1r\u00e1ra \u00e9rkez\u0151 rendek k\u00fcld\u00f6tts\u00e9g\u00e9nek \u00e9s \u00fcdv\u00f6z\u00f6lte a megv\u00e1lasztand\u00f3 fejedelmet (1707). <br \/><strong>Irod.:<\/strong> P\u00e1l-Antal 2009; Tr\u00f3cs\u00e1nyi 1988<\/br><\/p>\n","protected":false},"excerpt":{"rendered":"<p>? \u2020\u00a0? : \u00edt\u00e9l\u0151mester. \u2013 A mv.-i \u00edt\u00e9l\u0151mester tagja volt a II. R\u00e1k\u00f3czi Ferenc el\u00e9 Erd\u00e9ly hat\u00e1r\u00e1ra \u00e9rkez\u0151 rendek k\u00fcld\u00f6tts\u00e9g\u00e9nek \u00e9s \u00fcdv\u00f6z\u00f6lte a megv\u00e1lasztand\u00f3 fejedelmet (1707). Irod.: P\u00e1l-Antal 2009; Tr\u00f3cs\u00e1nyi 1988<\/p>\n","protected":false},"featured_media":0,"comment_status":"open","ping_status":"closed","template":"","meta":[],"product_brand":[],"product_cat":[137],"product_tag":[],"class_list":{"0":"post-4089","1":"product","2":"type-product","3":"status-publish","5":"product_cat-maros-megyei-eletrajzi-lexikon","7":"first","8":"instock","9":"shipping-taxable","10":"product-type-simple"},"_links":{"self":[{"href":"https:\/\/uj.adatbank.ro\/lexikon\/wp-json\/wp\/v2\/product\/4089","targetHints":{"allow":["GET"]}}],"collection":[{"href":"https:\/\/uj.adatbank.ro\/lexikon\/wp-json\/wp\/v2\/product"}],"about":[{"href":"https:\/\/uj.adatbank.ro\/lexikon\/wp-json\/wp\/v2\/types\/product"}],"replies":[{"embeddable":true,"href":"https:\/\/uj.adatbank.ro\/lexikon\/wp-json\/wp\/v2\/comments?post=4089"}],"wp:attachment":[{"href":"https:\/\/uj.adatbank.ro\/lexikon\/wp-json\/wp\/v2\/media?parent=4089"}],"wp:term":[{"taxonomy":"product_brand","embeddable":true,"href":"https:\/\/uj.adatbank.ro\/lexikon\/wp-json\/wp\/v2\/product_brand?post=4089"},{"taxonomy":"product_cat","embeddable":true,"href":"https:\/\/uj.adatbank.ro\/lexikon\/wp-json\/wp\/v2\/product_cat?post=4089"},{"taxonomy":"product_tag","embeddable":true,"href":"https:\/\/uj.adatbank.ro\/lexikon\/wp-json\/wp\/v2\/product_tag?post=4089"}],"curies":[{"name":"wp","href":"https:\/\/api.w.org\/{rel}","templated":true}]}}