{"id":4090,"date":"2025-06-28T16:26:09","date_gmt":"2025-06-28T14:26:09","guid":{"rendered":"https:\/\/uj.adatbank.ro\/lexikon\/termek\/bartha-andras-2\/"},"modified":"2025-06-28T16:26:09","modified_gmt":"2025-06-28T14:26:09","slug":"bartha-andras-2","status":"publish","type":"product","link":"https:\/\/uj.adatbank.ro\/lexikon\/termek\/bartha-andras-2\/","title":{"rendered":"BARTHA Andr\u00e1s"},"content":{"rendered":"<p>? \u2020\u00a0? : ref. lelk\u00e9sz. \u2013 Feles\u00e9ge: 1. Zal\u00e1nyi S\u00e1ra, 2. Gr\u00e1dits Roz\u00e1lia. \u2013 Nagyenyeden subscrib\u00e1lt (1737). J\u00f3sika M\u00f3zesn\u00e9 Wessel\u00e9nyi M\u00e1ria udvari papaja, G\u00f3g\u00e1nv\u00e1ralj\u00e1n (1752\u201371), Maroscsap\u00f3n (1771\u201376), K\u00fck\u00fcll\u0151sz\u00e9plakon (1777\u201393) szolg\u00e1lt. <strong>F. m.:<\/strong> Halotti besz\u00e9d z\u00e1goni br. Szentkereszti Andr\u00e1s felett, 1745. dec. 19. (Kv., 1746). <br \/><strong>Irod.:<\/strong> Halotti besz\u00e9dek; K\u00fck\u00fcll\u0151i Ref. Egyh\u00e1zm. 2., 3., 4.<\/br><\/p>\n","protected":false},"excerpt":{"rendered":"<p>? \u2020\u00a0? : ref. lelk\u00e9sz. \u2013 Feles\u00e9ge: 1. Zal\u00e1nyi S\u00e1ra, 2. Gr\u00e1dits Roz\u00e1lia. \u2013 Nagyenyeden subscrib\u00e1lt (1737). J\u00f3sika M\u00f3zesn\u00e9 Wessel\u00e9nyi M\u00e1ria udvari papaja, G\u00f3g\u00e1nv\u00e1ralj\u00e1n (1752\u201371), Maroscsap\u00f3n (1771\u201376), K\u00fck\u00fcll\u0151sz\u00e9plakon (1777\u201393) szolg\u00e1lt. F. m.: Halotti besz\u00e9d z\u00e1goni br. Szentkereszti Andr\u00e1s felett, 1745. dec. 19. (Kv., 1746). Irod.: Halotti besz\u00e9dek; K\u00fck\u00fcll\u0151i Ref. Egyh\u00e1zm. 2., 3., 4.<\/p>\n","protected":false},"featured_media":0,"comment_status":"open","ping_status":"closed","template":"","meta":[],"product_brand":[],"product_cat":[137],"product_tag":[],"class_list":{"0":"post-4090","1":"product","2":"type-product","3":"status-publish","5":"product_cat-maros-megyei-eletrajzi-lexikon","7":"first","8":"instock","9":"shipping-taxable","10":"product-type-simple"},"_links":{"self":[{"href":"https:\/\/uj.adatbank.ro\/lexikon\/wp-json\/wp\/v2\/product\/4090","targetHints":{"allow":["GET"]}}],"collection":[{"href":"https:\/\/uj.adatbank.ro\/lexikon\/wp-json\/wp\/v2\/product"}],"about":[{"href":"https:\/\/uj.adatbank.ro\/lexikon\/wp-json\/wp\/v2\/types\/product"}],"replies":[{"embeddable":true,"href":"https:\/\/uj.adatbank.ro\/lexikon\/wp-json\/wp\/v2\/comments?post=4090"}],"wp:attachment":[{"href":"https:\/\/uj.adatbank.ro\/lexikon\/wp-json\/wp\/v2\/media?parent=4090"}],"wp:term":[{"taxonomy":"product_brand","embeddable":true,"href":"https:\/\/uj.adatbank.ro\/lexikon\/wp-json\/wp\/v2\/product_brand?post=4090"},{"taxonomy":"product_cat","embeddable":true,"href":"https:\/\/uj.adatbank.ro\/lexikon\/wp-json\/wp\/v2\/product_cat?post=4090"},{"taxonomy":"product_tag","embeddable":true,"href":"https:\/\/uj.adatbank.ro\/lexikon\/wp-json\/wp\/v2\/product_tag?post=4090"}],"curies":[{"name":"wp","href":"https:\/\/api.w.org\/{rel}","templated":true}]}}