{"id":4096,"date":"2025-06-28T16:26:25","date_gmt":"2025-06-28T14:26:25","guid":{"rendered":"https:\/\/uj.adatbank.ro\/lexikon\/termek\/bartha-bela-2\/"},"modified":"2025-06-28T16:26:25","modified_gmt":"2025-06-28T14:26:25","slug":"bartha-bela-2","status":"publish","type":"product","link":"https:\/\/uj.adatbank.ro\/lexikon\/termek\/bartha-bela-2\/","title":{"rendered":"BARTHA B\u00e9la"},"content":{"rendered":"<p>Marosnagylak, 1902. m\u00e1j. 8., \u2020 Mv., 1994. dec.: ref. l\u00e9vitalelk\u00e9sz, tan\u00edt\u00f3, matematikatan\u00e1r. \u2013 Nagyenyeden szerzett tan\u00edt\u00f3i oklevelet majd l\u00e9vitalelk\u00e9szi k\u00e9pes\u00edt\u00e9st a kv.-i ref. teol\u00f3gi\u00e1n (1924). Tan\u00edt\u00f3 volt Magyarp\u00e9terfalv\u00e1n \u00e9s Csombordon, levita lelk\u00e9sz Mez\u0151\u00fajlakon, Szov\u00e1t\u00e1n felmond\u00e1s\u00e1ig (1927. okt. \u201341. szept.). Vezette a szov\u00e1tai ref. dalk\u00f6rt is. A szov\u00e1tai ref. templom \u00e9p\u00edt\u00e9s\u00e9nek egyik kezdem\u00e9nyez\u0151je, szorgalmaz\u00f3ja, aki gy\u0151jt\u0151\u00edvet ind\u00edtott a templom\u00e9p\u00edt\u00e9s jav\u00e1ra (1930 k.). Az \u00e9p\u00edt\u00e9s szervez\u00e9s\u00e9ben seg\u00edt\u0151 t\u00e1rsa Bern\u00e1dy Gy\u00f6rgy, aki m\u00e1r nem \u00e9rhette meg a templom falavat\u00e1s\u00e1t. Zaklat\u00e1sokban, feljelent\u00e9sekben volt r\u00e9sze magyars\u00e1ga miatt. Mv.-en a Ref. Koll. elemi iskol\u00e1j\u00e1ban v\u00e1lasztott\u00e1k meg tan\u00edt\u00f3nak, v\u00e9g\u00fcl matematikatan\u00e1r volt. <br \/><strong>Irod.:<\/strong> Bern\u00e1dy; EM; [Nekrol\u00f3g] (N\u00fa., 1994. dec. 28.); Ref. egyetemes n\u00e9vt\u00e1r; Szov\u00e1ta; Visnai<\/br><\/p>\n","protected":false},"excerpt":{"rendered":"<p>Marosnagylak, 1902. m\u00e1j. 8., \u2020 Mv., 1994. dec.: ref. l\u00e9vitalelk\u00e9sz, tan\u00edt\u00f3, matematikatan\u00e1r. \u2013 Nagyenyeden szerzett tan\u00edt\u00f3i oklevelet majd l\u00e9vitalelk\u00e9szi k\u00e9pes\u00edt\u00e9st a kv.-i ref. teol\u00f3gi\u00e1n (1924). Tan\u00edt\u00f3 volt Magyarp\u00e9terfalv\u00e1n \u00e9s Csombordon, levita lelk\u00e9sz Mez\u0151\u00fajlakon, Szov\u00e1t\u00e1n felmond\u00e1s\u00e1ig (1927. okt. \u201341. szept.). Vezette a szov\u00e1tai ref. dalk\u00f6rt is. A szov\u00e1tai ref. templom \u00e9p\u00edt\u00e9s\u00e9nek egyik kezdem\u00e9nyez\u0151je, szorgalmaz\u00f3ja, aki gy\u0151jt\u0151\u00edvet [&hellip;]<\/p>\n","protected":false},"featured_media":0,"comment_status":"open","ping_status":"closed","template":"","meta":[],"product_brand":[],"product_cat":[137],"product_tag":[],"class_list":{"0":"post-4096","1":"product","2":"type-product","3":"status-publish","5":"product_cat-maros-megyei-eletrajzi-lexikon","7":"first","8":"instock","9":"shipping-taxable","10":"product-type-simple"},"_links":{"self":[{"href":"https:\/\/uj.adatbank.ro\/lexikon\/wp-json\/wp\/v2\/product\/4096","targetHints":{"allow":["GET"]}}],"collection":[{"href":"https:\/\/uj.adatbank.ro\/lexikon\/wp-json\/wp\/v2\/product"}],"about":[{"href":"https:\/\/uj.adatbank.ro\/lexikon\/wp-json\/wp\/v2\/types\/product"}],"replies":[{"embeddable":true,"href":"https:\/\/uj.adatbank.ro\/lexikon\/wp-json\/wp\/v2\/comments?post=4096"}],"wp:attachment":[{"href":"https:\/\/uj.adatbank.ro\/lexikon\/wp-json\/wp\/v2\/media?parent=4096"}],"wp:term":[{"taxonomy":"product_brand","embeddable":true,"href":"https:\/\/uj.adatbank.ro\/lexikon\/wp-json\/wp\/v2\/product_brand?post=4096"},{"taxonomy":"product_cat","embeddable":true,"href":"https:\/\/uj.adatbank.ro\/lexikon\/wp-json\/wp\/v2\/product_cat?post=4096"},{"taxonomy":"product_tag","embeddable":true,"href":"https:\/\/uj.adatbank.ro\/lexikon\/wp-json\/wp\/v2\/product_tag?post=4096"}],"curies":[{"name":"wp","href":"https:\/\/api.w.org\/{rel}","templated":true}]}}