{"id":4097,"date":"2025-06-28T16:26:28","date_gmt":"2025-06-28T14:26:28","guid":{"rendered":"https:\/\/uj.adatbank.ro\/lexikon\/termek\/bartha-bela-3\/"},"modified":"2025-06-28T16:26:28","modified_gmt":"2025-06-28T14:26:28","slug":"bartha-bela-3","status":"publish","type":"product","link":"https:\/\/uj.adatbank.ro\/lexikon\/termek\/bartha-bela-3\/","title":{"rendered":"BARTHA B\u00e9la"},"content":{"rendered":"<p>Dics\u0151szentm\u00e1rton, 1932. szept. 24., \u2020 Dics\u0151szentm\u00e1rton, 2015. dec.: k\u00e9pz\u0151m\u0171v\u00e9sz, k\u00f6lt\u0151, m\u0171v\u00e9szterapeuta. \u2013 Bartha S\u00e1ndor \u00e9s Eszter fia. Izabella (1969) a le\u00e1nyuk. \u2013 A Buk.-ben az orvosi m\u0171szergy\u00e1rban (1953\u201354), rekl\u00e1mfest\u0151 \u00e9s kult\u00fara felel\u0151s a V\u00f6r\u00f6s Grivica b\u00fatorgy\u00e1rban (1954\u201357), politikai el\u00edt\u00e9lt (1957\u201358). Kirakatrendez\u0151 a kereskedelmi v\u00e1llalatn\u00e1l. Szov\u00e1taf\u00fcrd\u0151n dekorat\u0151r (1970\u201375). Dics\u0151szentm\u00e1rtonban az elmek\u00f3rh\u00e1zban megszervezte az els\u0151 m\u0171v\u00e9szetter\u00e1pia oszt\u00e1lyt (1975). A Gyergy\u00f3t\u00f6lgyesben az Idegszanat\u00f3rium Elmek\u00f3rh\u00e1za m\u0171v\u00e9szeti-ter\u00e1pia oszt\u00e1ly vezet\u0151je (1980\u201394). Itt szervez ki\u00e1ll\u00edt\u00e1sokat, \u00edr\u00f3-olvas\u00f3 tal\u00e1lkoz\u00f3kat, az Ady Klub Irodalmi k\u00f6r alap\u00edt\u00f3ja \u00e9s rom.-magy. Irodalmi k\u00f6r l\u00e9trehoz\u00f3ja. D\u00edszlettervez\u0151 a helyi n\u00e9psz\u00ednh\u00e1zban (1995\u2013). Mv.-en a hivat\u00e1sos m\u0171v\u00e9szek t\u00e1rlatain szerepel munk\u00e1ival. \u2013 <strong>F. m.:<\/strong> Felh\u0151b\u0151l faragott \u00e1lom 91 vers \u00e9s 33 sz\u00ednes repr. (Mv., 2002); A v\u00e1ndor \u00e9neke\u2013122 vers \u00e9s 71 grafika. (Mv., 2008). <br \/><strong>Irod.:<\/strong> EMKK 2010<\/br><\/p>\n","protected":false},"excerpt":{"rendered":"<p>Dics\u0151szentm\u00e1rton, 1932. szept. 24., \u2020 Dics\u0151szentm\u00e1rton, 2015. dec.: k\u00e9pz\u0151m\u0171v\u00e9sz, k\u00f6lt\u0151, m\u0171v\u00e9szterapeuta. \u2013 Bartha S\u00e1ndor \u00e9s Eszter fia. Izabella (1969) a le\u00e1nyuk. \u2013 A Buk.-ben az orvosi m\u0171szergy\u00e1rban (1953\u201354), rekl\u00e1mfest\u0151 \u00e9s kult\u00fara felel\u0151s a V\u00f6r\u00f6s Grivica b\u00fatorgy\u00e1rban (1954\u201357), politikai el\u00edt\u00e9lt (1957\u201358). Kirakatrendez\u0151 a kereskedelmi v\u00e1llalatn\u00e1l. Szov\u00e1taf\u00fcrd\u0151n dekorat\u0151r (1970\u201375). Dics\u0151szentm\u00e1rtonban az elmek\u00f3rh\u00e1zban megszervezte az els\u0151 m\u0171v\u00e9szetter\u00e1pia oszt\u00e1lyt [&hellip;]<\/p>\n","protected":false},"featured_media":0,"comment_status":"open","ping_status":"closed","template":"","meta":[],"product_brand":[],"product_cat":[137],"product_tag":[],"class_list":{"0":"post-4097","1":"product","2":"type-product","3":"status-publish","5":"product_cat-maros-megyei-eletrajzi-lexikon","7":"first","8":"instock","9":"shipping-taxable","10":"product-type-simple"},"_links":{"self":[{"href":"https:\/\/uj.adatbank.ro\/lexikon\/wp-json\/wp\/v2\/product\/4097","targetHints":{"allow":["GET"]}}],"collection":[{"href":"https:\/\/uj.adatbank.ro\/lexikon\/wp-json\/wp\/v2\/product"}],"about":[{"href":"https:\/\/uj.adatbank.ro\/lexikon\/wp-json\/wp\/v2\/types\/product"}],"replies":[{"embeddable":true,"href":"https:\/\/uj.adatbank.ro\/lexikon\/wp-json\/wp\/v2\/comments?post=4097"}],"wp:attachment":[{"href":"https:\/\/uj.adatbank.ro\/lexikon\/wp-json\/wp\/v2\/media?parent=4097"}],"wp:term":[{"taxonomy":"product_brand","embeddable":true,"href":"https:\/\/uj.adatbank.ro\/lexikon\/wp-json\/wp\/v2\/product_brand?post=4097"},{"taxonomy":"product_cat","embeddable":true,"href":"https:\/\/uj.adatbank.ro\/lexikon\/wp-json\/wp\/v2\/product_cat?post=4097"},{"taxonomy":"product_tag","embeddable":true,"href":"https:\/\/uj.adatbank.ro\/lexikon\/wp-json\/wp\/v2\/product_tag?post=4097"}],"curies":[{"name":"wp","href":"https:\/\/api.w.org\/{rel}","templated":true}]}}