{"id":4102,"date":"2025-06-28T16:26:44","date_gmt":"2025-06-28T14:26:44","guid":{"rendered":"https:\/\/uj.adatbank.ro\/lexikon\/termek\/bartha-csaba\/"},"modified":"2025-06-28T16:26:44","modified_gmt":"2025-06-28T14:26:44","slug":"bartha-csaba","status":"publish","type":"product","link":"https:\/\/uj.adatbank.ro\/lexikon\/termek\/bartha-csaba\/","title":{"rendered":"BARTHA Csaba"},"content":{"rendered":"<p>Mv., 1929., \u2020\u00a0Mv., 2004. j\u00fan. 11.: orvos. \u2013 Makfalv\u00e1n n\u0151tt fel. Gura B\u00e1rza-n n\u0151s\u00fclt meg. Feles\u00e9ge: Dobrea M\u00e1ria (1932\u20132013), sz\u00fclettek gyermekeik. Csaba (Mv., 1963. okt. 10., \u00fajs\u00e1g\u00edr\u00f3, g\u00e9p\u00e9szm\u00e9rn\u00f6k) \u00e9s Levente. \u2013 A mv.-i R. K. F\u0151gimn.-ban \u00e9retts\u00e9gizett (1947), a mv.-i OGYI-n szerzett diplom\u00e1t. Laborat\u00f3riumi orvos Gura Barzan (Hunyad m.), Lup\u00e9nyban (\u20131979). Szov\u00e1t\u00e1n a kezel\u00e9si k\u00f6zpont laborat\u00f3rium\u00e1t vezette. (1979\u201392), nyugd\u00edjaz\u00e1sa ut\u00e1n, tov\u00e1bb dolgozott Lup\u00e9nyban (1992\u20132000). <br \/><strong>Irod.:<\/strong> EMKK 2010; Kiss-P.- P; Kiss Cs. M 4.<\/br><\/p>\n","protected":false},"excerpt":{"rendered":"<p>Mv., 1929., \u2020\u00a0Mv., 2004. j\u00fan. 11.: orvos. \u2013 Makfalv\u00e1n n\u0151tt fel. Gura B\u00e1rza-n n\u0151s\u00fclt meg. Feles\u00e9ge: Dobrea M\u00e1ria (1932\u20132013), sz\u00fclettek gyermekeik. Csaba (Mv., 1963. okt. 10., \u00fajs\u00e1g\u00edr\u00f3, g\u00e9p\u00e9szm\u00e9rn\u00f6k) \u00e9s Levente. \u2013 A mv.-i R. K. F\u0151gimn.-ban \u00e9retts\u00e9gizett (1947), a mv.-i OGYI-n szerzett diplom\u00e1t. Laborat\u00f3riumi orvos Gura Barzan (Hunyad m.), Lup\u00e9nyban (\u20131979). Szov\u00e1t\u00e1n a kezel\u00e9si k\u00f6zpont [&hellip;]<\/p>\n","protected":false},"featured_media":0,"comment_status":"open","ping_status":"closed","template":"","meta":[],"product_brand":[],"product_cat":[137],"product_tag":[],"class_list":{"0":"post-4102","1":"product","2":"type-product","3":"status-publish","5":"product_cat-maros-megyei-eletrajzi-lexikon","7":"first","8":"instock","9":"shipping-taxable","10":"product-type-simple"},"_links":{"self":[{"href":"https:\/\/uj.adatbank.ro\/lexikon\/wp-json\/wp\/v2\/product\/4102","targetHints":{"allow":["GET"]}}],"collection":[{"href":"https:\/\/uj.adatbank.ro\/lexikon\/wp-json\/wp\/v2\/product"}],"about":[{"href":"https:\/\/uj.adatbank.ro\/lexikon\/wp-json\/wp\/v2\/types\/product"}],"replies":[{"embeddable":true,"href":"https:\/\/uj.adatbank.ro\/lexikon\/wp-json\/wp\/v2\/comments?post=4102"}],"wp:attachment":[{"href":"https:\/\/uj.adatbank.ro\/lexikon\/wp-json\/wp\/v2\/media?parent=4102"}],"wp:term":[{"taxonomy":"product_brand","embeddable":true,"href":"https:\/\/uj.adatbank.ro\/lexikon\/wp-json\/wp\/v2\/product_brand?post=4102"},{"taxonomy":"product_cat","embeddable":true,"href":"https:\/\/uj.adatbank.ro\/lexikon\/wp-json\/wp\/v2\/product_cat?post=4102"},{"taxonomy":"product_tag","embeddable":true,"href":"https:\/\/uj.adatbank.ro\/lexikon\/wp-json\/wp\/v2\/product_tag?post=4102"}],"curies":[{"name":"wp","href":"https:\/\/api.w.org\/{rel}","templated":true}]}}