{"id":4103,"date":"2025-06-28T16:26:47","date_gmt":"2025-06-28T14:26:47","guid":{"rendered":"https:\/\/uj.adatbank.ro\/lexikon\/termek\/bartha-daniel-dalnoki\/"},"modified":"2025-06-28T16:26:47","modified_gmt":"2025-06-28T14:26:47","slug":"bartha-daniel-dalnoki","status":"publish","type":"product","link":"https:\/\/uj.adatbank.ro\/lexikon\/termek\/bartha-daniel-dalnoki\/","title":{"rendered":"BARTHA D\u00e1niel, d\u00e1lnoki"},"content":{"rendered":"<p>1806., \u2020 Mv., 1866. m\u00e1rc. 28.: \u00fcgyv\u00e9d.- Le\u00e1nyai: B. Roz\u00e1lia (1843-Mv., 1858. \u00e1pr. 12.); Zsuzs\u00e1nna Jelinek Antaln\u00e9 (1838- Mv., 1860. j\u00fal. 6.); M\u00e1ria. \u2013 Orsz\u00e1gos \u00fcgyv\u00e9d. <br \/><strong>Irod.:<\/strong> Gy\u00e1szjelent\u0151.<\/br><\/p>\n","protected":false},"excerpt":{"rendered":"<p>1806., \u2020 Mv., 1866. m\u00e1rc. 28.: \u00fcgyv\u00e9d.- Le\u00e1nyai: B. Roz\u00e1lia (1843-Mv., 1858. \u00e1pr. 12.); Zsuzs\u00e1nna Jelinek Antaln\u00e9 (1838- Mv., 1860. j\u00fal. 6.); M\u00e1ria. \u2013 Orsz\u00e1gos \u00fcgyv\u00e9d. Irod.: Gy\u00e1szjelent\u0151.<\/p>\n","protected":false},"featured_media":0,"comment_status":"open","ping_status":"closed","template":"","meta":[],"product_brand":[],"product_cat":[137],"product_tag":[],"class_list":{"0":"post-4103","1":"product","2":"type-product","3":"status-publish","5":"product_cat-maros-megyei-eletrajzi-lexikon","7":"first","8":"instock","9":"shipping-taxable","10":"product-type-simple"},"_links":{"self":[{"href":"https:\/\/uj.adatbank.ro\/lexikon\/wp-json\/wp\/v2\/product\/4103","targetHints":{"allow":["GET"]}}],"collection":[{"href":"https:\/\/uj.adatbank.ro\/lexikon\/wp-json\/wp\/v2\/product"}],"about":[{"href":"https:\/\/uj.adatbank.ro\/lexikon\/wp-json\/wp\/v2\/types\/product"}],"replies":[{"embeddable":true,"href":"https:\/\/uj.adatbank.ro\/lexikon\/wp-json\/wp\/v2\/comments?post=4103"}],"wp:attachment":[{"href":"https:\/\/uj.adatbank.ro\/lexikon\/wp-json\/wp\/v2\/media?parent=4103"}],"wp:term":[{"taxonomy":"product_brand","embeddable":true,"href":"https:\/\/uj.adatbank.ro\/lexikon\/wp-json\/wp\/v2\/product_brand?post=4103"},{"taxonomy":"product_cat","embeddable":true,"href":"https:\/\/uj.adatbank.ro\/lexikon\/wp-json\/wp\/v2\/product_cat?post=4103"},{"taxonomy":"product_tag","embeddable":true,"href":"https:\/\/uj.adatbank.ro\/lexikon\/wp-json\/wp\/v2\/product_tag?post=4103"}],"curies":[{"name":"wp","href":"https:\/\/api.w.org\/{rel}","templated":true}]}}