{"id":4105,"date":"2025-06-28T16:26:53","date_gmt":"2025-06-28T14:26:53","guid":{"rendered":"https:\/\/uj.adatbank.ro\/lexikon\/termek\/bartha-denes-bartha-dionisie\/"},"modified":"2025-06-28T16:26:53","modified_gmt":"2025-06-28T14:26:53","slug":"bartha-denes-bartha-dionisie","status":"publish","type":"product","link":"https:\/\/uj.adatbank.ro\/lexikon\/termek\/bartha-denes-bartha-dionisie\/","title":{"rendered":"BARTHA D\u00e9nes, Bartha Dionisie"},"content":{"rendered":"<p>? \u2020\u00a0? : k\u00e9pvisel\u0151. \u2013 A NNGY k\u00e9pvisel\u0151je MMAT Erd\u0151szentgy\u00f6rgy (1965. m\u00e1rc. 7.), mester Gyulakut\u00e1n a V\u00f6r\u00f6s Csillag H\u0151er\u0151m\u0171n\u00e9l. <br \/><strong>Irod.:<\/strong> Cri\u015fan; Id\u0151t\u00e1r 4.<\/br><\/p>\n","protected":false},"excerpt":{"rendered":"<p>? \u2020\u00a0? : k\u00e9pvisel\u0151. \u2013 A NNGY k\u00e9pvisel\u0151je MMAT Erd\u0151szentgy\u00f6rgy (1965. m\u00e1rc. 7.), mester Gyulakut\u00e1n a V\u00f6r\u00f6s Csillag H\u0151er\u0151m\u0171n\u00e9l. Irod.: Cri\u015fan; Id\u0151t\u00e1r 4.<\/p>\n","protected":false},"featured_media":0,"comment_status":"open","ping_status":"closed","template":"","meta":[],"product_brand":[],"product_cat":[137],"product_tag":[],"class_list":{"0":"post-4105","1":"product","2":"type-product","3":"status-publish","5":"product_cat-maros-megyei-eletrajzi-lexikon","7":"first","8":"instock","9":"shipping-taxable","10":"product-type-simple"},"_links":{"self":[{"href":"https:\/\/uj.adatbank.ro\/lexikon\/wp-json\/wp\/v2\/product\/4105","targetHints":{"allow":["GET"]}}],"collection":[{"href":"https:\/\/uj.adatbank.ro\/lexikon\/wp-json\/wp\/v2\/product"}],"about":[{"href":"https:\/\/uj.adatbank.ro\/lexikon\/wp-json\/wp\/v2\/types\/product"}],"replies":[{"embeddable":true,"href":"https:\/\/uj.adatbank.ro\/lexikon\/wp-json\/wp\/v2\/comments?post=4105"}],"wp:attachment":[{"href":"https:\/\/uj.adatbank.ro\/lexikon\/wp-json\/wp\/v2\/media?parent=4105"}],"wp:term":[{"taxonomy":"product_brand","embeddable":true,"href":"https:\/\/uj.adatbank.ro\/lexikon\/wp-json\/wp\/v2\/product_brand?post=4105"},{"taxonomy":"product_cat","embeddable":true,"href":"https:\/\/uj.adatbank.ro\/lexikon\/wp-json\/wp\/v2\/product_cat?post=4105"},{"taxonomy":"product_tag","embeddable":true,"href":"https:\/\/uj.adatbank.ro\/lexikon\/wp-json\/wp\/v2\/product_tag?post=4105"}],"curies":[{"name":"wp","href":"https:\/\/api.w.org\/{rel}","templated":true}]}}