{"id":4109,"date":"2025-06-28T16:27:07","date_gmt":"2025-06-28T14:27:07","guid":{"rendered":"https:\/\/uj.adatbank.ro\/lexikon\/termek\/bartha-ferenc\/"},"modified":"2025-06-28T16:27:07","modified_gmt":"2025-06-28T14:27:07","slug":"bartha-ferenc","status":"publish","type":"product","link":"https:\/\/uj.adatbank.ro\/lexikon\/termek\/bartha-ferenc\/","title":{"rendered":"BARTHA Ferenc"},"content":{"rendered":"<p>1873.? \u2020 Mv., 1936. j\u00fan. 11.: szolgab\u00edr\u00f3. \u2013 Feles\u00e9ge: Sz\u00e1sz Jol\u00e1n. Gyermekeik: B. L\u00e1szl\u00f3, feles\u00e9ge: Tam\u00e1s Vilma; Ilona M\u00e9der K\u00e1rolyn\u00e9; Lujza Er\u0151sdy S\u00e1ndorn\u00e9; J\u00f3zsef; Gizella Halabory Zsigmondn\u00e9; M\u00e1ria-Helladia-n\u0151v\u00e9r; R\u00f3zsika; Jol\u00e1n Gazdag Lajosn\u00e9; Gyula; Margit Reschnern\u00e9; Jen\u0151. \u2013 Mv.-en volt szolgab\u00edr\u00f3, a ref. egy\u00e1z presbitere, Stefania kisdedov\u00f3 p\u00e9nzt\u00e1rosjegyz\u0151je, a \u201eNagyhegyk\u00f6zs\u00e9g\u201d eln\u00f6ke. <br \/><strong>Irod.:<\/strong> Gy\u00e1szjelent\u0151<\/br><\/p>\n","protected":false},"excerpt":{"rendered":"<p>1873.? \u2020 Mv., 1936. j\u00fan. 11.: szolgab\u00edr\u00f3. \u2013 Feles\u00e9ge: Sz\u00e1sz Jol\u00e1n. Gyermekeik: B. L\u00e1szl\u00f3, feles\u00e9ge: Tam\u00e1s Vilma; Ilona M\u00e9der K\u00e1rolyn\u00e9; Lujza Er\u0151sdy S\u00e1ndorn\u00e9; J\u00f3zsef; Gizella Halabory Zsigmondn\u00e9; M\u00e1ria-Helladia-n\u0151v\u00e9r; R\u00f3zsika; Jol\u00e1n Gazdag Lajosn\u00e9; Gyula; Margit Reschnern\u00e9; Jen\u0151. \u2013 Mv.-en volt szolgab\u00edr\u00f3, a ref. egy\u00e1z presbitere, Stefania kisdedov\u00f3 p\u00e9nzt\u00e1rosjegyz\u0151je, a \u201eNagyhegyk\u00f6zs\u00e9g\u201d eln\u00f6ke. Irod.: Gy\u00e1szjelent\u0151<\/p>\n","protected":false},"featured_media":0,"comment_status":"open","ping_status":"closed","template":"","meta":[],"product_brand":[],"product_cat":[137],"product_tag":[],"class_list":{"0":"post-4109","1":"product","2":"type-product","3":"status-publish","5":"product_cat-maros-megyei-eletrajzi-lexikon","7":"first","8":"instock","9":"shipping-taxable","10":"product-type-simple"},"_links":{"self":[{"href":"https:\/\/uj.adatbank.ro\/lexikon\/wp-json\/wp\/v2\/product\/4109","targetHints":{"allow":["GET"]}}],"collection":[{"href":"https:\/\/uj.adatbank.ro\/lexikon\/wp-json\/wp\/v2\/product"}],"about":[{"href":"https:\/\/uj.adatbank.ro\/lexikon\/wp-json\/wp\/v2\/types\/product"}],"replies":[{"embeddable":true,"href":"https:\/\/uj.adatbank.ro\/lexikon\/wp-json\/wp\/v2\/comments?post=4109"}],"wp:attachment":[{"href":"https:\/\/uj.adatbank.ro\/lexikon\/wp-json\/wp\/v2\/media?parent=4109"}],"wp:term":[{"taxonomy":"product_brand","embeddable":true,"href":"https:\/\/uj.adatbank.ro\/lexikon\/wp-json\/wp\/v2\/product_brand?post=4109"},{"taxonomy":"product_cat","embeddable":true,"href":"https:\/\/uj.adatbank.ro\/lexikon\/wp-json\/wp\/v2\/product_cat?post=4109"},{"taxonomy":"product_tag","embeddable":true,"href":"https:\/\/uj.adatbank.ro\/lexikon\/wp-json\/wp\/v2\/product_tag?post=4109"}],"curies":[{"name":"wp","href":"https:\/\/api.w.org\/{rel}","templated":true}]}}