{"id":4112,"date":"2025-06-28T16:27:15","date_gmt":"2025-06-28T14:27:15","guid":{"rendered":"https:\/\/uj.adatbank.ro\/lexikon\/termek\/bartha-ilus\/"},"modified":"2025-06-28T16:27:15","modified_gmt":"2025-06-28T14:27:15","slug":"bartha-ilus","status":"publish","type":"product","link":"https:\/\/uj.adatbank.ro\/lexikon\/termek\/bartha-ilus\/","title":{"rendered":"BARTHA Ilus"},"content":{"rendered":"<p>Mv., 1904. febr. 14., \u2020 ? : \u00e9nekes szubrett. \u2013 Fekete Mih\u00e1ly t\u00e1rsulat\u00e1val Nagyszebenben \u00e9s Mv.-en j\u00e1tszott (1922\u201323), majd k\u00fcl\u00f6nb\u0151z\u0151 t\u00e1rsulatokn\u00e1l volt \u00e9s Erd\u00e9ly sok v\u00e1ros\u00e1ban szerepelt : Szatm\u00e1rn\u00e9meti, Nagyb\u00e1nya, M\u00e1ramarossziget, Szil\u00e1gysomly\u00f3, Arad, Temesv\u00e1r, Torda, D\u00e9s, Gyalu. \u2013 <strong>F. sz.:<\/strong> Pista szolga (Csepreghi Ferenc : S\u00e1rga csik\u00f3, Sylvette (O. Strauss: B\u00facs\u00fakering\u0151); Libestein (Moln\u00e1r Ferenc: A hatty\u00fa); Panni (Ga\u00e1l J\u00f3zsef: A peleskei n\u00f3t\u00e1rius). <br \/><strong>Irod.:<\/strong> K\u00f6t\u0151<\/br><\/p>\n","protected":false},"excerpt":{"rendered":"<p>Mv., 1904. febr. 14., \u2020 ? : \u00e9nekes szubrett. \u2013 Fekete Mih\u00e1ly t\u00e1rsulat\u00e1val Nagyszebenben \u00e9s Mv.-en j\u00e1tszott (1922\u201323), majd k\u00fcl\u00f6nb\u0151z\u0151 t\u00e1rsulatokn\u00e1l volt \u00e9s Erd\u00e9ly sok v\u00e1ros\u00e1ban szerepelt : Szatm\u00e1rn\u00e9meti, Nagyb\u00e1nya, M\u00e1ramarossziget, Szil\u00e1gysomly\u00f3, Arad, Temesv\u00e1r, Torda, D\u00e9s, Gyalu. \u2013 F. sz.: Pista szolga (Csepreghi Ferenc : S\u00e1rga csik\u00f3, Sylvette (O. Strauss: B\u00facs\u00fakering\u0151); Libestein (Moln\u00e1r Ferenc: A [&hellip;]<\/p>\n","protected":false},"featured_media":0,"comment_status":"open","ping_status":"closed","template":"","meta":[],"product_brand":[],"product_cat":[137],"product_tag":[],"class_list":{"0":"post-4112","1":"product","2":"type-product","3":"status-publish","5":"product_cat-maros-megyei-eletrajzi-lexikon","7":"first","8":"instock","9":"shipping-taxable","10":"product-type-simple"},"_links":{"self":[{"href":"https:\/\/uj.adatbank.ro\/lexikon\/wp-json\/wp\/v2\/product\/4112","targetHints":{"allow":["GET"]}}],"collection":[{"href":"https:\/\/uj.adatbank.ro\/lexikon\/wp-json\/wp\/v2\/product"}],"about":[{"href":"https:\/\/uj.adatbank.ro\/lexikon\/wp-json\/wp\/v2\/types\/product"}],"replies":[{"embeddable":true,"href":"https:\/\/uj.adatbank.ro\/lexikon\/wp-json\/wp\/v2\/comments?post=4112"}],"wp:attachment":[{"href":"https:\/\/uj.adatbank.ro\/lexikon\/wp-json\/wp\/v2\/media?parent=4112"}],"wp:term":[{"taxonomy":"product_brand","embeddable":true,"href":"https:\/\/uj.adatbank.ro\/lexikon\/wp-json\/wp\/v2\/product_brand?post=4112"},{"taxonomy":"product_cat","embeddable":true,"href":"https:\/\/uj.adatbank.ro\/lexikon\/wp-json\/wp\/v2\/product_cat?post=4112"},{"taxonomy":"product_tag","embeddable":true,"href":"https:\/\/uj.adatbank.ro\/lexikon\/wp-json\/wp\/v2\/product_tag?post=4112"}],"curies":[{"name":"wp","href":"https:\/\/api.w.org\/{rel}","templated":true}]}}