{"id":4113,"date":"2025-06-28T16:27:17","date_gmt":"2025-06-28T14:27:17","guid":{"rendered":"https:\/\/uj.adatbank.ro\/lexikon\/termek\/bartha-imre\/"},"modified":"2025-06-28T16:27:17","modified_gmt":"2025-06-28T14:27:17","slug":"bartha-imre","status":"publish","type":"product","link":"https:\/\/uj.adatbank.ro\/lexikon\/termek\/bartha-imre\/","title":{"rendered":"BARTHA Imre"},"content":{"rendered":"<p>Lukafalva, ? \u2020 ? : gazda. \u2013 Ilencfalv\u00e1n gazd\u00e1lkodott. 400 n\u00e9met forintos alap\u00edtv\u00e1nyt tett a mv.-i Ref. Koll.-nak, olyan c\u00e9lb\u00f3l hogy abb\u00f3l fizess\u00e9k a s\u00e1toros \u00fcnnepeken a Luka \u00e9s Ilencfalv\u00e1n pr\u00e9dik\u00e1l\u00f3 t\u00f3g\u00e1s di\u00e1kokat (1815). <br \/><strong>Irod.:<\/strong> Benk\u0151 Samu<\/br><\/p>\n","protected":false},"excerpt":{"rendered":"<p>Lukafalva, ? \u2020 ? : gazda. \u2013 Ilencfalv\u00e1n gazd\u00e1lkodott. 400 n\u00e9met forintos alap\u00edtv\u00e1nyt tett a mv.-i Ref. Koll.-nak, olyan c\u00e9lb\u00f3l hogy abb\u00f3l fizess\u00e9k a s\u00e1toros \u00fcnnepeken a Luka \u00e9s Ilencfalv\u00e1n pr\u00e9dik\u00e1l\u00f3 t\u00f3g\u00e1s di\u00e1kokat (1815). Irod.: Benk\u0151 Samu<\/p>\n","protected":false},"featured_media":0,"comment_status":"open","ping_status":"closed","template":"","meta":[],"product_brand":[],"product_cat":[137],"product_tag":[],"class_list":{"0":"post-4113","1":"product","2":"type-product","3":"status-publish","5":"product_cat-maros-megyei-eletrajzi-lexikon","7":"first","8":"instock","9":"shipping-taxable","10":"product-type-simple"},"_links":{"self":[{"href":"https:\/\/uj.adatbank.ro\/lexikon\/wp-json\/wp\/v2\/product\/4113","targetHints":{"allow":["GET"]}}],"collection":[{"href":"https:\/\/uj.adatbank.ro\/lexikon\/wp-json\/wp\/v2\/product"}],"about":[{"href":"https:\/\/uj.adatbank.ro\/lexikon\/wp-json\/wp\/v2\/types\/product"}],"replies":[{"embeddable":true,"href":"https:\/\/uj.adatbank.ro\/lexikon\/wp-json\/wp\/v2\/comments?post=4113"}],"wp:attachment":[{"href":"https:\/\/uj.adatbank.ro\/lexikon\/wp-json\/wp\/v2\/media?parent=4113"}],"wp:term":[{"taxonomy":"product_brand","embeddable":true,"href":"https:\/\/uj.adatbank.ro\/lexikon\/wp-json\/wp\/v2\/product_brand?post=4113"},{"taxonomy":"product_cat","embeddable":true,"href":"https:\/\/uj.adatbank.ro\/lexikon\/wp-json\/wp\/v2\/product_cat?post=4113"},{"taxonomy":"product_tag","embeddable":true,"href":"https:\/\/uj.adatbank.ro\/lexikon\/wp-json\/wp\/v2\/product_tag?post=4113"}],"curies":[{"name":"wp","href":"https:\/\/api.w.org\/{rel}","templated":true}]}}