{"id":4115,"date":"2025-06-28T16:27:24","date_gmt":"2025-06-28T14:27:24","guid":{"rendered":"https:\/\/uj.adatbank.ro\/lexikon\/termek\/bartha-istvan-2\/"},"modified":"2025-06-28T16:27:24","modified_gmt":"2025-06-28T14:27:24","slug":"bartha-istvan-2","status":"publish","type":"product","link":"https:\/\/uj.adatbank.ro\/lexikon\/termek\/bartha-istvan-2\/","title":{"rendered":"BARTHA Istv\u00e1n"},"content":{"rendered":"<p>Mv., ? \u2020\u00a0? : g\u00e9p\u00e9szm\u00e9rn\u00f6k, tan\u00e1r, \u00f6kol\u00f3gus. \u2013 G\u00f6rg\u00e9ny\u00fcvegcs\u0171rben kezdett magyar iskol\u00e1ban tanulni, majd S\u00e1romberk\u00e9n, G\u00f6rg\u00e9nyszentimr\u00e9n, a sz\u00e1szr\u00e9geni Petru Maior, Mv.-en a Papiu Ilarian Gimn.-ban rom\u00e1nul, v\u00e9g\u00fcl Mv.-en a Ref. koll.-ban magyarul (1938\u2013) v\u00e9gzett. Katona Sz\u00e1szr\u00e9genben (1943. okt. 4. \u2013), orosz hadifogs\u00e1gba ker\u00fclt (1944. okt. 21. \u2013), Debrecenbe \u00e9rkezett (1947. j\u00fal.). A bp.-i M\u0171egyetemen v\u00e9gzett (1951). Emigr\u00e1lt a Budai Haj\u00f3gy\u00e1rb\u00f3l B\u00e9cs, Salzburg \u00e9s Malm\u00f6 ut\u00e1n m\u00e9rn\u00f6ki diplom\u00e1val \u00e9rkezett Sv\u00e9dorsz\u00e1gba (1957. \u00e1pr. 17). Kockumsban a nagy haj\u00f3gy\u00e1rban szerkeszt\u0151 m\u00e9rn\u00f6k (1957. m\u00e1j. 4.). Kutat\u00e1si munk\u00e1j\u00e1nak eredm\u00e9nye doktori \u00e9rtekez\u00e9se: Rozsda\u00e1ll\u00f3 szerkezetek tervez\u00e9se, c. tanulm\u00e1ny\u00e1t sv\u00e9d nyelven \u00edrta, amit a bp.-i M\u0171egyetemen v\u00e9dett meg (1951). A korr\u00f3zi\u00f3 nemzetk\u00f6zileg elismert szaktekint\u00e9lye. \u00d6kol\u00f3giai elm\u00e9let\u00e9t \u00e9s kutat\u00e1si eredm\u00e9nyeit ismertette tanulm\u00e1nyokban, egyetemi kurzusokon, tanfolyamotokon az AE\u00c1-ban, Nyugat-Eur\u00f3p\u00e1ban. Mv.-en is tartott \u00f6kol\u00f3giai t\u00e9m\u00e1j\u00fa el\u0151ad\u00e1st a KZST \u00f6sszej\u00f6vetel\u00e9n (1993). <br \/><strong>Irod.:<\/strong> Az \u00f6kol\u00f3gia No\u00e9 \u2013b\u00e1rk\u00e1j\u00e1ban = \u00c9szaki magyarok<\/br><\/p>\n","protected":false},"excerpt":{"rendered":"<p>Mv., ? \u2020\u00a0? : g\u00e9p\u00e9szm\u00e9rn\u00f6k, tan\u00e1r, \u00f6kol\u00f3gus. \u2013 G\u00f6rg\u00e9ny\u00fcvegcs\u0171rben kezdett magyar iskol\u00e1ban tanulni, majd S\u00e1romberk\u00e9n, G\u00f6rg\u00e9nyszentimr\u00e9n, a sz\u00e1szr\u00e9geni Petru Maior, Mv.-en a Papiu Ilarian Gimn.-ban rom\u00e1nul, v\u00e9g\u00fcl Mv.-en a Ref. koll.-ban magyarul (1938\u2013) v\u00e9gzett. Katona Sz\u00e1szr\u00e9genben (1943. okt. 4. \u2013), orosz hadifogs\u00e1gba ker\u00fclt (1944. okt. 21. \u2013), Debrecenbe \u00e9rkezett (1947. j\u00fal.). A bp.-i M\u0171egyetemen v\u00e9gzett [&hellip;]<\/p>\n","protected":false},"featured_media":0,"comment_status":"open","ping_status":"closed","template":"","meta":[],"product_brand":[],"product_cat":[137],"product_tag":[],"class_list":{"0":"post-4115","1":"product","2":"type-product","3":"status-publish","5":"product_cat-maros-megyei-eletrajzi-lexikon","7":"first","8":"instock","9":"shipping-taxable","10":"product-type-simple"},"_links":{"self":[{"href":"https:\/\/uj.adatbank.ro\/lexikon\/wp-json\/wp\/v2\/product\/4115","targetHints":{"allow":["GET"]}}],"collection":[{"href":"https:\/\/uj.adatbank.ro\/lexikon\/wp-json\/wp\/v2\/product"}],"about":[{"href":"https:\/\/uj.adatbank.ro\/lexikon\/wp-json\/wp\/v2\/types\/product"}],"replies":[{"embeddable":true,"href":"https:\/\/uj.adatbank.ro\/lexikon\/wp-json\/wp\/v2\/comments?post=4115"}],"wp:attachment":[{"href":"https:\/\/uj.adatbank.ro\/lexikon\/wp-json\/wp\/v2\/media?parent=4115"}],"wp:term":[{"taxonomy":"product_brand","embeddable":true,"href":"https:\/\/uj.adatbank.ro\/lexikon\/wp-json\/wp\/v2\/product_brand?post=4115"},{"taxonomy":"product_cat","embeddable":true,"href":"https:\/\/uj.adatbank.ro\/lexikon\/wp-json\/wp\/v2\/product_cat?post=4115"},{"taxonomy":"product_tag","embeddable":true,"href":"https:\/\/uj.adatbank.ro\/lexikon\/wp-json\/wp\/v2\/product_tag?post=4115"}],"curies":[{"name":"wp","href":"https:\/\/api.w.org\/{rel}","templated":true}]}}