{"id":4117,"date":"2025-06-28T16:27:30","date_gmt":"2025-06-28T14:27:30","guid":{"rendered":"https:\/\/uj.adatbank.ro\/lexikon\/termek\/bartha-istvan-kisgorgenyi\/"},"modified":"2025-06-28T16:27:30","modified_gmt":"2025-06-28T14:27:30","slug":"bartha-istvan-kisgorgenyi","status":"publish","type":"product","link":"https:\/\/uj.adatbank.ro\/lexikon\/termek\/bartha-istvan-kisgorgenyi\/","title":{"rendered":"BARTHA Istv\u00e1n, kisg\u00f6rg\u00e9nyi"},"content":{"rendered":"<p>? \u2020 ? : nemes. \u2013 Fiai: Zsigmond, Istv\u00e1n \u00e9s S\u00e1muel. \u2013 Apaffy Mih\u00e1lyt\u00f3l kaptak c. n. l. (1672. j\u00fal. 1). <br \/><strong>Irod.:<\/strong> Kempelen, MCK<\/br><\/p>\n","protected":false},"excerpt":{"rendered":"<p>? \u2020 ? : nemes. \u2013 Fiai: Zsigmond, Istv\u00e1n \u00e9s S\u00e1muel. \u2013 Apaffy Mih\u00e1lyt\u00f3l kaptak c. n. l. (1672. j\u00fal. 1). Irod.: Kempelen, MCK<\/p>\n","protected":false},"featured_media":0,"comment_status":"open","ping_status":"closed","template":"","meta":[],"product_brand":[],"product_cat":[137],"product_tag":[],"class_list":{"0":"post-4117","1":"product","2":"type-product","3":"status-publish","5":"product_cat-maros-megyei-eletrajzi-lexikon","7":"first","8":"instock","9":"shipping-taxable","10":"product-type-simple"},"_links":{"self":[{"href":"https:\/\/uj.adatbank.ro\/lexikon\/wp-json\/wp\/v2\/product\/4117","targetHints":{"allow":["GET"]}}],"collection":[{"href":"https:\/\/uj.adatbank.ro\/lexikon\/wp-json\/wp\/v2\/product"}],"about":[{"href":"https:\/\/uj.adatbank.ro\/lexikon\/wp-json\/wp\/v2\/types\/product"}],"replies":[{"embeddable":true,"href":"https:\/\/uj.adatbank.ro\/lexikon\/wp-json\/wp\/v2\/comments?post=4117"}],"wp:attachment":[{"href":"https:\/\/uj.adatbank.ro\/lexikon\/wp-json\/wp\/v2\/media?parent=4117"}],"wp:term":[{"taxonomy":"product_brand","embeddable":true,"href":"https:\/\/uj.adatbank.ro\/lexikon\/wp-json\/wp\/v2\/product_brand?post=4117"},{"taxonomy":"product_cat","embeddable":true,"href":"https:\/\/uj.adatbank.ro\/lexikon\/wp-json\/wp\/v2\/product_cat?post=4117"},{"taxonomy":"product_tag","embeddable":true,"href":"https:\/\/uj.adatbank.ro\/lexikon\/wp-json\/wp\/v2\/product_tag?post=4117"}],"curies":[{"name":"wp","href":"https:\/\/api.w.org\/{rel}","templated":true}]}}