{"id":4118,"date":"2025-06-28T16:27:32","date_gmt":"2025-06-28T14:27:32","guid":{"rendered":"https:\/\/uj.adatbank.ro\/lexikon\/termek\/bartha-istvan-lukafalvi\/"},"modified":"2025-06-28T16:27:32","modified_gmt":"2025-06-28T14:27:32","slug":"bartha-istvan-lukafalvi","status":"publish","type":"product","link":"https:\/\/uj.adatbank.ro\/lexikon\/termek\/bartha-istvan-lukafalvi\/","title":{"rendered":"BARTHA Istv\u00e1n, lukafalvi"},"content":{"rendered":"<p>? \u2020 ? : nemes. \u2013 Nemeslevelet nyert Bethlen G\u00e1bort\u00f3l (1614. m\u00e1j. 20.). <br \/><strong>Irod.:<\/strong> MCK; P\u00e1lmay<\/br><\/p>\n","protected":false},"excerpt":{"rendered":"<p>? \u2020 ? : nemes. \u2013 Nemeslevelet nyert Bethlen G\u00e1bort\u00f3l (1614. m\u00e1j. 20.). Irod.: MCK; P\u00e1lmay<\/p>\n","protected":false},"featured_media":0,"comment_status":"open","ping_status":"closed","template":"","meta":[],"product_brand":[],"product_cat":[137],"product_tag":[],"class_list":{"0":"post-4118","1":"product","2":"type-product","3":"status-publish","5":"product_cat-maros-megyei-eletrajzi-lexikon","7":"first","8":"instock","9":"shipping-taxable","10":"product-type-simple"},"_links":{"self":[{"href":"https:\/\/uj.adatbank.ro\/lexikon\/wp-json\/wp\/v2\/product\/4118","targetHints":{"allow":["GET"]}}],"collection":[{"href":"https:\/\/uj.adatbank.ro\/lexikon\/wp-json\/wp\/v2\/product"}],"about":[{"href":"https:\/\/uj.adatbank.ro\/lexikon\/wp-json\/wp\/v2\/types\/product"}],"replies":[{"embeddable":true,"href":"https:\/\/uj.adatbank.ro\/lexikon\/wp-json\/wp\/v2\/comments?post=4118"}],"wp:attachment":[{"href":"https:\/\/uj.adatbank.ro\/lexikon\/wp-json\/wp\/v2\/media?parent=4118"}],"wp:term":[{"taxonomy":"product_brand","embeddable":true,"href":"https:\/\/uj.adatbank.ro\/lexikon\/wp-json\/wp\/v2\/product_brand?post=4118"},{"taxonomy":"product_cat","embeddable":true,"href":"https:\/\/uj.adatbank.ro\/lexikon\/wp-json\/wp\/v2\/product_cat?post=4118"},{"taxonomy":"product_tag","embeddable":true,"href":"https:\/\/uj.adatbank.ro\/lexikon\/wp-json\/wp\/v2\/product_tag?post=4118"}],"curies":[{"name":"wp","href":"https:\/\/api.w.org\/{rel}","templated":true}]}}