{"id":4128,"date":"2025-06-28T16:28:03","date_gmt":"2025-06-28T14:28:03","guid":{"rendered":"https:\/\/uj.adatbank.ro\/lexikon\/termek\/bartha-laszlo-3\/"},"modified":"2025-06-28T16:28:03","modified_gmt":"2025-06-28T14:28:03","slug":"bartha-laszlo-3","status":"publish","type":"product","link":"https:\/\/uj.adatbank.ro\/lexikon\/termek\/bartha-laszlo-3\/","title":{"rendered":"BARTHA L\u00e1szl\u00f3"},"content":{"rendered":"<p>? \u2020 ? : vad\u00e1sz. \u2013 Mv.-en a vad\u00e1szt\u00e1rsas\u00e1g akt\u00edv tagja (1940). <br \/><strong>Irod.:<\/strong> Societatea de V\u00e2n\u0103toare \u201eApostolii\u201d Tg. Mure\u015f (Tg. M., 1941)<\/br><\/p>\n","protected":false},"excerpt":{"rendered":"<p>? \u2020 ? : vad\u00e1sz. \u2013 Mv.-en a vad\u00e1szt\u00e1rsas\u00e1g akt\u00edv tagja (1940). Irod.: Societatea de V\u00e2n\u0103toare \u201eApostolii\u201d Tg. Mure\u015f (Tg. M., 1941)<\/p>\n","protected":false},"featured_media":0,"comment_status":"open","ping_status":"closed","template":"","meta":[],"product_brand":[],"product_cat":[137],"product_tag":[],"class_list":{"0":"post-4128","1":"product","2":"type-product","3":"status-publish","5":"product_cat-maros-megyei-eletrajzi-lexikon","7":"first","8":"instock","9":"shipping-taxable","10":"product-type-simple"},"_links":{"self":[{"href":"https:\/\/uj.adatbank.ro\/lexikon\/wp-json\/wp\/v2\/product\/4128","targetHints":{"allow":["GET"]}}],"collection":[{"href":"https:\/\/uj.adatbank.ro\/lexikon\/wp-json\/wp\/v2\/product"}],"about":[{"href":"https:\/\/uj.adatbank.ro\/lexikon\/wp-json\/wp\/v2\/types\/product"}],"replies":[{"embeddable":true,"href":"https:\/\/uj.adatbank.ro\/lexikon\/wp-json\/wp\/v2\/comments?post=4128"}],"wp:attachment":[{"href":"https:\/\/uj.adatbank.ro\/lexikon\/wp-json\/wp\/v2\/media?parent=4128"}],"wp:term":[{"taxonomy":"product_brand","embeddable":true,"href":"https:\/\/uj.adatbank.ro\/lexikon\/wp-json\/wp\/v2\/product_brand?post=4128"},{"taxonomy":"product_cat","embeddable":true,"href":"https:\/\/uj.adatbank.ro\/lexikon\/wp-json\/wp\/v2\/product_cat?post=4128"},{"taxonomy":"product_tag","embeddable":true,"href":"https:\/\/uj.adatbank.ro\/lexikon\/wp-json\/wp\/v2\/product_tag?post=4128"}],"curies":[{"name":"wp","href":"https:\/\/api.w.org\/{rel}","templated":true}]}}