{"id":4129,"date":"2025-06-28T16:28:06","date_gmt":"2025-06-28T14:28:06","guid":{"rendered":"https:\/\/uj.adatbank.ro\/lexikon\/termek\/bartha-lorand\/"},"modified":"2025-06-28T16:28:06","modified_gmt":"2025-06-28T14:28:06","slug":"bartha-lorand","status":"publish","type":"product","link":"https:\/\/uj.adatbank.ro\/lexikon\/termek\/bartha-lorand\/","title":{"rendered":"BARTHA L\u00f3r\u00e1nd"},"content":{"rendered":"<p>1926. \u2020 Mv., 2005 : orvos. \u2013 A MOGYI v\u00e9gzettje (1952) \u00e9s Mv.-en k\u00f6rzeti \u00e9s f\u0151orvos, \u00fczemorvos \u00e9s nyugszik a ref. temet\u00faben. <br \/><strong>Irod.:<\/strong> Kiss\u2013P\u00e9terffy\u2013P\u00e9terffy<\/br><\/p>\n","protected":false},"excerpt":{"rendered":"<p>1926. \u2020 Mv., 2005 : orvos. \u2013 A MOGYI v\u00e9gzettje (1952) \u00e9s Mv.-en k\u00f6rzeti \u00e9s f\u0151orvos, \u00fczemorvos \u00e9s nyugszik a ref. temet\u00faben. Irod.: Kiss\u2013P\u00e9terffy\u2013P\u00e9terffy<\/p>\n","protected":false},"featured_media":0,"comment_status":"open","ping_status":"closed","template":"","meta":[],"product_brand":[],"product_cat":[137],"product_tag":[],"class_list":{"0":"post-4129","1":"product","2":"type-product","3":"status-publish","5":"product_cat-maros-megyei-eletrajzi-lexikon","7":"first","8":"instock","9":"shipping-taxable","10":"product-type-simple"},"_links":{"self":[{"href":"https:\/\/uj.adatbank.ro\/lexikon\/wp-json\/wp\/v2\/product\/4129","targetHints":{"allow":["GET"]}}],"collection":[{"href":"https:\/\/uj.adatbank.ro\/lexikon\/wp-json\/wp\/v2\/product"}],"about":[{"href":"https:\/\/uj.adatbank.ro\/lexikon\/wp-json\/wp\/v2\/types\/product"}],"replies":[{"embeddable":true,"href":"https:\/\/uj.adatbank.ro\/lexikon\/wp-json\/wp\/v2\/comments?post=4129"}],"wp:attachment":[{"href":"https:\/\/uj.adatbank.ro\/lexikon\/wp-json\/wp\/v2\/media?parent=4129"}],"wp:term":[{"taxonomy":"product_brand","embeddable":true,"href":"https:\/\/uj.adatbank.ro\/lexikon\/wp-json\/wp\/v2\/product_brand?post=4129"},{"taxonomy":"product_cat","embeddable":true,"href":"https:\/\/uj.adatbank.ro\/lexikon\/wp-json\/wp\/v2\/product_cat?post=4129"},{"taxonomy":"product_tag","embeddable":true,"href":"https:\/\/uj.adatbank.ro\/lexikon\/wp-json\/wp\/v2\/product_tag?post=4129"}],"curies":[{"name":"wp","href":"https:\/\/api.w.org\/{rel}","templated":true}]}}