{"id":4133,"date":"2025-06-28T16:28:17","date_gmt":"2025-06-28T14:28:17","guid":{"rendered":"https:\/\/uj.adatbank.ro\/lexikon\/termek\/bartha-mihaly-szarhegyi-alias-szasz\/"},"modified":"2025-06-28T16:28:17","modified_gmt":"2025-06-28T14:28:17","slug":"bartha-mihaly-szarhegyi-alias-szasz","status":"publish","type":"product","link":"https:\/\/uj.adatbank.ro\/lexikon\/termek\/bartha-mihaly-szarhegyi-alias-szasz\/","title":{"rendered":"BARTHA Mih\u00e1ly, sz\u00e1rhegyi, alias Sz\u00e1sz"},"content":{"rendered":"<p>? \u2020\u00a0? : veresdarabont. \u2013 K\u00f6szv\u00e9nyesremet\u00e9n \u00e9lt (1670). <br \/><strong>Irod.:<\/strong> SzOkl, 6.<\/br><\/p>\n","protected":false},"excerpt":{"rendered":"<p>? \u2020\u00a0? : veresdarabont. \u2013 K\u00f6szv\u00e9nyesremet\u00e9n \u00e9lt (1670). Irod.: SzOkl, 6.<\/p>\n","protected":false},"featured_media":0,"comment_status":"open","ping_status":"closed","template":"","meta":[],"product_brand":[],"product_cat":[137],"product_tag":[],"class_list":{"0":"post-4133","1":"product","2":"type-product","3":"status-publish","5":"product_cat-maros-megyei-eletrajzi-lexikon","7":"first","8":"instock","9":"shipping-taxable","10":"product-type-simple"},"_links":{"self":[{"href":"https:\/\/uj.adatbank.ro\/lexikon\/wp-json\/wp\/v2\/product\/4133","targetHints":{"allow":["GET"]}}],"collection":[{"href":"https:\/\/uj.adatbank.ro\/lexikon\/wp-json\/wp\/v2\/product"}],"about":[{"href":"https:\/\/uj.adatbank.ro\/lexikon\/wp-json\/wp\/v2\/types\/product"}],"replies":[{"embeddable":true,"href":"https:\/\/uj.adatbank.ro\/lexikon\/wp-json\/wp\/v2\/comments?post=4133"}],"wp:attachment":[{"href":"https:\/\/uj.adatbank.ro\/lexikon\/wp-json\/wp\/v2\/media?parent=4133"}],"wp:term":[{"taxonomy":"product_brand","embeddable":true,"href":"https:\/\/uj.adatbank.ro\/lexikon\/wp-json\/wp\/v2\/product_brand?post=4133"},{"taxonomy":"product_cat","embeddable":true,"href":"https:\/\/uj.adatbank.ro\/lexikon\/wp-json\/wp\/v2\/product_cat?post=4133"},{"taxonomy":"product_tag","embeddable":true,"href":"https:\/\/uj.adatbank.ro\/lexikon\/wp-json\/wp\/v2\/product_tag?post=4133"}],"curies":[{"name":"wp","href":"https:\/\/api.w.org\/{rel}","templated":true}]}}