{"id":4134,"date":"2025-06-28T16:28:19","date_gmt":"2025-06-28T14:28:19","guid":{"rendered":"https:\/\/uj.adatbank.ro\/lexikon\/termek\/bartha-miklos\/"},"modified":"2025-06-28T16:28:19","modified_gmt":"2025-06-28T14:28:19","slug":"bartha-miklos","status":"publish","type":"product","link":"https:\/\/uj.adatbank.ro\/lexikon\/termek\/bartha-miklos\/","title":{"rendered":"BARTHA Mikl\u00f3s"},"content":{"rendered":"<p>? \u2020 ? : ref. lelk\u00e9sz. \u2013 Sz\u00e9kesen volt ref. lelk\u00e9sz. \u2013 <strong>Cikkei:<\/strong> Erd\u00e9lyi Protest\u00e1ns Lap-ban, Debreceni Protest\u00e1ns Lapban. Mv.-en utca viselte a nev\u00e9t (1934). <br \/><strong>Irod.:<\/strong> Guly\u00e1s; Vigh<\/br><\/p>\n","protected":false},"excerpt":{"rendered":"<p>? \u2020 ? : ref. lelk\u00e9sz. \u2013 Sz\u00e9kesen volt ref. lelk\u00e9sz. \u2013 Cikkei: Erd\u00e9lyi Protest\u00e1ns Lap-ban, Debreceni Protest\u00e1ns Lapban. Mv.-en utca viselte a nev\u00e9t (1934). Irod.: Guly\u00e1s; Vigh<\/p>\n","protected":false},"featured_media":0,"comment_status":"open","ping_status":"closed","template":"","meta":[],"product_brand":[],"product_cat":[137],"product_tag":[],"class_list":{"0":"post-4134","1":"product","2":"type-product","3":"status-publish","5":"product_cat-maros-megyei-eletrajzi-lexikon","7":"first","8":"instock","9":"shipping-taxable","10":"product-type-simple"},"_links":{"self":[{"href":"https:\/\/uj.adatbank.ro\/lexikon\/wp-json\/wp\/v2\/product\/4134","targetHints":{"allow":["GET"]}}],"collection":[{"href":"https:\/\/uj.adatbank.ro\/lexikon\/wp-json\/wp\/v2\/product"}],"about":[{"href":"https:\/\/uj.adatbank.ro\/lexikon\/wp-json\/wp\/v2\/types\/product"}],"replies":[{"embeddable":true,"href":"https:\/\/uj.adatbank.ro\/lexikon\/wp-json\/wp\/v2\/comments?post=4134"}],"wp:attachment":[{"href":"https:\/\/uj.adatbank.ro\/lexikon\/wp-json\/wp\/v2\/media?parent=4134"}],"wp:term":[{"taxonomy":"product_brand","embeddable":true,"href":"https:\/\/uj.adatbank.ro\/lexikon\/wp-json\/wp\/v2\/product_brand?post=4134"},{"taxonomy":"product_cat","embeddable":true,"href":"https:\/\/uj.adatbank.ro\/lexikon\/wp-json\/wp\/v2\/product_cat?post=4134"},{"taxonomy":"product_tag","embeddable":true,"href":"https:\/\/uj.adatbank.ro\/lexikon\/wp-json\/wp\/v2\/product_tag?post=4134"}],"curies":[{"name":"wp","href":"https:\/\/api.w.org\/{rel}","templated":true}]}}