{"id":4138,"date":"2025-06-28T16:28:32","date_gmt":"2025-06-28T14:28:32","guid":{"rendered":"https:\/\/uj.adatbank.ro\/lexikon\/termek\/bartha-sandor-2\/"},"modified":"2025-06-28T16:28:32","modified_gmt":"2025-06-28T14:28:32","slug":"bartha-sandor-2","status":"publish","type":"product","link":"https:\/\/uj.adatbank.ro\/lexikon\/termek\/bartha-sandor-2\/","title":{"rendered":"BARTHA S\u00e1ndor"},"content":{"rendered":"<p>Segesv\u00e1r, ? \u2020 ? : erd\u0151m\u00e9rn\u00f6k \u2013 Segesv\u00e1ron volt (1918-ban). Cikke az Erd\u00e9szeti Lapok-ban (1914): N\u00e9h\u00e1ny sz\u00f3 a t\u0151\u00e1r helyes kisz\u00e1m\u00edt\u00e1s\u00e1r\u00f3l. \u2013 <strong>F. m.:<\/strong> Erasmus Ny\u00e1r\u00e1di Gyula (??). <br \/><strong>Irod.:<\/strong> Dubovitz; Guly\u00e1s<\/br><\/p>\n","protected":false},"excerpt":{"rendered":"<p>Segesv\u00e1r, ? \u2020 ? : erd\u0151m\u00e9rn\u00f6k \u2013 Segesv\u00e1ron volt (1918-ban). Cikke az Erd\u00e9szeti Lapok-ban (1914): N\u00e9h\u00e1ny sz\u00f3 a t\u0151\u00e1r helyes kisz\u00e1m\u00edt\u00e1s\u00e1r\u00f3l. \u2013 F. m.: Erasmus Ny\u00e1r\u00e1di Gyula (??). Irod.: Dubovitz; Guly\u00e1s<\/p>\n","protected":false},"featured_media":0,"comment_status":"open","ping_status":"closed","template":"","meta":[],"product_brand":[],"product_cat":[137],"product_tag":[],"class_list":{"0":"post-4138","1":"product","2":"type-product","3":"status-publish","5":"product_cat-maros-megyei-eletrajzi-lexikon","7":"first","8":"instock","9":"shipping-taxable","10":"product-type-simple"},"_links":{"self":[{"href":"https:\/\/uj.adatbank.ro\/lexikon\/wp-json\/wp\/v2\/product\/4138","targetHints":{"allow":["GET"]}}],"collection":[{"href":"https:\/\/uj.adatbank.ro\/lexikon\/wp-json\/wp\/v2\/product"}],"about":[{"href":"https:\/\/uj.adatbank.ro\/lexikon\/wp-json\/wp\/v2\/types\/product"}],"replies":[{"embeddable":true,"href":"https:\/\/uj.adatbank.ro\/lexikon\/wp-json\/wp\/v2\/comments?post=4138"}],"wp:attachment":[{"href":"https:\/\/uj.adatbank.ro\/lexikon\/wp-json\/wp\/v2\/media?parent=4138"}],"wp:term":[{"taxonomy":"product_brand","embeddable":true,"href":"https:\/\/uj.adatbank.ro\/lexikon\/wp-json\/wp\/v2\/product_brand?post=4138"},{"taxonomy":"product_cat","embeddable":true,"href":"https:\/\/uj.adatbank.ro\/lexikon\/wp-json\/wp\/v2\/product_cat?post=4138"},{"taxonomy":"product_tag","embeddable":true,"href":"https:\/\/uj.adatbank.ro\/lexikon\/wp-json\/wp\/v2\/product_tag?post=4138"}],"curies":[{"name":"wp","href":"https:\/\/api.w.org\/{rel}","templated":true}]}}