{"id":4141,"date":"2025-06-28T16:28:40","date_gmt":"2025-06-28T14:28:40","guid":{"rendered":"https:\/\/uj.adatbank.ro\/lexikon\/termek\/barthos-gabor\/"},"modified":"2025-06-28T16:28:40","modified_gmt":"2025-06-28T14:28:40","slug":"barthos-gabor","status":"publish","type":"product","link":"https:\/\/uj.adatbank.ro\/lexikon\/termek\/barthos-gabor\/","title":{"rendered":"BARTHOS G\u00e1bor"},"content":{"rendered":"<p>? \u2020\u00a0? : ref. lelk\u00e9sz. \u2013 Mez\u0151bergeny\u00e9ben volt lelk\u00e9sz (1897. j\u00fal. 18. \u2013 1931. m\u00e1j. 1). Bergeny\u00e9ben N\u0151sz\u00f6vets\u00e9get alap\u00edtott, vas\u00e1rnapi iskol\u00e1t vezetett, m\u0171soros el\u0151ad\u00e1sokat tan\u00edtott be \u00e9s a bev\u00e9teleket a mv.-i Ref. Koll. megseg\u00edt\u00e9s\u00e9re ford\u00edtotta. Dal\u00e1rd\u00e1t, n\u00e9pk\u00f6nyvt\u00e1rat l\u00e9tes\u00edtett \u00e9s vezetett. Az \u0151 paps\u00e1ga ideje alatt \u00e9p\u00fclt a papilak is (1909). <br \/><strong>Irod.:<\/strong> Mez\u0151bergenye<\/br><\/p>\n","protected":false},"excerpt":{"rendered":"<p>? \u2020\u00a0? : ref. lelk\u00e9sz. \u2013 Mez\u0151bergeny\u00e9ben volt lelk\u00e9sz (1897. j\u00fal. 18. \u2013 1931. m\u00e1j. 1). Bergeny\u00e9ben N\u0151sz\u00f6vets\u00e9get alap\u00edtott, vas\u00e1rnapi iskol\u00e1t vezetett, m\u0171soros el\u0151ad\u00e1sokat tan\u00edtott be \u00e9s a bev\u00e9teleket a mv.-i Ref. Koll. megseg\u00edt\u00e9s\u00e9re ford\u00edtotta. Dal\u00e1rd\u00e1t, n\u00e9pk\u00f6nyvt\u00e1rat l\u00e9tes\u00edtett \u00e9s vezetett. Az \u0151 paps\u00e1ga ideje alatt \u00e9p\u00fclt a papilak is (1909). Irod.: Mez\u0151bergenye<\/p>\n","protected":false},"featured_media":0,"comment_status":"open","ping_status":"closed","template":"","meta":[],"product_brand":[],"product_cat":[137],"product_tag":[],"class_list":{"0":"post-4141","1":"product","2":"type-product","3":"status-publish","5":"product_cat-maros-megyei-eletrajzi-lexikon","7":"first","8":"instock","9":"shipping-taxable","10":"product-type-simple"},"_links":{"self":[{"href":"https:\/\/uj.adatbank.ro\/lexikon\/wp-json\/wp\/v2\/product\/4141","targetHints":{"allow":["GET"]}}],"collection":[{"href":"https:\/\/uj.adatbank.ro\/lexikon\/wp-json\/wp\/v2\/product"}],"about":[{"href":"https:\/\/uj.adatbank.ro\/lexikon\/wp-json\/wp\/v2\/types\/product"}],"replies":[{"embeddable":true,"href":"https:\/\/uj.adatbank.ro\/lexikon\/wp-json\/wp\/v2\/comments?post=4141"}],"wp:attachment":[{"href":"https:\/\/uj.adatbank.ro\/lexikon\/wp-json\/wp\/v2\/media?parent=4141"}],"wp:term":[{"taxonomy":"product_brand","embeddable":true,"href":"https:\/\/uj.adatbank.ro\/lexikon\/wp-json\/wp\/v2\/product_brand?post=4141"},{"taxonomy":"product_cat","embeddable":true,"href":"https:\/\/uj.adatbank.ro\/lexikon\/wp-json\/wp\/v2\/product_cat?post=4141"},{"taxonomy":"product_tag","embeddable":true,"href":"https:\/\/uj.adatbank.ro\/lexikon\/wp-json\/wp\/v2\/product_tag?post=4141"}],"curies":[{"name":"wp","href":"https:\/\/api.w.org\/{rel}","templated":true}]}}