{"id":4144,"date":"2025-06-28T16:28:49","date_gmt":"2025-06-28T14:28:49","guid":{"rendered":"https:\/\/uj.adatbank.ro\/lexikon\/termek\/barthus-jozsef-bartos-jozsef\/"},"modified":"2025-06-28T16:28:49","modified_gmt":"2025-06-28T14:28:49","slug":"barthus-jozsef-bartos-jozsef","status":"publish","type":"product","link":"https:\/\/uj.adatbank.ro\/lexikon\/termek\/barthus-jozsef-bartos-jozsef\/","title":{"rendered":"BARTHUS J\u00f3zsef, Bartos J\u00f3zsef"},"content":{"rendered":"<p>? \u2020 ? : \u00edr\u00f3, szerk. \u2013 \u00c9l\u00e9nk toll\u00fa j\u00f3 humor\u00fa \u00edr\u00f3 volt. Felel\u0151s szerk.-je Az Ellen\u0151r c. mv.-i f\u00fcggetlen politikai lapnak (1922. okt. \u201325. jan.) \u00e9s Sz\u00e1sz B\u00e9la m\u0171v\u00e9szeti \u00e9s t\u00e1rsadalmi hetilapj\u00e1nak is szer.-je (1922\u20132). <br \/><strong>Irod.:<\/strong> \u00d6kr\u00f6s; Popt\u0103ma\u015f\u2013M\u00f3zes<\/br><\/p>\n","protected":false},"excerpt":{"rendered":"<p>? \u2020 ? : \u00edr\u00f3, szerk. \u2013 \u00c9l\u00e9nk toll\u00fa j\u00f3 humor\u00fa \u00edr\u00f3 volt. Felel\u0151s szerk.-je Az Ellen\u0151r c. mv.-i f\u00fcggetlen politikai lapnak (1922. okt. \u201325. jan.) \u00e9s Sz\u00e1sz B\u00e9la m\u0171v\u00e9szeti \u00e9s t\u00e1rsadalmi hetilapj\u00e1nak is szer.-je (1922\u20132). Irod.: \u00d6kr\u00f6s; Popt\u0103ma\u015f\u2013M\u00f3zes<\/p>\n","protected":false},"featured_media":0,"comment_status":"open","ping_status":"closed","template":"","meta":[],"product_brand":[],"product_cat":[137],"product_tag":[],"class_list":{"0":"post-4144","1":"product","2":"type-product","3":"status-publish","5":"product_cat-maros-megyei-eletrajzi-lexikon","7":"first","8":"instock","9":"shipping-taxable","10":"product-type-simple"},"_links":{"self":[{"href":"https:\/\/uj.adatbank.ro\/lexikon\/wp-json\/wp\/v2\/product\/4144","targetHints":{"allow":["GET"]}}],"collection":[{"href":"https:\/\/uj.adatbank.ro\/lexikon\/wp-json\/wp\/v2\/product"}],"about":[{"href":"https:\/\/uj.adatbank.ro\/lexikon\/wp-json\/wp\/v2\/types\/product"}],"replies":[{"embeddable":true,"href":"https:\/\/uj.adatbank.ro\/lexikon\/wp-json\/wp\/v2\/comments?post=4144"}],"wp:attachment":[{"href":"https:\/\/uj.adatbank.ro\/lexikon\/wp-json\/wp\/v2\/media?parent=4144"}],"wp:term":[{"taxonomy":"product_brand","embeddable":true,"href":"https:\/\/uj.adatbank.ro\/lexikon\/wp-json\/wp\/v2\/product_brand?post=4144"},{"taxonomy":"product_cat","embeddable":true,"href":"https:\/\/uj.adatbank.ro\/lexikon\/wp-json\/wp\/v2\/product_cat?post=4144"},{"taxonomy":"product_tag","embeddable":true,"href":"https:\/\/uj.adatbank.ro\/lexikon\/wp-json\/wp\/v2\/product_tag?post=4144"}],"curies":[{"name":"wp","href":"https:\/\/api.w.org\/{rel}","templated":true}]}}