{"id":4148,"date":"2025-06-28T16:29:00","date_gmt":"2025-06-28T14:29:00","guid":{"rendered":"https:\/\/uj.adatbank.ro\/lexikon\/termek\/bartis-ferenc-alnevei-bartis-karda-karda-ferenc\/"},"modified":"2025-06-28T16:29:00","modified_gmt":"2025-06-28T14:29:00","slug":"bartis-ferenc-alnevei-bartis-karda-karda-ferenc","status":"publish","type":"product","link":"https:\/\/uj.adatbank.ro\/lexikon\/termek\/bartis-ferenc-alnevei-bartis-karda-karda-ferenc\/","title":{"rendered":"BARTIS Ferenc; \u00e1lnevei: Bartis Karda, Karda Ferenc"},"content":{"rendered":"<p>Gyergy\u00f3sz\u00e1rhegy, 1936. j\u00fal. 4., \u2020 Bp., 2006. j\u00fan. 9. S\u00e1rhegyen temett\u00e9k el: \u00edr\u00f3, k\u00f6lt\u0151, szerkeszt\u0151. \u2013 B. Ferenc \u00e9s Karda Erzs\u00e9bet fia. Feles\u00e9ge: Gherasim Emil \u00edr\u00f3 le\u00e1nya. Fia: B. Attila (1968), \u00edr\u00f3. \u2013 K\u00f6z\u00e9piskol\u00e1it Gyergy\u00f3szentmikl\u00f3son, Mv.-en v\u00e9gezte a Iosif Ranghe\u021b \/ mai Bolyai Farkas k\u00f6z\u00e9piskol\u00e1ban. Az 1848-as m. forradalom kit\u00f6r\u00e9s\u00e9nek \u00e9vfordul\u00f3j\u00e1t meg\u00fcnnepelte, enged\u00e9ly n\u00e9lk\u00fcl szevezett Pet\u0151fi-rendezv\u00e9nyt az iskola irodalmi k\u00f6r\u00e9n, amelyen saj\u00e1t vers\u00e9t is szavalta, dalok hangzottak el, kok\u00e1rd\u00e1t t\u0171ztek. Az \u00e1llambiztons\u00e1gi hivatalal bejelent\u00e9st kapott az iskol\u00e1b\u00f3l, letart\u00f3ztatt\u00e1k (1954. j\u00fan. 27.), megvert\u00e9k \u00e9s pszichi\u00e1triai k\u00e9nyszerkezel\u00e9snek vetett\u00e9k al\u00e1 (1954. j\u00fal. 8.). Kv.-on a BTE-n volt m.-t\u00f6rt\u00e9nelem szakos egyetemi hallgat\u00f3 (1956-ig). M\u00e1sodszor is letartoztatt\u00e1k (1957. m\u00e1rc. 11.), mert r\u00e9szt vett a m. forradalom halottai\u00e9rt a kv.-i Hazsong\u00e1rdi temet\u0151ben, az ismeretlen katona \u00e9s Rem\u00e9nyik S\u00e1ndor s\u00edrj\u00e1n\u00e1l, tartott megeml\u00e9kez\u00e9sen (1956. nov. 1.). Ekkor szavalta el Rem\u00e9nyik S\u00e1ndor Ahogy lehet \u00e9s saj\u00e1t vers\u00e9t: Ut\u00f3sz\u00f3 (\u00c9s m\u00e9gis \u00e9l\u00fcnk). Letart\u00f3ztatt\u00e1k nyilv\u00e1nos izgat\u00e1s miatt (1957. szept. 25.), a kv.-i Katonai T\u00f6rv\u00e9nysz\u00e9k 7 \u00e9v b\u00f6rt\u00f6nre \u00edt\u00e9lte. B\u00f6rt\u00f6n\u00e9veit Szamos\u00fajv\u00e1ron, Jilav\u00e1n, majd \u00fajra Szamos\u00fajv\u00e1ron t\u00f6lt\u00f6tte (1957. szept. 25. \u2013 1962. okt. 4. szabadult). \u00d6sszesen \u00f6tsz\u00f6r tart\u00f3ztatt\u00e1k le \u00e9s 10 \u00e9vet t\u00f6lt\u00f6tt b\u00f6rt\u00f6nben. Mv.-en a Pedag\u00f3giai F\u0151iskol\u00e1n tan\u00e1ri k\u00e9pes\u00edt\u00e9st nyert m.-rom\u00e1n szakon (1968). K\u00f6zben fizikai munk\u00e1sk\u00e9nt dolgozott \u00e9p\u00edt\u0151telepeken, gy\u00e1rakban \u00e9s a mez\u0151gazdas\u00e1gban. Versei, karcolatai, n\u00e9pm\u0171vel\u0151 \u00edr\u00e1sai \u00e9s ford\u00edt\u00e1sai jelentek meg (1953\u2013). Verseit megzen\u00e9s\u00edtett\u00e9k: Luk\u00e1csy Katalin, Ill\u00e9s Lajos, S\u00e1rossy Endre, Birtalan J\u00f3zsef, F\u00fcl\u00f6p Attila, a CD kompaktlemez- \u00e9s kazett\u00e1k el\u0151sz\u00f6r Amerik\u00e1ban ker\u00fcltek forgalomba. Szerk. volt a Falvak Dolgoz\u00f3 N\u00e9pe hetilapn\u00e1l, Sepsiszentgy\u00f6rgy\u00f6n a Hargita napilapn\u00e1l, majd a mv.-i \u00daj \u00c9let k\u00e9pes foly\u00f3irat riportere (1968\u201384), valamint a M\u0171vel\u0151d\u00e9s c. havilap munkat\u00e1rsa. Magyaro.-ra t\u00e1vozott (1984). Az \u00d6sszmagyar Test\u00fclet eln\u00f6ke (1989\u2013); az \u201956-os Magyarok Vil\u00e1gsz\u00f6vets\u00e9g\u00e9nek eln\u00f6ks\u00e9gi tagja \u00e9s f\u0151titk\u00e1ra, a clevelandi \u00c1rp\u00e1d Akad. tagja. <strong>Kit\u00fcntet\u00e9sei:<\/strong> a Belv\u00e1ros-Lip\u00f3tv\u00e1ros d\u00edszpolg\u00e1ra; 1956-os Eml\u00e9k\u00e9rem (1988); Charles Z\u00e1gonyi-eml\u00e9k\u00e9rem (Washington, USA, 1988); G\u00e1bor \u00c1ron-eml\u00e9k\u00e9rem (1988); A M. Nemzet\u00e9rt bronz fokozata (1988); Transsylvania Eml\u00e9k\u00e9rem (1988); Okt. 23. Eml\u00e9k\u00e9rem (1989); \u00c1rp\u00e1d Akad. a Arany\u00e9rme (USA, 1990); Haz\u00e1\u00e9rt \u00e9s a Szabads\u00e1g\u00e9rt \u00c9rem \u00e9s Okl. (1992); Bp. Belv\u00e1ros D\u00edszpolg\u00e1ra (1994); Bp. F\u0151v\u00e1ros Nagy C\u00edmeres Aranygy\u0171r\u0171je (1994); a Bp. Pro Urbe D\u00edj (1994), Gyergy\u00f3 D\u00edszpolg\u00e1ra (1994), az \u201956-os Forradalom H\u0151se \u00e9s a M. K\u00f6zt\u00e1rsas\u00e1gi \u00c9rdemrend Tisztikeresztje. \u2013 <strong>F. m.:<\/strong> Konok szeretet (versek; Buk., 1970); Fels\u00fclt pr\u00f3batev\u0151 (sz\u00ednpadi karikat\u00fara; Mv., 1972); \u00cencercare e\u015fuat\u0103 (caricatur\u0103 scenic\u0103; Tg. M., 1973); Kegyetlen sz\u00e9ps\u00e9g (versek; Kv., Cluj-N., 1975); K\u00e9t fi\u00fa meg egy forr\u00f3 ny\u00e1r, (fj. r., Buk., 1976); Ha \u00e9jf\u00e9lkor virrad (sz\u00edndarab; Buk., 1979); Hat sz\u00ednj\u00e1t\u00e9k (Buk., 1979; K\u00f6vek \u00e9s f\u0171sz\u00e1lak: (novell\u00e1k, kisreg\u00e9nyek; Buk., 1980); Ne olts\u00e1tok el a t\u00fczet, j\u00f3 emberek! R\u00e1csok k\u00f6z\u00f6tt Rom\u00e1ni\u00e1ban: Erd\u00e9lyben \u00e9jf\u00e9lkor virrad ([Bp. ], 1988); R\u00e1csok k\u00f6z\u00f6tt Rom\u00e1ni\u00e1ban (\u00f6n\u00e9letrajzi reg\u00e9ny; Bp., 1989); \u00c9letre h\u00edv\u00f3 halotti besz\u00e9d (versek; Bp., 1989); \u00datraval\u00f3 \u00e9rkez\u0151knek (versek; Bp., 1989); K\u0151lavina zuhog az \u00e9gb\u0151l (versek; Bp., 1993); Rov\u00e1sok az id\u0151 mestergerend\u00e1j\u00e1n (versek; Bp., 1993); Ne olts\u00e1tok el a t\u00fczet, j\u00f3 emberek! (novell\u00e1k; Ungv\u00e1r; Bp., 1993); Szel\u00edd s\u00e1rk\u00e1nyok (Ungv\u00e1r; Bp., 1993); Bart\u00f3k (Ungv\u00e1r; Bp., 1993); Kital\u00e1l\u00f3s k\u00e9rd\u00e9sek (Bp. 1993); Ne olts\u00e1tok el a t\u00fczet, j\u00f3 emberek! (1994); A k\u00e9nyszerhelyzet m\u0171v\u00e9szete \u00e9s a m\u0171v\u00e9szet k\u00e9nyszerhelyzete: sz\u00f6vegr\u00e9szletek (Ungv\u00e1r; Bp., 1994); Bet\u0171k nyomdokain: t\u00f6preng\u00e9sek (Ungv\u00e1r; Bp., 1994); Rov\u00e1sok az id\u0151 mestergerend\u00e1j\u00e1n; Hat sz\u00edndarab, Diderg\u0151 l\u00e1ngok, Bart\u00f3k; H\u00e1ny \u00f3ra van, magyarok? (Ungv\u00e1r; Bp., 1994); Jelenkor m\u00falt id\u0151ben: napl\u00f3 (Bp., 1994); K\u0151lavina zuhog az \u00e9gb\u0151l. (versek; [Bp. ], 1994); A t\u00fal\u00e9l\u0151 megdics\u0151\u00fcl\u00e9se (Bp., 1996); Foh\u00e1szok \u00e9s szitkok f\u00f6lt\u00e1mad\u00e1s el\u0151tt avagy a k\u00f6lt\u00e9szet megk\u00eds\u00e9rt\u00e9se (versek; Bp., 1996); Mikor kezd\u0151d\u00f6tt a holnap? (Bp., 1996); Ellopt\u00e1k a vil\u00e1g lelk\u00e9t avagy Pokolj\u00e1r\u00e1s a mennyorsz\u00e1gban (Bp., 1998); Akarjatok \u00e9lni szabadon (Bp., 1999); \u00d6r\u00f6kbe fogadtam a F\u00f6ldet: ir\u00e1nyt\u0171 pokolj\u00e1r\u00f3knak (Bp., 2001); Fekete t\u0171zij\u00e1t\u00e9k: visszat\u00e1voz\u00f3ban (Bp., 2003); \u00c9let\u00e1tvitel: szeretetf\u00fcgg\u0151s\u00e9gben (Bp., 2004); Arccal a falnak: k\u00ednvallat\u00f3k alvil\u00e1ga (Bp., 2005); Az \u00f6sszmagyar eszme: megmarad\u00e1sunk m\u00f3dszertana (Bp., 2005); \u00dczenet Baranyi Ferencnek \u00e9s P\u00e9ter L\u00e1szl\u00f3nak, de nemcsak nekik (Bp., 2005); \u00c9s m\u00e9gis \u00e9l\u00fcnk (v\u00e1logatott versek; Bp., 2007); <strong>antol\u00f3g.:<\/strong> Hat sz\u00ednj\u00e1t\u00e9k. (Buk., 1979); \u00daj aranyh\u00e1rfa: versek gy\u00fclekezeti \u00e9s kereszty\u00e9n csal\u00e1di alkalmakra (Bp., 1987); Sz\u00e9p magyar novella (Bp., 1990); Forr\u00e1s antol\u00f3gia, 1979\u20131989 (Kecskem\u00e9t, 1990); Ezernyolcsz\u00e1znegyvennyolc, te csillag: a forradalom \u00e9s a szabads\u00e1gharc olvas\u00f3k\u00f6nyve (Bp., 1997); Tavaszi antol\u00f3gia (B\u00e9k\u00e9scsaba, [2000]). <br \/><strong>Irod.:<\/strong> 1956 Erd\u00e9lyben; \u00c1ldozatok; Auton\u00f3m magyarok; Balint; Bottoni 2006; EMKK; Gazda J\u00f3zsef: Az emberk\u00ednz\u00e1s sz\u00ednterei Rom\u00e1ni\u00e1ban (Sz\u00e9kelyf\u00f6ld, 10. sz., 2006. okt.); Id\u0151t\u00e1r 4.; Kort\u00e1rs M\u00cdKL; MIIB; MMK; M\u00f3zes Attilla: Paradoxonok \u00fatveszt\u0151in (Utunk, 1976\/15); Polg\u00e1ri \u00c9let (2006. j\u00fan. 16\u201322); RMIL1; V\u00e9gs\u0151 b\u00facs\u00fa B. F. k\u00f6lt\u0151t\u0151l (Kr\u00f3nika, 2006. j\u00fan. 26.)<\/br><\/p>\n","protected":false},"excerpt":{"rendered":"<p>Gyergy\u00f3sz\u00e1rhegy, 1936. j\u00fal. 4., \u2020 Bp., 2006. j\u00fan. 9. S\u00e1rhegyen temett\u00e9k el: \u00edr\u00f3, k\u00f6lt\u0151, szerkeszt\u0151. \u2013 B. Ferenc \u00e9s Karda Erzs\u00e9bet fia. Feles\u00e9ge: Gherasim Emil \u00edr\u00f3 le\u00e1nya. Fia: B. Attila (1968), \u00edr\u00f3. \u2013 K\u00f6z\u00e9piskol\u00e1it Gyergy\u00f3szentmikl\u00f3son, Mv.-en v\u00e9gezte a Iosif Ranghe\u021b \/ mai Bolyai Farkas k\u00f6z\u00e9piskol\u00e1ban. Az 1848-as m. forradalom kit\u00f6r\u00e9s\u00e9nek \u00e9vfordul\u00f3j\u00e1t meg\u00fcnnepelte, enged\u00e9ly n\u00e9lk\u00fcl szevezett [&hellip;]<\/p>\n","protected":false},"featured_media":0,"comment_status":"open","ping_status":"closed","template":"","meta":[],"product_brand":[],"product_cat":[137],"product_tag":[],"class_list":{"0":"post-4148","1":"product","2":"type-product","3":"status-publish","5":"product_cat-maros-megyei-eletrajzi-lexikon","7":"first","8":"instock","9":"shipping-taxable","10":"product-type-simple"},"_links":{"self":[{"href":"https:\/\/uj.adatbank.ro\/lexikon\/wp-json\/wp\/v2\/product\/4148","targetHints":{"allow":["GET"]}}],"collection":[{"href":"https:\/\/uj.adatbank.ro\/lexikon\/wp-json\/wp\/v2\/product"}],"about":[{"href":"https:\/\/uj.adatbank.ro\/lexikon\/wp-json\/wp\/v2\/types\/product"}],"replies":[{"embeddable":true,"href":"https:\/\/uj.adatbank.ro\/lexikon\/wp-json\/wp\/v2\/comments?post=4148"}],"wp:attachment":[{"href":"https:\/\/uj.adatbank.ro\/lexikon\/wp-json\/wp\/v2\/media?parent=4148"}],"wp:term":[{"taxonomy":"product_brand","embeddable":true,"href":"https:\/\/uj.adatbank.ro\/lexikon\/wp-json\/wp\/v2\/product_brand?post=4148"},{"taxonomy":"product_cat","embeddable":true,"href":"https:\/\/uj.adatbank.ro\/lexikon\/wp-json\/wp\/v2\/product_cat?post=4148"},{"taxonomy":"product_tag","embeddable":true,"href":"https:\/\/uj.adatbank.ro\/lexikon\/wp-json\/wp\/v2\/product_tag?post=4148"}],"curies":[{"name":"wp","href":"https:\/\/api.w.org\/{rel}","templated":true}]}}