{"id":4153,"date":"2025-06-28T16:29:16","date_gmt":"2025-06-28T14:29:16","guid":{"rendered":"https:\/\/uj.adatbank.ro\/lexikon\/termek\/bartok-laszlo-malnasi\/"},"modified":"2025-06-28T16:29:16","modified_gmt":"2025-06-28T14:29:16","slug":"bartok-laszlo-malnasi","status":"publish","type":"product","link":"https:\/\/uj.adatbank.ro\/lexikon\/termek\/bartok-laszlo-malnasi\/","title":{"rendered":"BART\u00d3K L\u00e1szl\u00f3, m\u00e1ln\u00e1si"},"content":{"rendered":"<p>Kv., 1859. aug. 28., \u2020 Mv., 1905. jan. 22.: tanfel\u00fcgyel\u0151, \u00edr\u00f3. \u2013 Testv\u00e9re: B. J\u00f3zsef, m. kir. t\u00f6rv\u00e9nysz\u00e9ki b\u00edr\u00f3. Feles\u00e9ge: Lozs\u00e1thi Zudor Szendi. A tan\u00edt\u00f3k\u00e9pz\u0151t sz\u00fcl\u0151v\u00e1ros\u00e1ban v\u00e9gezte (1879), Ugron S\u00e1ndor, majd M\u00e1riaffi Albert csal\u00e1dj\u00e1n\u00e1l nevel\u0151sk\u00f6d\u00f6tt. N\u00e9h\u00e1ny h\u00f3napig a Marostorda-v\u00e1rmegyei T\u0171zk\u00e1r\u00fcgyn\u00f6ks\u00e9g\u00e9n\u00e9l dolgozott; majd a mv.-i tanfel\u00f6gyel\u0151s\u00e9g \u00edrnoka (1886\u20131905); a MT megyei \u00c1ltal\u00e1nos Tan\u00edt\u00f3test\u00fclet aleln\u00f6ke. A mv.-i N\u0151egyleti titk\u00e1r (20 \u00e9vig). Sz\u00e1mos verse, tan\u00fcgyi \u00e9s irodalmi cikke jelent meg az Egyet\u00e9rt\u00e9s, Erd. Prot. K\u00f6zl\u00f6ny, Erd\u00e9ly, F\u0151v. Lapok, M. Ped., M. Ped. Szemle, Marosv\u00e1s\u00e1rhely, Marosvid\u00e9k, M\u0171v\u00e9szeti K\u00f6zl., N\u00e9pnevel\u0151k Lapja, N\u00e9ptanoda, Tan\u00fcgy-ben. K\u00e9t p\u00e1lyamunk\u00e1ja dics\u00e9retet kapott. \u2013 <strong>F. m.:<\/strong> Paedag\u00f3giai \u00e9rtekez\u00e9sek (Mv., 1897); Eml\u00e9kbesz\u00e9d M\u00e1riaffi Albertn\u00e9\u2026 gr\u00f3fn\u0151r\u0151l (Mv., 1901); A mv.-i J\u00f3t\u00e9kony N\u0151egylet v\u00e1lasztm\u00e1ny\u00e1nak 1894. \u00e9v jan. 1.-t\u0151l 1900 \u00e9v dec. 31.-ig terjed\u0151 munk\u00e1lkod\u00e1s\u00e1r\u00f3l sz\u00f3l\u00f3 jelent\u00e9s (Mv., 1901); Az \u00edrva-olvasni tan\u00edt\u00e1s tek. A fonomimikai\u2026m\u00f3dszerekre (Mv., 1904). <br \/><strong>Irod.:<\/strong> Eml\u00e9kk\u00f6nyv; Guly\u00e1s; Gy\u00e1szjelent\u0151<\/br><\/p>\n","protected":false},"excerpt":{"rendered":"<p>Kv., 1859. aug. 28., \u2020 Mv., 1905. jan. 22.: tanfel\u00fcgyel\u0151, \u00edr\u00f3. \u2013 Testv\u00e9re: B. J\u00f3zsef, m. kir. t\u00f6rv\u00e9nysz\u00e9ki b\u00edr\u00f3. Feles\u00e9ge: Lozs\u00e1thi Zudor Szendi. A tan\u00edt\u00f3k\u00e9pz\u0151t sz\u00fcl\u0151v\u00e1ros\u00e1ban v\u00e9gezte (1879), Ugron S\u00e1ndor, majd M\u00e1riaffi Albert csal\u00e1dj\u00e1n\u00e1l nevel\u0151sk\u00f6d\u00f6tt. N\u00e9h\u00e1ny h\u00f3napig a Marostorda-v\u00e1rmegyei T\u0171zk\u00e1r\u00fcgyn\u00f6ks\u00e9g\u00e9n\u00e9l dolgozott; majd a mv.-i tanfel\u00f6gyel\u0151s\u00e9g \u00edrnoka (1886\u20131905); a MT megyei \u00c1ltal\u00e1nos Tan\u00edt\u00f3test\u00fclet aleln\u00f6ke. A mv.-i [&hellip;]<\/p>\n","protected":false},"featured_media":0,"comment_status":"open","ping_status":"closed","template":"","meta":[],"product_brand":[],"product_cat":[137],"product_tag":[],"class_list":{"0":"post-4153","1":"product","2":"type-product","3":"status-publish","5":"product_cat-maros-megyei-eletrajzi-lexikon","7":"first","8":"instock","9":"shipping-taxable","10":"product-type-simple"},"_links":{"self":[{"href":"https:\/\/uj.adatbank.ro\/lexikon\/wp-json\/wp\/v2\/product\/4153","targetHints":{"allow":["GET"]}}],"collection":[{"href":"https:\/\/uj.adatbank.ro\/lexikon\/wp-json\/wp\/v2\/product"}],"about":[{"href":"https:\/\/uj.adatbank.ro\/lexikon\/wp-json\/wp\/v2\/types\/product"}],"replies":[{"embeddable":true,"href":"https:\/\/uj.adatbank.ro\/lexikon\/wp-json\/wp\/v2\/comments?post=4153"}],"wp:attachment":[{"href":"https:\/\/uj.adatbank.ro\/lexikon\/wp-json\/wp\/v2\/media?parent=4153"}],"wp:term":[{"taxonomy":"product_brand","embeddable":true,"href":"https:\/\/uj.adatbank.ro\/lexikon\/wp-json\/wp\/v2\/product_brand?post=4153"},{"taxonomy":"product_cat","embeddable":true,"href":"https:\/\/uj.adatbank.ro\/lexikon\/wp-json\/wp\/v2\/product_cat?post=4153"},{"taxonomy":"product_tag","embeddable":true,"href":"https:\/\/uj.adatbank.ro\/lexikon\/wp-json\/wp\/v2\/product_tag?post=4153"}],"curies":[{"name":"wp","href":"https:\/\/api.w.org\/{rel}","templated":true}]}}