{"id":4156,"date":"2025-06-28T16:29:25","date_gmt":"2025-06-28T14:29:25","guid":{"rendered":"https:\/\/uj.adatbank.ro\/lexikon\/termek\/bartos-andras\/"},"modified":"2025-06-28T16:29:25","modified_gmt":"2025-06-28T14:29:25","slug":"bartos-andras","status":"publish","type":"product","link":"https:\/\/uj.adatbank.ro\/lexikon\/termek\/bartos-andras\/","title":{"rendered":"BARTOS Andr\u00e1s"},"content":{"rendered":"<p>? \u2020 ?: r. k. pap. \u2013 Kv.-on (1772\u201373) \u00e9s Gyulafeh\u00e9rv\u00e1ron tanult (1774\u201377). Papp\u00e1 szentelt\u00e9k (1779. j\u00fan. 1.). K\u00e1pl\u00e1n Kv.-on (1779), pl\u00e9b\u00e1nos Jobb\u00e1gytelk\u00e9n (1781\u201389). A k\u00f6zs\u00e9g els\u0151 pl\u00e9b\u00e1nosa, az \u0151 idej\u00e9ben kezdt\u00e9k el \u00e9p\u00edteni a templomot <br \/><strong>Irod.:<\/strong> Eml\u00e9kk\u00f6nyv a jobb\u00e1gytelki iskola \u00e9vfordul\u00f3j\u00e1ra; Ferenczi S\u00e1ndor 2009<\/br><\/p>\n","protected":false},"excerpt":{"rendered":"<p>? \u2020 ?: r. k. pap. \u2013 Kv.-on (1772\u201373) \u00e9s Gyulafeh\u00e9rv\u00e1ron tanult (1774\u201377). Papp\u00e1 szentelt\u00e9k (1779. j\u00fan. 1.). K\u00e1pl\u00e1n Kv.-on (1779), pl\u00e9b\u00e1nos Jobb\u00e1gytelk\u00e9n (1781\u201389). A k\u00f6zs\u00e9g els\u0151 pl\u00e9b\u00e1nosa, az \u0151 idej\u00e9ben kezdt\u00e9k el \u00e9p\u00edteni a templomot Irod.: Eml\u00e9kk\u00f6nyv a jobb\u00e1gytelki iskola \u00e9vfordul\u00f3j\u00e1ra; Ferenczi S\u00e1ndor 2009<\/p>\n","protected":false},"featured_media":0,"comment_status":"open","ping_status":"closed","template":"","meta":[],"product_brand":[],"product_cat":[137],"product_tag":[],"class_list":{"0":"post-4156","1":"product","2":"type-product","3":"status-publish","5":"product_cat-maros-megyei-eletrajzi-lexikon","7":"first","8":"instock","9":"shipping-taxable","10":"product-type-simple"},"_links":{"self":[{"href":"https:\/\/uj.adatbank.ro\/lexikon\/wp-json\/wp\/v2\/product\/4156","targetHints":{"allow":["GET"]}}],"collection":[{"href":"https:\/\/uj.adatbank.ro\/lexikon\/wp-json\/wp\/v2\/product"}],"about":[{"href":"https:\/\/uj.adatbank.ro\/lexikon\/wp-json\/wp\/v2\/types\/product"}],"replies":[{"embeddable":true,"href":"https:\/\/uj.adatbank.ro\/lexikon\/wp-json\/wp\/v2\/comments?post=4156"}],"wp:attachment":[{"href":"https:\/\/uj.adatbank.ro\/lexikon\/wp-json\/wp\/v2\/media?parent=4156"}],"wp:term":[{"taxonomy":"product_brand","embeddable":true,"href":"https:\/\/uj.adatbank.ro\/lexikon\/wp-json\/wp\/v2\/product_brand?post=4156"},{"taxonomy":"product_cat","embeddable":true,"href":"https:\/\/uj.adatbank.ro\/lexikon\/wp-json\/wp\/v2\/product_cat?post=4156"},{"taxonomy":"product_tag","embeddable":true,"href":"https:\/\/uj.adatbank.ro\/lexikon\/wp-json\/wp\/v2\/product_tag?post=4156"}],"curies":[{"name":"wp","href":"https:\/\/api.w.org\/{rel}","templated":true}]}}