{"id":4157,"date":"2025-06-28T16:29:28","date_gmt":"2025-06-28T14:29:28","guid":{"rendered":"https:\/\/uj.adatbank.ro\/lexikon\/termek\/bartos-ede-%c2%a7\/"},"modified":"2025-06-28T16:29:28","modified_gmt":"2025-06-28T14:29:28","slug":"bartos-ede-%c2%a7","status":"publish","type":"product","link":"https:\/\/uj.adatbank.ro\/lexikon\/termek\/bartos-ede-%c2%a7\/","title":{"rendered":"BARTOS Ede, \u00a7"},"content":{"rendered":"<p>Temesv\u00e1r, 1921. dec. 9., \u2020 ? : sz\u00edn\u00e9sz. \u2013 Katonatiszt volt. \u00c1llatorvosnak k\u00e9sz\u00fclt, orsz\u00e1gos v\u00edzilabda-v\u00e1logatott, kit\u0171n\u0151 lovas \u00e9s sz\u00edn\u00e9sz lett. Temesv\u00e1ron kezdte sz\u00edn\u00e9szi p\u00e1ly\u00e1j\u00e1t, Nagyv\u00e1radon j\u00e1tszott (1948\u201353), majd Szatm\u00e1ron (1953\u201359), ism\u00e9t V\u00e1rad k\u00f6vetkezett. A mv.-i Sz\u00e9kely Sz\u00ednh\u00e1zban j\u00e1tszott (1962\u201376), r\u00f6vid ideig a rom\u00e1n tagozaton is. Impoz\u00e1ns jelens\u00e9g, hat\u00e1sos fell\u00e9p\u00e9s\u00e9t, el\u0151kel\u0151 modor\u00e1t a rendez\u0151k j\u00f3l kihaszn\u00e1lt\u00e1k. Az NSZK-ba t\u00e1vozott (1976), ahol egy lovagl\u00f3iskola oktat\u00f3ja volt. \u2013 F. sz : Swindon (Az \u00f6rd\u00f6g cimbor\u00e1ja); Admir\u00e1lis (Stejn: \u00d3ce\u00e1n); Detekt\u00edvfel\u00fcgyel\u0151 (Fizikusok), Walter Kidd (Lavrenyov: Amerika hangja); Lennie (Steinbeck: Egerek \u00e9s emberek); Eszter\u00e1g P\u00e1l (Vit\u00e9zek \u00e9s h\u0151s\u00f6k); Kasztyanov (Villa a mell\u00e9kutc\u00e1ban); Claudius (Shakespeare: Hamlet); \u0150rmester (\u00d6rk\u00e9ny Istv\u00e1n: T\u00f3t\u00e9k); Don Juan (Moliere); Temetkez\u00e9si v\u00e1llalkoz\u00f3 (Barta Lajos: Szerelem); Claudius (Shakespeare: Hamlet). J\u00e1tszott m\u00e9g A. Baranga: J\u00e1mborlelk\u0171 Szent Fl\u00f3ri\u00e1n (1966); C. Petrescu: Velencei t\u00f6rt\u00e9net (1969); Shakespeare: Machbeth (1969); M\u00e9hes Gy\u00f6rgy: No\u00e9 b\u00e1rk\u00e1ja (1969); G. B. Shaw: Brassbound kapit\u00e1ny megt\u00e9r\u00e9se (1970); \u00d6rk\u00e9ny Istv\u00e1n: Macskaj\u00e1t\u00e9k (1972) c. darabokban. <br \/><strong>Irod.:<\/strong> Ferencz-Keresztes; Horv\u00e1th Bea; Id\u0151t\u00e1r 4.; Polg\u00e1r Istv\u00e1n: Egy sz\u00edn\u00e9sz mag\u00e1ra tal\u00e1l (\u00daj \u00c9let, 10. sz., 1968)<\/br><\/p>\n","protected":false},"excerpt":{"rendered":"<p>Temesv\u00e1r, 1921. dec. 9., \u2020 ? : sz\u00edn\u00e9sz. \u2013 Katonatiszt volt. \u00c1llatorvosnak k\u00e9sz\u00fclt, orsz\u00e1gos v\u00edzilabda-v\u00e1logatott, kit\u0171n\u0151 lovas \u00e9s sz\u00edn\u00e9sz lett. Temesv\u00e1ron kezdte sz\u00edn\u00e9szi p\u00e1ly\u00e1j\u00e1t, Nagyv\u00e1radon j\u00e1tszott (1948\u201353), majd Szatm\u00e1ron (1953\u201359), ism\u00e9t V\u00e1rad k\u00f6vetkezett. A mv.-i Sz\u00e9kely Sz\u00ednh\u00e1zban j\u00e1tszott (1962\u201376), r\u00f6vid ideig a rom\u00e1n tagozaton is. Impoz\u00e1ns jelens\u00e9g, hat\u00e1sos fell\u00e9p\u00e9s\u00e9t, el\u0151kel\u0151 modor\u00e1t a rendez\u0151k j\u00f3l kihaszn\u00e1lt\u00e1k. [&hellip;]<\/p>\n","protected":false},"featured_media":0,"comment_status":"open","ping_status":"closed","template":"","meta":[],"product_brand":[],"product_cat":[137],"product_tag":[],"class_list":{"0":"post-4157","1":"product","2":"type-product","3":"status-publish","5":"product_cat-maros-megyei-eletrajzi-lexikon","7":"first","8":"instock","9":"shipping-taxable","10":"product-type-simple"},"_links":{"self":[{"href":"https:\/\/uj.adatbank.ro\/lexikon\/wp-json\/wp\/v2\/product\/4157","targetHints":{"allow":["GET"]}}],"collection":[{"href":"https:\/\/uj.adatbank.ro\/lexikon\/wp-json\/wp\/v2\/product"}],"about":[{"href":"https:\/\/uj.adatbank.ro\/lexikon\/wp-json\/wp\/v2\/types\/product"}],"replies":[{"embeddable":true,"href":"https:\/\/uj.adatbank.ro\/lexikon\/wp-json\/wp\/v2\/comments?post=4157"}],"wp:attachment":[{"href":"https:\/\/uj.adatbank.ro\/lexikon\/wp-json\/wp\/v2\/media?parent=4157"}],"wp:term":[{"taxonomy":"product_brand","embeddable":true,"href":"https:\/\/uj.adatbank.ro\/lexikon\/wp-json\/wp\/v2\/product_brand?post=4157"},{"taxonomy":"product_cat","embeddable":true,"href":"https:\/\/uj.adatbank.ro\/lexikon\/wp-json\/wp\/v2\/product_cat?post=4157"},{"taxonomy":"product_tag","embeddable":true,"href":"https:\/\/uj.adatbank.ro\/lexikon\/wp-json\/wp\/v2\/product_tag?post=4157"}],"curies":[{"name":"wp","href":"https:\/\/api.w.org\/{rel}","templated":true}]}}