{"id":4159,"date":"2025-06-28T16:29:36","date_gmt":"2025-06-28T14:29:36","guid":{"rendered":"https:\/\/uj.adatbank.ro\/lexikon\/termek\/bartos-gabor-albisi\/"},"modified":"2025-06-28T16:29:36","modified_gmt":"2025-06-28T14:29:36","slug":"bartos-gabor-albisi","status":"publish","type":"product","link":"https:\/\/uj.adatbank.ro\/lexikon\/termek\/bartos-gabor-albisi\/","title":{"rendered":"BARTOS G\u00e1bor, albisi"},"content":{"rendered":"<p>Mez\u0151bergenye, 1898., \u2020 ?: tan\u00edt\u00f3-k\u00e1ntor. \u2013 Mez\u0151panitban tan\u00edt\u00f3 (1923 k. \u2013), gazdak\u00f6ri aleln\u00f6k, v\u00e1rm. bizotts\u00e1gi tag. <br \/><strong>Irod.:<\/strong> Erd\u00e9lyi v\u00e1rmegy\u00e9k<\/br><\/p>\n","protected":false},"excerpt":{"rendered":"<p>Mez\u0151bergenye, 1898., \u2020 ?: tan\u00edt\u00f3-k\u00e1ntor. \u2013 Mez\u0151panitban tan\u00edt\u00f3 (1923 k. \u2013), gazdak\u00f6ri aleln\u00f6k, v\u00e1rm. bizotts\u00e1gi tag. Irod.: Erd\u00e9lyi v\u00e1rmegy\u00e9k<\/p>\n","protected":false},"featured_media":0,"comment_status":"open","ping_status":"closed","template":"","meta":[],"product_brand":[],"product_cat":[137],"product_tag":[],"class_list":{"0":"post-4159","1":"product","2":"type-product","3":"status-publish","5":"product_cat-maros-megyei-eletrajzi-lexikon","7":"first","8":"instock","9":"shipping-taxable","10":"product-type-simple"},"_links":{"self":[{"href":"https:\/\/uj.adatbank.ro\/lexikon\/wp-json\/wp\/v2\/product\/4159","targetHints":{"allow":["GET"]}}],"collection":[{"href":"https:\/\/uj.adatbank.ro\/lexikon\/wp-json\/wp\/v2\/product"}],"about":[{"href":"https:\/\/uj.adatbank.ro\/lexikon\/wp-json\/wp\/v2\/types\/product"}],"replies":[{"embeddable":true,"href":"https:\/\/uj.adatbank.ro\/lexikon\/wp-json\/wp\/v2\/comments?post=4159"}],"wp:attachment":[{"href":"https:\/\/uj.adatbank.ro\/lexikon\/wp-json\/wp\/v2\/media?parent=4159"}],"wp:term":[{"taxonomy":"product_brand","embeddable":true,"href":"https:\/\/uj.adatbank.ro\/lexikon\/wp-json\/wp\/v2\/product_brand?post=4159"},{"taxonomy":"product_cat","embeddable":true,"href":"https:\/\/uj.adatbank.ro\/lexikon\/wp-json\/wp\/v2\/product_cat?post=4159"},{"taxonomy":"product_tag","embeddable":true,"href":"https:\/\/uj.adatbank.ro\/lexikon\/wp-json\/wp\/v2\/product_tag?post=4159"}],"curies":[{"name":"wp","href":"https:\/\/api.w.org\/{rel}","templated":true}]}}