{"id":4160,"date":"2025-06-28T16:29:39","date_gmt":"2025-06-28T14:29:39","guid":{"rendered":"https:\/\/uj.adatbank.ro\/lexikon\/termek\/bartos-ioan\/"},"modified":"2025-06-28T16:29:39","modified_gmt":"2025-06-28T14:29:39","slug":"bartos-ioan","status":"publish","type":"product","link":"https:\/\/uj.adatbank.ro\/lexikon\/termek\/bartos-ioan\/","title":{"rendered":"BARTOS Ioan"},"content":{"rendered":"<p>? \u2020\u00a0? : f\u0151hadnagy. \u2013 Mv.-en a Securitate Tartom\u00e1nyi igazgat\u00f3s\u00e1g\u00e1n hadnagy (1957. \u2013). <br \/><strong>Irod.:<\/strong> Bartos 2012 gazgat\u00f3s\u00e1g\u00e1n hadnagy (1957. \u2013). <br \/><strong>Irod.:<\/strong> Bartos 2012<\/br><\/p>\n","protected":false},"excerpt":{"rendered":"<p>? \u2020\u00a0? : f\u0151hadnagy. \u2013 Mv.-en a Securitate Tartom\u00e1nyi igazgat\u00f3s\u00e1g\u00e1n hadnagy (1957. \u2013). Irod.: Bartos 2012 gazgat\u00f3s\u00e1g\u00e1n hadnagy (1957. \u2013). Irod.: Bartos 2012<\/p>\n","protected":false},"featured_media":0,"comment_status":"open","ping_status":"closed","template":"","meta":[],"product_brand":[],"product_cat":[137],"product_tag":[],"class_list":{"0":"post-4160","1":"product","2":"type-product","3":"status-publish","5":"product_cat-maros-megyei-eletrajzi-lexikon","7":"first","8":"instock","9":"shipping-taxable","10":"product-type-simple"},"_links":{"self":[{"href":"https:\/\/uj.adatbank.ro\/lexikon\/wp-json\/wp\/v2\/product\/4160","targetHints":{"allow":["GET"]}}],"collection":[{"href":"https:\/\/uj.adatbank.ro\/lexikon\/wp-json\/wp\/v2\/product"}],"about":[{"href":"https:\/\/uj.adatbank.ro\/lexikon\/wp-json\/wp\/v2\/types\/product"}],"replies":[{"embeddable":true,"href":"https:\/\/uj.adatbank.ro\/lexikon\/wp-json\/wp\/v2\/comments?post=4160"}],"wp:attachment":[{"href":"https:\/\/uj.adatbank.ro\/lexikon\/wp-json\/wp\/v2\/media?parent=4160"}],"wp:term":[{"taxonomy":"product_brand","embeddable":true,"href":"https:\/\/uj.adatbank.ro\/lexikon\/wp-json\/wp\/v2\/product_brand?post=4160"},{"taxonomy":"product_cat","embeddable":true,"href":"https:\/\/uj.adatbank.ro\/lexikon\/wp-json\/wp\/v2\/product_cat?post=4160"},{"taxonomy":"product_tag","embeddable":true,"href":"https:\/\/uj.adatbank.ro\/lexikon\/wp-json\/wp\/v2\/product_tag?post=4160"}],"curies":[{"name":"wp","href":"https:\/\/api.w.org\/{rel}","templated":true}]}}