{"id":4161,"date":"2025-06-28T16:29:41","date_gmt":"2025-06-28T14:29:41","guid":{"rendered":"https:\/\/uj.adatbank.ro\/lexikon\/termek\/bartos-karoly\/"},"modified":"2025-06-28T16:29:41","modified_gmt":"2025-06-28T14:29:41","slug":"bartos-karoly","status":"publish","type":"product","link":"https:\/\/uj.adatbank.ro\/lexikon\/termek\/bartos-karoly\/","title":{"rendered":"BARTOS K\u00e1roly"},"content":{"rendered":"<p>? \u2020 ? : \u0151rnagy. \u2013 Mv.-en a Securitate B\u00fcn\u00fcgyi nyomoz\u00f3 oszt\u00e1ly\u00e1n sz\u00e1zados (1956), \u0151rnagy (1958\u201360 k.). <br \/><strong>Irod.:<\/strong> Bartos 2012; Id\u0151t\u00e1r 4.; L\u0151rincz J\u00e1nos: G\u00e1lyarabok nyomdokain (N\u00fa., 1998. \u00e1pr. 10.)<\/br><\/p>\n","protected":false},"excerpt":{"rendered":"<p>? \u2020 ? : \u0151rnagy. \u2013 Mv.-en a Securitate B\u00fcn\u00fcgyi nyomoz\u00f3 oszt\u00e1ly\u00e1n sz\u00e1zados (1956), \u0151rnagy (1958\u201360 k.). Irod.: Bartos 2012; Id\u0151t\u00e1r 4.; L\u0151rincz J\u00e1nos: G\u00e1lyarabok nyomdokain (N\u00fa., 1998. \u00e1pr. 10.)<\/p>\n","protected":false},"featured_media":0,"comment_status":"open","ping_status":"closed","template":"","meta":[],"product_brand":[],"product_cat":[137],"product_tag":[],"class_list":{"0":"post-4161","1":"product","2":"type-product","3":"status-publish","5":"product_cat-maros-megyei-eletrajzi-lexikon","7":"first","8":"instock","9":"shipping-taxable","10":"product-type-simple"},"_links":{"self":[{"href":"https:\/\/uj.adatbank.ro\/lexikon\/wp-json\/wp\/v2\/product\/4161","targetHints":{"allow":["GET"]}}],"collection":[{"href":"https:\/\/uj.adatbank.ro\/lexikon\/wp-json\/wp\/v2\/product"}],"about":[{"href":"https:\/\/uj.adatbank.ro\/lexikon\/wp-json\/wp\/v2\/types\/product"}],"replies":[{"embeddable":true,"href":"https:\/\/uj.adatbank.ro\/lexikon\/wp-json\/wp\/v2\/comments?post=4161"}],"wp:attachment":[{"href":"https:\/\/uj.adatbank.ro\/lexikon\/wp-json\/wp\/v2\/media?parent=4161"}],"wp:term":[{"taxonomy":"product_brand","embeddable":true,"href":"https:\/\/uj.adatbank.ro\/lexikon\/wp-json\/wp\/v2\/product_brand?post=4161"},{"taxonomy":"product_cat","embeddable":true,"href":"https:\/\/uj.adatbank.ro\/lexikon\/wp-json\/wp\/v2\/product_cat?post=4161"},{"taxonomy":"product_tag","embeddable":true,"href":"https:\/\/uj.adatbank.ro\/lexikon\/wp-json\/wp\/v2\/product_tag?post=4161"}],"curies":[{"name":"wp","href":"https:\/\/api.w.org\/{rel}","templated":true}]}}