{"id":4165,"date":"2025-06-28T16:29:52","date_gmt":"2025-06-28T14:29:52","guid":{"rendered":"https:\/\/uj.adatbank.ro\/lexikon\/termek\/bartscht-karoly\/"},"modified":"2025-06-28T16:29:52","modified_gmt":"2025-06-28T14:29:52","slug":"bartscht-karoly","status":"publish","type":"product","link":"https:\/\/uj.adatbank.ro\/lexikon\/termek\/bartscht-karoly\/","title":{"rendered":"BARTSCHT K\u00e1roly"},"content":{"rendered":"<p>? \u2020 ? : keresked\u0151. \u2013 Porcel\u00e1n \u00e9s \u00fcveg\u00e1r\u00fa \u00fczletet nyitott Mv.-en (1897), amely a legr\u00e9gibb \u00fczletek egyike volt. \u00c1rult m\u00e9g konyha-ed\u00e9ny \u00e9s l\u00e1mpafelszerel\u00e9seket. <br \/><strong>Irod.:<\/strong> \u00d6kr\u00f6s; Szentgy\u00f6rgyi<\/br><\/p>\n","protected":false},"excerpt":{"rendered":"<p>? \u2020 ? : keresked\u0151. \u2013 Porcel\u00e1n \u00e9s \u00fcveg\u00e1r\u00fa \u00fczletet nyitott Mv.-en (1897), amely a legr\u00e9gibb \u00fczletek egyike volt. \u00c1rult m\u00e9g konyha-ed\u00e9ny \u00e9s l\u00e1mpafelszerel\u00e9seket. Irod.: \u00d6kr\u00f6s; Szentgy\u00f6rgyi<\/p>\n","protected":false},"featured_media":0,"comment_status":"open","ping_status":"closed","template":"","meta":[],"product_brand":[],"product_cat":[137],"product_tag":[],"class_list":{"0":"post-4165","1":"product","2":"type-product","3":"status-publish","5":"product_cat-maros-megyei-eletrajzi-lexikon","7":"first","8":"instock","9":"shipping-taxable","10":"product-type-simple"},"_links":{"self":[{"href":"https:\/\/uj.adatbank.ro\/lexikon\/wp-json\/wp\/v2\/product\/4165","targetHints":{"allow":["GET"]}}],"collection":[{"href":"https:\/\/uj.adatbank.ro\/lexikon\/wp-json\/wp\/v2\/product"}],"about":[{"href":"https:\/\/uj.adatbank.ro\/lexikon\/wp-json\/wp\/v2\/types\/product"}],"replies":[{"embeddable":true,"href":"https:\/\/uj.adatbank.ro\/lexikon\/wp-json\/wp\/v2\/comments?post=4165"}],"wp:attachment":[{"href":"https:\/\/uj.adatbank.ro\/lexikon\/wp-json\/wp\/v2\/media?parent=4165"}],"wp:term":[{"taxonomy":"product_brand","embeddable":true,"href":"https:\/\/uj.adatbank.ro\/lexikon\/wp-json\/wp\/v2\/product_brand?post=4165"},{"taxonomy":"product_cat","embeddable":true,"href":"https:\/\/uj.adatbank.ro\/lexikon\/wp-json\/wp\/v2\/product_cat?post=4165"},{"taxonomy":"product_tag","embeddable":true,"href":"https:\/\/uj.adatbank.ro\/lexikon\/wp-json\/wp\/v2\/product_tag?post=4165"}],"curies":[{"name":"wp","href":"https:\/\/api.w.org\/{rel}","templated":true}]}}