{"id":4169,"date":"2025-06-28T16:30:07","date_gmt":"2025-06-28T14:30:07","guid":{"rendered":"https:\/\/uj.adatbank.ro\/lexikon\/termek\/baruch-jeremias-felsovanyi\/"},"modified":"2025-06-28T16:30:07","modified_gmt":"2025-06-28T14:30:07","slug":"baruch-jeremias-felsovanyi","status":"publish","type":"product","link":"https:\/\/uj.adatbank.ro\/lexikon\/termek\/baruch-jeremias-felsovanyi\/","title":{"rendered":"BARUCH Jeremi\u00e1s, fels\u0151v\u00e1nyi"},"content":{"rendered":"<p>? \u2020\u00a0Mv., 1872. aug. 18.: gy\u00e1ros, g\u0151zmalom tulajdonos, szeszgy\u00e1ros, keresked\u0151. \u2013 Feles\u00e9ge: Aronsohn Babette (1814.?-Mv, 1890. j\u00fal. 29., Brass\u00f3ba temett\u00e9k). Gyermekeik: Gyula (1834.?-Mv., 1868. dec. 29, Brass\u00f3ba temett\u00e9k), feles\u00e9ge Mendel Nina; Adolf (\u2020\u00a0Bp., 1890. j\u00fan. 25.), M\u00f3ricz, Samu, Ter\u00e9z \u00e9s Hermin Deutsch Gyul\u00e1n\u00e9. \u2013 Bp.-i bank\u00e1r. Brass\u00f3b\u00f3l telepedett Mv.-re. Szeszgy\u00e1rat l\u00e9tes\u00edtett, amely els\u0151 volt Erd\u00e9lyben (1850, b\u0151v\u00edtette 1857.); miut\u00e1n le\u00e9gett (1882) \u00fajj\u00e1\u00e9p\u00edtett\u00e9k \u00e9s megalap\u00edtott\u00e1k az Els\u0151 Erd\u00e9lyi Szeszgy\u00e1r \u00e9s Szeszfinom\u00edt\u00f3 Rt.-t. G\u0151zmalmot m\u0171k\u00f6dtetett (1857- b\u0151v\u00edtve 1862 \u00e9s 65). Iparcikkek forgalmaz\u00e1s\u00e1nak egyik mv.-i ir\u00e1nyad\u00f3ja volt. K\u0151olajfinom\u00edt\u00f3 gy\u00e1rat m\u0171k\u00f6dtetett (1870\u2013), k\u00e9s\u0151bb Rt.-g\u00e1 alakult (1905). Gy\u00e1rtm\u00e1nyaik: petr\u00f3leum, benzin, motorina, g\u00e9p- \u00e9s hengerolaj. B\u0151kez\u0171 t\u00e1mogat\u00e1s\u00e1val a zsid\u00f3 hitk\u00f6zs\u00e9g meg\u00e9p\u00edtette a ma is fenn\u00e1ll\u00f3 imah\u00e1z\u00e1t a Ty\u00fakszer ma Iskola utc\u00e1ban (1857). <strong>Kit\u00fcntet\u00e9sei:<\/strong> Aranykoron\u00e1s \u00e9rdemkeresztet adom\u00e1nyozta Mik\u00f3 Mih\u00e1ly f\u0151kir\u00e1lyb\u00edr\u00f3 (1867. j\u00fal. 7); a Vaskorona Rend III. oszt. kapta (1871. m\u00e1j. 4). <br \/><strong>Irod.:<\/strong> Bern\u00e1dy; EBKL; Gy\u00e1szjelent\u0151; Id\u0151t\u00e1r 2.; Kr\u00f3n F\u00fcz (1936. 11\u201312); Kusz\u00e1lik\u2013Zal\u00e1nyi; L\u00e1z\u00e1r Klein: Egy p\u00e1r jellemvon\u00e1s a boldogult Baruch Jeremi\u00e1s \u00e9let\u00e9b\u0151l (Erd\u00e9ly, Mv., 1972. szept. 5.); Marosi-KZST; Marossz\u00e9ki f\u00fczetek (Mv., 1936); Popa; Sebesty\u00e9n Mih\u00e1ly 2000; Szentgy\u00f6rgyi; Szter\u00e9nyi<\/br><\/p>\n","protected":false},"excerpt":{"rendered":"<p>? \u2020\u00a0Mv., 1872. aug. 18.: gy\u00e1ros, g\u0151zmalom tulajdonos, szeszgy\u00e1ros, keresked\u0151. \u2013 Feles\u00e9ge: Aronsohn Babette (1814.?-Mv, 1890. j\u00fal. 29., Brass\u00f3ba temett\u00e9k). Gyermekeik: Gyula (1834.?-Mv., 1868. dec. 29, Brass\u00f3ba temett\u00e9k), feles\u00e9ge Mendel Nina; Adolf (\u2020\u00a0Bp., 1890. j\u00fan. 25.), M\u00f3ricz, Samu, Ter\u00e9z \u00e9s Hermin Deutsch Gyul\u00e1n\u00e9. \u2013 Bp.-i bank\u00e1r. Brass\u00f3b\u00f3l telepedett Mv.-re. Szeszgy\u00e1rat l\u00e9tes\u00edtett, amely els\u0151 volt Erd\u00e9lyben [&hellip;]<\/p>\n","protected":false},"featured_media":0,"comment_status":"open","ping_status":"closed","template":"","meta":[],"product_brand":[],"product_cat":[137],"product_tag":[],"class_list":{"0":"post-4169","1":"product","2":"type-product","3":"status-publish","5":"product_cat-maros-megyei-eletrajzi-lexikon","7":"first","8":"instock","9":"shipping-taxable","10":"product-type-simple"},"_links":{"self":[{"href":"https:\/\/uj.adatbank.ro\/lexikon\/wp-json\/wp\/v2\/product\/4169","targetHints":{"allow":["GET"]}}],"collection":[{"href":"https:\/\/uj.adatbank.ro\/lexikon\/wp-json\/wp\/v2\/product"}],"about":[{"href":"https:\/\/uj.adatbank.ro\/lexikon\/wp-json\/wp\/v2\/types\/product"}],"replies":[{"embeddable":true,"href":"https:\/\/uj.adatbank.ro\/lexikon\/wp-json\/wp\/v2\/comments?post=4169"}],"wp:attachment":[{"href":"https:\/\/uj.adatbank.ro\/lexikon\/wp-json\/wp\/v2\/media?parent=4169"}],"wp:term":[{"taxonomy":"product_brand","embeddable":true,"href":"https:\/\/uj.adatbank.ro\/lexikon\/wp-json\/wp\/v2\/product_brand?post=4169"},{"taxonomy":"product_cat","embeddable":true,"href":"https:\/\/uj.adatbank.ro\/lexikon\/wp-json\/wp\/v2\/product_cat?post=4169"},{"taxonomy":"product_tag","embeddable":true,"href":"https:\/\/uj.adatbank.ro\/lexikon\/wp-json\/wp\/v2\/product_tag?post=4169"}],"curies":[{"name":"wp","href":"https:\/\/api.w.org\/{rel}","templated":true}]}}