{"id":4173,"date":"2025-06-28T16:30:21","date_gmt":"2025-06-28T14:30:21","guid":{"rendered":"https:\/\/uj.adatbank.ro\/lexikon\/termek\/basa-istvan-bascha-istvan-egerpataki\/"},"modified":"2025-06-28T16:30:21","modified_gmt":"2025-06-28T14:30:21","slug":"basa-istvan-bascha-istvan-egerpataki","status":"publish","type":"product","link":"https:\/\/uj.adatbank.ro\/lexikon\/termek\/basa-istvan-bascha-istvan-egerpataki\/","title":{"rendered":"BASA Istv\u00e1n, Bascha Istv\u00e1n, egerpataki"},"content":{"rendered":"<p>Koronka, 1740., \u2020 Mv., 1808. j\u00fal. 27.: ref. lelk\u00e9sz, teol\u00f3giai tan\u00e1r. S\u00edrjuk a ref. temet\u0151ben. \u2013 B. Istv\u00e1n (1705\u20131750) ref. pap fia. Feles\u00e9ge Intze S\u00e1ra, Intze Istv\u00e1n ref. koll.-i tan\u00e1r le\u00e1nya (1757\u20131823). Le\u00e1nya D\u00f3sa Gergelyn\u00e9. \u2013 Iskol\u00e1it Mv-en v\u00e9gezve (1760), gr. Toldalagi Ferenc nevel\u0151je lett, Toldalagi Istv\u00e1n seg\u00edts\u00e9g\u00e9vel k\u00e9s\u0151bb Hollandi\u00e1ba ment a marburgi egyetemre (1770). Hazat\u00e9rve nagysaj\u00f3i pap lett, azut\u00e1n a mv-i koll.-ban a teol\u00f3gia \u00e9s egyh\u00e1zt\u00f6rt\u00e9net tan\u00e1ra (1774. m\u00e1j. 1. \u2013 1800), a beiktat\u00e1si aktust Toldalagi Ferenc koll.-i f\u0151gondnok tartotta. Rektor (1775\u201398). 25 \u00e9ves tan\u00e1rs\u00e1g\u00e1nak nevezetes t\u00e9nye a ref. koll. nagyterm\u00e9nek (audit\u00f3rium) \u00f6t \u00e9v alatt v\u00e9grehajtott fel\u00e9p\u00edt\u00e9se (1780). Innen nyugd\u00edjn\u00e9lk\u00fcli nyugalomba vonult (1800) \u00e9s val\u00f3bani nyugd\u00edjba (1808 nyar\u00e1n). Fogarasi S\u00e1muel tan\u00e1r eml\u00e9kezik r\u00f3la: Siket hangja volt de igen sz\u00e9p latins\u00e1ggal besz\u00e9lt. \u2013 <strong>F. m.:<\/strong> Eml\u00e9kbesz\u00e9d Kem\u00e9ny Mikl\u00f3s f\u00f6l\u00f6tt, 1775. j\u00fal. 16. (Kv. 1778); A maga sok rendbeli szenved\u00e9seivel, de egyszersmint az Istennek kegyelmes szabad\u00edt\u00e1saival dicsekedhet\u0151 Isten n\u00e9p\u00e9nek gy\u0151zelmi h\u00e1laad\u00f3 \u00e9neke\u2026(Kv., 1778); <strong>K\u00e9ziratban:<\/strong> Historiae eccles. Praelections secundum Joh. Alph. Turettini (Mv., 1779). <br \/><strong>Irod.:<\/strong> Csekme; Er\u0151s v\u00e1runk; Fogarasi; Halotti besz\u00e9dek; Hor\u00e1nyi; Id\u0151t\u00e1r 1.; Kiss K\u00e1roly; Koncz; Kov\u00e1sznai; Kov\u00e1sznai S\u00e1ndor: Oratio ad inaugurandum&#8230; auditorium in gymnasio Marosv\u00e1s\u00e1rhelyiensi aedificatum 1781. (Trajecti ad Rhenum, 1781); Kozma; Kr\u00f3n F\u00fcz. (1939. 4\/8); P\u00e1lmay J\u00f3zsef; Szab\u00f3\u2013Sz\u00f6gi; Szinnyei; Thury<\/br><\/p>\n","protected":false},"excerpt":{"rendered":"<p>Koronka, 1740., \u2020 Mv., 1808. j\u00fal. 27.: ref. lelk\u00e9sz, teol\u00f3giai tan\u00e1r. S\u00edrjuk a ref. temet\u0151ben. \u2013 B. Istv\u00e1n (1705\u20131750) ref. pap fia. Feles\u00e9ge Intze S\u00e1ra, Intze Istv\u00e1n ref. koll.-i tan\u00e1r le\u00e1nya (1757\u20131823). Le\u00e1nya D\u00f3sa Gergelyn\u00e9. \u2013 Iskol\u00e1it Mv-en v\u00e9gezve (1760), gr. Toldalagi Ferenc nevel\u0151je lett, Toldalagi Istv\u00e1n seg\u00edts\u00e9g\u00e9vel k\u00e9s\u0151bb Hollandi\u00e1ba ment a marburgi egyetemre (1770). [&hellip;]<\/p>\n","protected":false},"featured_media":0,"comment_status":"open","ping_status":"closed","template":"","meta":[],"product_brand":[],"product_cat":[137],"product_tag":[],"class_list":{"0":"post-4173","1":"product","2":"type-product","3":"status-publish","5":"product_cat-maros-megyei-eletrajzi-lexikon","7":"first","8":"instock","9":"shipping-taxable","10":"product-type-simple"},"_links":{"self":[{"href":"https:\/\/uj.adatbank.ro\/lexikon\/wp-json\/wp\/v2\/product\/4173","targetHints":{"allow":["GET"]}}],"collection":[{"href":"https:\/\/uj.adatbank.ro\/lexikon\/wp-json\/wp\/v2\/product"}],"about":[{"href":"https:\/\/uj.adatbank.ro\/lexikon\/wp-json\/wp\/v2\/types\/product"}],"replies":[{"embeddable":true,"href":"https:\/\/uj.adatbank.ro\/lexikon\/wp-json\/wp\/v2\/comments?post=4173"}],"wp:attachment":[{"href":"https:\/\/uj.adatbank.ro\/lexikon\/wp-json\/wp\/v2\/media?parent=4173"}],"wp:term":[{"taxonomy":"product_brand","embeddable":true,"href":"https:\/\/uj.adatbank.ro\/lexikon\/wp-json\/wp\/v2\/product_brand?post=4173"},{"taxonomy":"product_cat","embeddable":true,"href":"https:\/\/uj.adatbank.ro\/lexikon\/wp-json\/wp\/v2\/product_cat?post=4173"},{"taxonomy":"product_tag","embeddable":true,"href":"https:\/\/uj.adatbank.ro\/lexikon\/wp-json\/wp\/v2\/product_tag?post=4173"}],"curies":[{"name":"wp","href":"https:\/\/api.w.org\/{rel}","templated":true}]}}