{"id":4176,"date":"2025-06-28T16:30:29","date_gmt":"2025-06-28T14:30:29","guid":{"rendered":"https:\/\/uj.adatbank.ro\/lexikon\/termek\/basilius-istvan\/"},"modified":"2025-06-28T16:30:29","modified_gmt":"2025-06-28T14:30:29","slug":"basilius-istvan","status":"publish","type":"product","link":"https:\/\/uj.adatbank.ro\/lexikon\/termek\/basilius-istvan\/","title":{"rendered":"BASILIUS Istv\u00e1n"},"content":{"rendered":"<p>? \u2020 ? : unit. pap. \u2013 Nagyv\u00e1radon lelk\u00e9sz, ahol h\u00e1romezer lelket t\u00e9r\u00edtett meg. Nagyteremiben a S\u00fck\u00f6sd\u00f6k birtok\u00e1n volt lelk\u00e9sz (1583 k.), itt fejezte be k\u00e9zirat\u00e1t, a gyermeki \u00e1jtat\u00f3s\u00e1g gyakorl\u00e1s\u00e1ra szolg\u00e1l\u00f3 k\u00e1t\u00e9t. \u2013 <strong>F. m.:<\/strong> Exercitium pietatis puerilis per Cathecesim in schola Claudiopolitana (1583); [D\u00e1vid Ferenc. Brevis enarratio dispvtationis Albanae de Deo trino et Christi dvplici\u2026 habitata\u2026 MDLXVIII. 8. Martij] \/ Auctt\u2026. St. Basilius etc. ([Albae Jvliae, 1568)]. <br \/><strong>Irod.:<\/strong> Cat. Bibl. T.-B.; <\/br><\/p>\n","protected":false},"excerpt":{"rendered":"<p>? \u2020 ? : unit. pap. \u2013 Nagyv\u00e1radon lelk\u00e9sz, ahol h\u00e1romezer lelket t\u00e9r\u00edtett meg. Nagyteremiben a S\u00fck\u00f6sd\u00f6k birtok\u00e1n volt lelk\u00e9sz (1583 k.), itt fejezte be k\u00e9zirat\u00e1t, a gyermeki \u00e1jtat\u00f3s\u00e1g gyakorl\u00e1s\u00e1ra szolg\u00e1l\u00f3 k\u00e1t\u00e9t. \u2013 F. m.: Exercitium pietatis puerilis per Cathecesim in schola Claudiopolitana (1583); [D\u00e1vid Ferenc. Brevis enarratio dispvtationis Albanae de Deo trino et Christi [&hellip;]<\/p>\n","protected":false},"featured_media":0,"comment_status":"open","ping_status":"closed","template":"","meta":[],"product_brand":[],"product_cat":[137],"product_tag":[],"class_list":{"0":"post-4176","1":"product","2":"type-product","3":"status-publish","5":"product_cat-maros-megyei-eletrajzi-lexikon","7":"first","8":"instock","9":"shipping-taxable","10":"product-type-simple"},"_links":{"self":[{"href":"https:\/\/uj.adatbank.ro\/lexikon\/wp-json\/wp\/v2\/product\/4176","targetHints":{"allow":["GET"]}}],"collection":[{"href":"https:\/\/uj.adatbank.ro\/lexikon\/wp-json\/wp\/v2\/product"}],"about":[{"href":"https:\/\/uj.adatbank.ro\/lexikon\/wp-json\/wp\/v2\/types\/product"}],"replies":[{"embeddable":true,"href":"https:\/\/uj.adatbank.ro\/lexikon\/wp-json\/wp\/v2\/comments?post=4176"}],"wp:attachment":[{"href":"https:\/\/uj.adatbank.ro\/lexikon\/wp-json\/wp\/v2\/media?parent=4176"}],"wp:term":[{"taxonomy":"product_brand","embeddable":true,"href":"https:\/\/uj.adatbank.ro\/lexikon\/wp-json\/wp\/v2\/product_brand?post=4176"},{"taxonomy":"product_cat","embeddable":true,"href":"https:\/\/uj.adatbank.ro\/lexikon\/wp-json\/wp\/v2\/product_cat?post=4176"},{"taxonomy":"product_tag","embeddable":true,"href":"https:\/\/uj.adatbank.ro\/lexikon\/wp-json\/wp\/v2\/product_tag?post=4176"}],"curies":[{"name":"wp","href":"https:\/\/api.w.org\/{rel}","templated":true}]}}