{"id":4178,"date":"2025-06-28T16:30:35","date_gmt":"2025-06-28T14:30:35","guid":{"rendered":"https:\/\/uj.adatbank.ro\/lexikon\/termek\/basta-giorgio-basta-gyorgy-basta-gyorgy\/"},"modified":"2025-06-28T16:30:35","modified_gmt":"2025-06-28T14:30:35","slug":"basta-giorgio-basta-gyorgy-basta-gyorgy","status":"publish","type":"product","link":"https:\/\/uj.adatbank.ro\/lexikon\/termek\/basta-giorgio-basta-gyorgy-basta-gyorgy\/","title":{"rendered":"BASTA Giorgio, Basta Gy\u00f6rgy, B\u00e1sta Gy\u00f6rgy"},"content":{"rendered":"<p>1544., \u2020\u00a01607.: osztr\u00e1k cs\u00e1sz\u00e1ri hadvez\u00e9r, t\u00e1borszernagy. \u2013 Cs\u00e1sz\u00e1ri gener\u00e1lis, Goroszl\u00f3n\u00e1l legy\u0151zte B\u00e1thori Zsigmond sereg\u00e9t (?). Segesv\u00e1ron (1600. nov. 9.) \u00e9s a Ny\u00e1r\u00e1dt\u0151i t\u00e1borb\u00f3l levelek \u00e1ltal ad utas\u00edt\u00e1sokat (1601. okt. 5. \u2014okt. 19.) Beszterce, Segesv\u00e1r v\u00e1ros tan\u00e1csainak \u00e9s Bihar vm. rendeinek). A cs\u00e1sz\u00e1r nev\u00e9ben korm\u00e1nyozta Erd\u00e9lyt zsarnoki m\u00f3don (1601\u20131604). A mv.-i V\u00e1rdombon l\u00e9v\u0151 Nagytemplom, amit a ferencesek \u00e9p\u00edtettek (14. sz.), a ref.-ok tulajdon\u00e1ba ker\u00fclt (1599\u2013). A t\u00f6r\u00f6k-tat\u00e1r csapatok feld\u00falt\u00e1k a templomot \u00e9s B. csapatai felgy\u00fajtott\u00e1k. Az \u00e1ltala vezetett zsoldos csapatok, nem kim\u00e9lt\u00e9k a templomot sem a tornyot \u00e9s iskol\u00e1t, elrabolt\u00e1k a v\u00e1roslak\u00f3k javait, amit a templomba menek\u00edtettek (1601. aug. 10). A mai v\u00e1r hely\u00e9n akkor m\u00e9g megl\u00e9v\u0151 kisebb er\u0151d\u00edtm\u00e9nyt is lerombolt\u00e1k, elpusztult a v\u00e1rbeli kolostor, a templom orgon\u00e1ja, a festett ablakai, az iskola. A lak\u00f3sok elmenek\u00fcltek a k\u00f6zeli erd\u0151kbe, Segesv\u00e1rra, G\u00f6rg\u00e9nybe \u00e9s Radn\u00f3tra. A zsoldj\u00e1ban \u00e1ll\u00f3 N\u00e9methy Gergely 400 hajd\u00faja gar\u00e1zd\u00e1lkodott, rabolt \u00e9s gy\u00fajtogatott (1602. j\u00fan. 3\u20136.). Nagy volt a v\u00e1ros \u00e9s Marossz\u00e9k n\u00e9pess\u00e9gvesztess\u00e9ge, a d\u00fal\u00e1sok ut\u00e1n falvak maradtak puszt\u00e1k. Pl. Pagocsa falu n\u00e9p\u00e9t Basta seregei puszt\u00edtott\u00e1k ki, a ref. templom is ekkor semmis\u00fclt meg; Alm\u00e1s, ma Pusztaalm\u00e1s, kat. egyh\u00e1za \u00e9s temploma volt, a Basta korszak h\u00e1bor\u00fas puszt\u00edt\u00e1sai nyom\u00e1n lett puszta; Ny\u00e1r\u00e1dt\u0151n a templomba menek\u00fclt \u201elakosokra ontott\u00e1k a templomot\u201d (1601). A t\u00e1rsadalomszerkezetet t\u00fckr\u00f6zik a Basta-kori \u00f6ssze\u00edr\u00e1sok, amikor \u00f6ssze\u00edrt\u00e1k a hadra foghat\u00f3 f\u00e9rfiakat, az \u00e1ltala cs\u00e1sz\u00e1ri h\u0171s\u00e9gre eskeztett marossz\u00e9ki nemeseket, l\u00f3f\u0151ket \u00e9s szabad sz\u00e9kelyeket, darabantokat (1602. aug. 16., 1603. febr. 7). Mv.-en 172 f\u00e9rfit eskettek fel a cs\u00e1sz\u00e1r \u00e9s B. h\u0171s\u00e9g\u00e9re. Utas\u00edtotta a v\u00e1ros f\u0151b\u00edr\u00f3j\u00e1t \u00e9s tan\u00e1cs\u00e1t, hogy a nemesek is seg\u00edtkezzenek az iskola \u00e9s templom \u00fajj\u00e1\u00e9p\u00edt\u00e9s\u00e9ben, enged\u00e9lyezte hogy templomv\u00e1r alakban er\u0151s\u00edts\u00e9k meg a templomot (1603. jan. 28.). Ekkor kezdt\u00e9k el a Szab\u00f3k b\u00e1sty\u00e1j\u00e1nak \u00e9p\u00edt\u00e9s\u00e9t (befejezt\u00e9k 1604-ben). \u2013 <strong>F. m.:<\/strong> Basta Giorgio. Basta Gy\u00f6rgy hadvez\u00e9r levelez\u00e9se \u00e9s iratati = Epistole et acta generalis Georgii Basta (1597\u20131607) \/ hazai \u00e9s k\u00fclf\u00f6ldi lev\u00e9lt\u00e1rakban gy\u0171jt\u00f6tte \u00e9s k\u00f6zrebocs\u00e1tja Dr. Veress Endre. 1\u20132. k\u00f6t. (1. k\u00f6t.: 1597\u20131602.; 2. k\u00f6t.: 1602\u20131607.; Bp., 1909, 1913). <br \/><strong>Irod.:<\/strong> Basta; Bodolai Gy\u00f6ngyi: Megfogyva b\u00e1r&#8230; (N\u00fa., 1995. aug. 18.); Dem\u00e9ny Lajos: Marossz\u00e9k \u00e9s a fejedelmi sz\u00e9kely politika (1595\u20131629) = P\u00e1l-Antal \u2013 Szab\u00f3 1.; Id\u0151t\u00e1r 1; K\u00e9nosi\u2013Uzoni 1., 2.; Keresztes Gyula: Renesz\u00e1nsz Mv.-en (N\u00fa., 1993. \u00e1pr. 9.); L\u00e9sty\u00e1n \u2013 templomok 1.; M. t\u00f6rt. t\u00e1r 18.; P\u00e1l Antal S\u00e1ndor: Mv. \u2013 a szabad kir\u00e1lyi v\u00e1ros. (N\u00fa., 2016. \u00e1pr. 29.; 2016. m\u00e1j. 6.; 2016. m\u00e1j. 27.); SzOkl \u00das 4.<\/br><\/p>\n","protected":false},"excerpt":{"rendered":"<p>1544., \u2020\u00a01607.: osztr\u00e1k cs\u00e1sz\u00e1ri hadvez\u00e9r, t\u00e1borszernagy. \u2013 Cs\u00e1sz\u00e1ri gener\u00e1lis, Goroszl\u00f3n\u00e1l legy\u0151zte B\u00e1thori Zsigmond sereg\u00e9t (?). Segesv\u00e1ron (1600. nov. 9.) \u00e9s a Ny\u00e1r\u00e1dt\u0151i t\u00e1borb\u00f3l levelek \u00e1ltal ad utas\u00edt\u00e1sokat (1601. okt. 5. \u2014okt. 19.) Beszterce, Segesv\u00e1r v\u00e1ros tan\u00e1csainak \u00e9s Bihar vm. rendeinek). A cs\u00e1sz\u00e1r nev\u00e9ben korm\u00e1nyozta Erd\u00e9lyt zsarnoki m\u00f3don (1601\u20131604). A mv.-i V\u00e1rdombon l\u00e9v\u0151 Nagytemplom, amit a [&hellip;]<\/p>\n","protected":false},"featured_media":0,"comment_status":"open","ping_status":"closed","template":"","meta":[],"product_brand":[],"product_cat":[137],"product_tag":[],"class_list":{"0":"post-4178","1":"product","2":"type-product","3":"status-publish","5":"product_cat-maros-megyei-eletrajzi-lexikon","7":"first","8":"instock","9":"shipping-taxable","10":"product-type-simple"},"_links":{"self":[{"href":"https:\/\/uj.adatbank.ro\/lexikon\/wp-json\/wp\/v2\/product\/4178","targetHints":{"allow":["GET"]}}],"collection":[{"href":"https:\/\/uj.adatbank.ro\/lexikon\/wp-json\/wp\/v2\/product"}],"about":[{"href":"https:\/\/uj.adatbank.ro\/lexikon\/wp-json\/wp\/v2\/types\/product"}],"replies":[{"embeddable":true,"href":"https:\/\/uj.adatbank.ro\/lexikon\/wp-json\/wp\/v2\/comments?post=4178"}],"wp:attachment":[{"href":"https:\/\/uj.adatbank.ro\/lexikon\/wp-json\/wp\/v2\/media?parent=4178"}],"wp:term":[{"taxonomy":"product_brand","embeddable":true,"href":"https:\/\/uj.adatbank.ro\/lexikon\/wp-json\/wp\/v2\/product_brand?post=4178"},{"taxonomy":"product_cat","embeddable":true,"href":"https:\/\/uj.adatbank.ro\/lexikon\/wp-json\/wp\/v2\/product_cat?post=4178"},{"taxonomy":"product_tag","embeddable":true,"href":"https:\/\/uj.adatbank.ro\/lexikon\/wp-json\/wp\/v2\/product_tag?post=4178"}],"curies":[{"name":"wp","href":"https:\/\/api.w.org\/{rel}","templated":true}]}}