{"id":4179,"date":"2025-06-28T16:30:38","date_gmt":"2025-06-28T14:30:38","guid":{"rendered":"https:\/\/uj.adatbank.ro\/lexikon\/termek\/bataga-tiberiu\/"},"modified":"2025-06-28T16:30:38","modified_gmt":"2025-06-28T14:30:38","slug":"bataga-tiberiu","status":"publish","type":"product","link":"https:\/\/uj.adatbank.ro\/lexikon\/termek\/bataga-tiberiu\/","title":{"rendered":"B\u0102\u0162AG\u0102 Tiberiu"},"content":{"rendered":"<p>Mv., 1936. aug. 28., \u2020 Mv., 2001.: rend\u0151rtiszt, ezredes. \u2013 Tiszti rangjai: hadnagy (1958), kapit\u00e1ny (1968), alezredes (1973), ezredes (1979). Katonai egys\u00e9gek, ahol szolg\u00e1lt: MAT Igazgat\u00f3s\u00e1ga (1956\u201368), helyettes parancsnok a Hargita Megyei Securitate Inspektor\u00e1tus\u00e1n (1969); Maros Megye Securitate Inspektor\u00e1tusa (1969\u201389), ahol az I. \u00fcgyoszt\u00e1ly vezet\u0151je, fel\u00fcgyel\u0151s\u00e9gi f\u0151n\u00f6k (1973\u201384). Lev\u00e1ltott\u00e1k, mint a mv.-i Securitate f\u0151n\u00f6k\u00e9t (1985. m\u00e1rc. 17.) \u00e9s hely\u00e9be Kv.-r\u00f3l Ioana ezredest helyezt\u00e9k Mv.-re. Tov\u00e1bbra is ezredes (1985. nov.). <br \/><strong>Irod.:<\/strong> http: \/\/www. cnsas. ro\/documente\/cadrele securit\u0103\u0163ii\/BATAGA TIBERIU. pdf.; Aranykorszak; Bartos 2012; Id\u0151t\u00e1r 4.<\/br><\/p>\n","protected":false},"excerpt":{"rendered":"<p>Mv., 1936. aug. 28., \u2020 Mv., 2001.: rend\u0151rtiszt, ezredes. \u2013 Tiszti rangjai: hadnagy (1958), kapit\u00e1ny (1968), alezredes (1973), ezredes (1979). Katonai egys\u00e9gek, ahol szolg\u00e1lt: MAT Igazgat\u00f3s\u00e1ga (1956\u201368), helyettes parancsnok a Hargita Megyei Securitate Inspektor\u00e1tus\u00e1n (1969); Maros Megye Securitate Inspektor\u00e1tusa (1969\u201389), ahol az I. \u00fcgyoszt\u00e1ly vezet\u0151je, fel\u00fcgyel\u0151s\u00e9gi f\u0151n\u00f6k (1973\u201384). Lev\u00e1ltott\u00e1k, mint a mv.-i Securitate f\u0151n\u00f6k\u00e9t (1985. [&hellip;]<\/p>\n","protected":false},"featured_media":0,"comment_status":"open","ping_status":"closed","template":"","meta":[],"product_brand":[],"product_cat":[137],"product_tag":[],"class_list":{"0":"post-4179","1":"product","2":"type-product","3":"status-publish","5":"product_cat-maros-megyei-eletrajzi-lexikon","7":"first","8":"instock","9":"shipping-taxable","10":"product-type-simple"},"_links":{"self":[{"href":"https:\/\/uj.adatbank.ro\/lexikon\/wp-json\/wp\/v2\/product\/4179","targetHints":{"allow":["GET"]}}],"collection":[{"href":"https:\/\/uj.adatbank.ro\/lexikon\/wp-json\/wp\/v2\/product"}],"about":[{"href":"https:\/\/uj.adatbank.ro\/lexikon\/wp-json\/wp\/v2\/types\/product"}],"replies":[{"embeddable":true,"href":"https:\/\/uj.adatbank.ro\/lexikon\/wp-json\/wp\/v2\/comments?post=4179"}],"wp:attachment":[{"href":"https:\/\/uj.adatbank.ro\/lexikon\/wp-json\/wp\/v2\/media?parent=4179"}],"wp:term":[{"taxonomy":"product_brand","embeddable":true,"href":"https:\/\/uj.adatbank.ro\/lexikon\/wp-json\/wp\/v2\/product_brand?post=4179"},{"taxonomy":"product_cat","embeddable":true,"href":"https:\/\/uj.adatbank.ro\/lexikon\/wp-json\/wp\/v2\/product_cat?post=4179"},{"taxonomy":"product_tag","embeddable":true,"href":"https:\/\/uj.adatbank.ro\/lexikon\/wp-json\/wp\/v2\/product_tag?post=4179"}],"curies":[{"name":"wp","href":"https:\/\/api.w.org\/{rel}","templated":true}]}}