{"id":4182,"date":"2025-06-28T16:30:48","date_gmt":"2025-06-28T14:30:48","guid":{"rendered":"https:\/\/uj.adatbank.ro\/lexikon\/termek\/bateau-peter\/"},"modified":"2025-06-28T16:30:48","modified_gmt":"2025-06-28T14:30:48","slug":"bateau-peter","status":"publish","type":"product","link":"https:\/\/uj.adatbank.ro\/lexikon\/termek\/bateau-peter\/","title":{"rendered":"BATEAU P\u00e9ter"},"content":{"rendered":"<p>Marosliget, 1894., \u2020\u00a0? : k\u0151rjegyz\u0151 \u2013 K\u00f6z\u00e9piskol\u00e1it Bal\u00e1zsfalv\u00e1n v\u00e9gezte, k\u00f6zigazgat\u00e1si tanfolyamot, Kv.-on egyetemet is v\u00e9gzett. Fels\u0151r\u00e9p\u00e1n k\u0151rjegyz\u0151 volt. A r\u00e9geni vad\u00e1szt\u00e1rsas\u00e1g d\u00edszeln\u00f6ke, vad\u00e1szati fel\u00fcgyel\u0151 volt. Az els\u0151 vh.-ban az orosz \u00e9s olasz fronton harcolt. II. ez\u00fcst, bronz vit. \u00e9rem, a K\u00e1roly Csapatkereszt \u00e9s vaskereszt kit\u00fcntetettje. <br \/><strong>Irod.:<\/strong> Sz\u00e9kelyf\u00f6ld \u00ed. k.<\/br><\/p>\n","protected":false},"excerpt":{"rendered":"<p>Marosliget, 1894., \u2020\u00a0? : k\u0151rjegyz\u0151 \u2013 K\u00f6z\u00e9piskol\u00e1it Bal\u00e1zsfalv\u00e1n v\u00e9gezte, k\u00f6zigazgat\u00e1si tanfolyamot, Kv.-on egyetemet is v\u00e9gzett. Fels\u0151r\u00e9p\u00e1n k\u0151rjegyz\u0151 volt. A r\u00e9geni vad\u00e1szt\u00e1rsas\u00e1g d\u00edszeln\u00f6ke, vad\u00e1szati fel\u00fcgyel\u0151 volt. Az els\u0151 vh.-ban az orosz \u00e9s olasz fronton harcolt. II. ez\u00fcst, bronz vit. \u00e9rem, a K\u00e1roly Csapatkereszt \u00e9s vaskereszt kit\u00fcntetettje. Irod.: Sz\u00e9kelyf\u00f6ld \u00ed. k.<\/p>\n","protected":false},"featured_media":0,"comment_status":"open","ping_status":"closed","template":"","meta":[],"product_brand":[],"product_cat":[137],"product_tag":[],"class_list":{"0":"post-4182","1":"product","2":"type-product","3":"status-publish","5":"product_cat-maros-megyei-eletrajzi-lexikon","7":"first","8":"instock","9":"shipping-taxable","10":"product-type-simple"},"_links":{"self":[{"href":"https:\/\/uj.adatbank.ro\/lexikon\/wp-json\/wp\/v2\/product\/4182","targetHints":{"allow":["GET"]}}],"collection":[{"href":"https:\/\/uj.adatbank.ro\/lexikon\/wp-json\/wp\/v2\/product"}],"about":[{"href":"https:\/\/uj.adatbank.ro\/lexikon\/wp-json\/wp\/v2\/types\/product"}],"replies":[{"embeddable":true,"href":"https:\/\/uj.adatbank.ro\/lexikon\/wp-json\/wp\/v2\/comments?post=4182"}],"wp:attachment":[{"href":"https:\/\/uj.adatbank.ro\/lexikon\/wp-json\/wp\/v2\/media?parent=4182"}],"wp:term":[{"taxonomy":"product_brand","embeddable":true,"href":"https:\/\/uj.adatbank.ro\/lexikon\/wp-json\/wp\/v2\/product_brand?post=4182"},{"taxonomy":"product_cat","embeddable":true,"href":"https:\/\/uj.adatbank.ro\/lexikon\/wp-json\/wp\/v2\/product_cat?post=4182"},{"taxonomy":"product_tag","embeddable":true,"href":"https:\/\/uj.adatbank.ro\/lexikon\/wp-json\/wp\/v2\/product_tag?post=4182"}],"curies":[{"name":"wp","href":"https:\/\/api.w.org\/{rel}","templated":true}]}}