{"id":4184,"date":"2025-06-28T16:30:54","date_gmt":"2025-06-28T14:30:54","guid":{"rendered":"https:\/\/uj.adatbank.ro\/lexikon\/termek\/bathori-andras-bartory-andras\/"},"modified":"2025-06-28T16:30:54","modified_gmt":"2025-06-28T14:30:54","slug":"bathori-andras-bartory-andras","status":"publish","type":"product","link":"https:\/\/uj.adatbank.ro\/lexikon\/termek\/bathori-andras-bartory-andras\/","title":{"rendered":"B\u00c1THORI Andr\u00e1s, B\u00e1rtory Andr\u00e1s"},"content":{"rendered":"<p>? \u2020 ? : lovaskapit\u00e1ny. \u2013 B. Istv\u00e1n fejedelem legid\u0151sebb b\u00e1tyja. \u2013 Mint lovaskapit\u00e1ny \u00e1llom\u00e1sozott Sz\u00e9kelyv\u00e1s\u00e1rhelyen (1552\u201354). R\u00e9szt vett az erd\u00e9lyi ogy.-en (1554) \u00e9s lev\u00e9lben tud\u00f3s\u00edtotta nagyb\u00e1tyj\u00e1t, N\u00e1dasdi Tam\u00e1s horv\u00e1t b\u00e1n \u00e9s n\u00e1ndort. <br \/><strong>Irod.:<\/strong> Id\u0151t\u00e1r 1.<\/br><\/p>\n","protected":false},"excerpt":{"rendered":"<p>? \u2020 ? : lovaskapit\u00e1ny. \u2013 B. Istv\u00e1n fejedelem legid\u0151sebb b\u00e1tyja. \u2013 Mint lovaskapit\u00e1ny \u00e1llom\u00e1sozott Sz\u00e9kelyv\u00e1s\u00e1rhelyen (1552\u201354). R\u00e9szt vett az erd\u00e9lyi ogy.-en (1554) \u00e9s lev\u00e9lben tud\u00f3s\u00edtotta nagyb\u00e1tyj\u00e1t, N\u00e1dasdi Tam\u00e1s horv\u00e1t b\u00e1n \u00e9s n\u00e1ndort. Irod.: Id\u0151t\u00e1r 1.<\/p>\n","protected":false},"featured_media":0,"comment_status":"open","ping_status":"closed","template":"","meta":[],"product_brand":[],"product_cat":[137],"product_tag":[],"class_list":{"0":"post-4184","1":"product","2":"type-product","3":"status-publish","5":"product_cat-maros-megyei-eletrajzi-lexikon","7":"first","8":"instock","9":"shipping-taxable","10":"product-type-simple"},"_links":{"self":[{"href":"https:\/\/uj.adatbank.ro\/lexikon\/wp-json\/wp\/v2\/product\/4184","targetHints":{"allow":["GET"]}}],"collection":[{"href":"https:\/\/uj.adatbank.ro\/lexikon\/wp-json\/wp\/v2\/product"}],"about":[{"href":"https:\/\/uj.adatbank.ro\/lexikon\/wp-json\/wp\/v2\/types\/product"}],"replies":[{"embeddable":true,"href":"https:\/\/uj.adatbank.ro\/lexikon\/wp-json\/wp\/v2\/comments?post=4184"}],"wp:attachment":[{"href":"https:\/\/uj.adatbank.ro\/lexikon\/wp-json\/wp\/v2\/media?parent=4184"}],"wp:term":[{"taxonomy":"product_brand","embeddable":true,"href":"https:\/\/uj.adatbank.ro\/lexikon\/wp-json\/wp\/v2\/product_brand?post=4184"},{"taxonomy":"product_cat","embeddable":true,"href":"https:\/\/uj.adatbank.ro\/lexikon\/wp-json\/wp\/v2\/product_cat?post=4184"},{"taxonomy":"product_tag","embeddable":true,"href":"https:\/\/uj.adatbank.ro\/lexikon\/wp-json\/wp\/v2\/product_tag?post=4184"}],"curies":[{"name":"wp","href":"https:\/\/api.w.org\/{rel}","templated":true}]}}