{"id":4185,"date":"2025-06-28T16:30:57","date_gmt":"2025-06-28T14:30:57","guid":{"rendered":"https:\/\/uj.adatbank.ro\/lexikon\/termek\/bathori-daniel-de-kovaszna\/"},"modified":"2025-06-28T16:30:57","modified_gmt":"2025-06-28T14:30:57","slug":"bathori-daniel-de-kovaszna","status":"publish","type":"product","link":"https:\/\/uj.adatbank.ro\/lexikon\/termek\/bathori-daniel-de-kovaszna\/","title":{"rendered":"B\u00c1THORI D\u00e1niel, de Kov\u00e1szna"},"content":{"rendered":"<p>Dics\u0151szentm\u00e1rton, ? \u2020 Sz\u00e9k, 1886.: ref. lelk\u00e9sz. \u2013 Tanult Mv.-en (1824), majd B\u00e9csben volt t\u00f3g\u00e1s di\u00e1k (1832\u2013), a n\u00e9met nyelv praeceptora \u00e9s protest\u00e1ns teol\u00f3gi\u00e1t v\u00e9gzett (1841). Sz\u00e9ken lett lelkip\u00e1sztor. Az als\u00f3csern\u00e1toni ref. zsinat szentelte papp\u00e1 (1843). A sz\u00e9ki egyh\u00e1zmegye esperese (1855\u201386). <br \/><strong>Irod.:<\/strong> Szab\u00f3\u2013Sz\u00f6gi<\/br><\/p>\n","protected":false},"excerpt":{"rendered":"<p>Dics\u0151szentm\u00e1rton, ? \u2020 Sz\u00e9k, 1886.: ref. lelk\u00e9sz. \u2013 Tanult Mv.-en (1824), majd B\u00e9csben volt t\u00f3g\u00e1s di\u00e1k (1832\u2013), a n\u00e9met nyelv praeceptora \u00e9s protest\u00e1ns teol\u00f3gi\u00e1t v\u00e9gzett (1841). Sz\u00e9ken lett lelkip\u00e1sztor. Az als\u00f3csern\u00e1toni ref. zsinat szentelte papp\u00e1 (1843). A sz\u00e9ki egyh\u00e1zmegye esperese (1855\u201386). Irod.: Szab\u00f3\u2013Sz\u00f6gi<\/p>\n","protected":false},"featured_media":0,"comment_status":"open","ping_status":"closed","template":"","meta":[],"product_brand":[],"product_cat":[137],"product_tag":[],"class_list":{"0":"post-4185","1":"product","2":"type-product","3":"status-publish","5":"product_cat-maros-megyei-eletrajzi-lexikon","7":"first","8":"instock","9":"shipping-taxable","10":"product-type-simple"},"_links":{"self":[{"href":"https:\/\/uj.adatbank.ro\/lexikon\/wp-json\/wp\/v2\/product\/4185","targetHints":{"allow":["GET"]}}],"collection":[{"href":"https:\/\/uj.adatbank.ro\/lexikon\/wp-json\/wp\/v2\/product"}],"about":[{"href":"https:\/\/uj.adatbank.ro\/lexikon\/wp-json\/wp\/v2\/types\/product"}],"replies":[{"embeddable":true,"href":"https:\/\/uj.adatbank.ro\/lexikon\/wp-json\/wp\/v2\/comments?post=4185"}],"wp:attachment":[{"href":"https:\/\/uj.adatbank.ro\/lexikon\/wp-json\/wp\/v2\/media?parent=4185"}],"wp:term":[{"taxonomy":"product_brand","embeddable":true,"href":"https:\/\/uj.adatbank.ro\/lexikon\/wp-json\/wp\/v2\/product_brand?post=4185"},{"taxonomy":"product_cat","embeddable":true,"href":"https:\/\/uj.adatbank.ro\/lexikon\/wp-json\/wp\/v2\/product_cat?post=4185"},{"taxonomy":"product_tag","embeddable":true,"href":"https:\/\/uj.adatbank.ro\/lexikon\/wp-json\/wp\/v2\/product_tag?post=4185"}],"curies":[{"name":"wp","href":"https:\/\/api.w.org\/{rel}","templated":true}]}}