{"id":4186,"date":"2025-06-28T16:31:00","date_gmt":"2025-06-28T14:31:00","guid":{"rendered":"https:\/\/uj.adatbank.ro\/lexikon\/termek\/bathori-gabor-somlyoi-bathory-gabor\/"},"modified":"2025-06-28T16:31:00","modified_gmt":"2025-06-28T14:31:00","slug":"bathori-gabor-somlyoi-bathory-gabor","status":"publish","type":"product","link":"https:\/\/uj.adatbank.ro\/lexikon\/termek\/bathori-gabor-somlyoi-bathory-gabor\/","title":{"rendered":"B\u00c1THORI G\u00e1bor, somly\u00f3i, B\u00e1thory G\u00e1bor"},"content":{"rendered":"<p>1589. aug. 15., \u2020 Nagyv\u00e1rad, 1613. okt. 27.: Erd\u00e9ly fejedelme. \u2013 B. Istv\u00e1n \u00e9s Kosztka Zs\u00f3fia fia. \u2013 Erd\u00e9ly fejedelme (1608\u201313). Meger\u0151s\u00edtette Mv. v\u00e1rost a s\u00e1sv\u00e1ri, b\u00e1rdosi, sz\u00e9kelyfalvi \u00e9s marosszentannai szerzem\u00e9nyek birtokl\u00e1s\u00e1ban. A g\u00f6rg\u00e9nyi v\u00e1rat \u00e9s a hozz\u00e1tartoz\u00f3 ter\u00fcleteket birtokolta. Meg\u00e1lt V\u00e1s\u00e1rhelyen \u00fatban G\u00f6rg\u00e9ny v\u00e1r\u00e1ba (1613. febr. 11. \u00e9s m\u00e1rc.-ban), akkor a v\u00e1ros k\u00f6vets\u00e9get menesztett fogad\u00e1s\u00e1ra Meggyesfalv\u00e1ig. Borsos Tam\u00e1st a t\u00f6r\u00f6k port\u00e1ra k\u00fcldte k\u00f6vets\u00e9gbe (1613. \u00e1pr. 4); V\u00e1s\u00e1rhely al\u00f3l mag\u00e1hoz rendelte hadi n\u00e9p\u00e9t (hajd\u00fak, sz\u00e9kelyek, nemesi csapatok) felk\u00e9sz\u00fclve Szkender pasa t\u00e1mad\u00e1s\u00e1ra, aki Bethlen G\u00e1bort hozta a fejedelems\u00e9gre. <br \/><strong>Irod.:<\/strong> Aranka Gy\u00f6rgy; Orb\u00e1n Dezs\u0151; Id\u0151t\u00e1r 1; M\u00c9L; P\u00e1l Antal S\u00e1ndor: Mv. \u2013 a szabad kir\u00e1lyi v\u00e1ros (N\u00fa., 2016. \u00e1pr. 29.); Tr\u00f3cs\u00e1nyi 1988<\/br><\/p>\n","protected":false},"excerpt":{"rendered":"<p>1589. aug. 15., \u2020 Nagyv\u00e1rad, 1613. okt. 27.: Erd\u00e9ly fejedelme. \u2013 B. Istv\u00e1n \u00e9s Kosztka Zs\u00f3fia fia. \u2013 Erd\u00e9ly fejedelme (1608\u201313). Meger\u0151s\u00edtette Mv. v\u00e1rost a s\u00e1sv\u00e1ri, b\u00e1rdosi, sz\u00e9kelyfalvi \u00e9s marosszentannai szerzem\u00e9nyek birtokl\u00e1s\u00e1ban. A g\u00f6rg\u00e9nyi v\u00e1rat \u00e9s a hozz\u00e1tartoz\u00f3 ter\u00fcleteket birtokolta. Meg\u00e1lt V\u00e1s\u00e1rhelyen \u00fatban G\u00f6rg\u00e9ny v\u00e1r\u00e1ba (1613. febr. 11. \u00e9s m\u00e1rc.-ban), akkor a v\u00e1ros k\u00f6vets\u00e9get menesztett [&hellip;]<\/p>\n","protected":false},"featured_media":0,"comment_status":"open","ping_status":"closed","template":"","meta":[],"product_brand":[],"product_cat":[137],"product_tag":[],"class_list":{"0":"post-4186","1":"product","2":"type-product","3":"status-publish","5":"product_cat-maros-megyei-eletrajzi-lexikon","7":"first","8":"instock","9":"shipping-taxable","10":"product-type-simple"},"_links":{"self":[{"href":"https:\/\/uj.adatbank.ro\/lexikon\/wp-json\/wp\/v2\/product\/4186","targetHints":{"allow":["GET"]}}],"collection":[{"href":"https:\/\/uj.adatbank.ro\/lexikon\/wp-json\/wp\/v2\/product"}],"about":[{"href":"https:\/\/uj.adatbank.ro\/lexikon\/wp-json\/wp\/v2\/types\/product"}],"replies":[{"embeddable":true,"href":"https:\/\/uj.adatbank.ro\/lexikon\/wp-json\/wp\/v2\/comments?post=4186"}],"wp:attachment":[{"href":"https:\/\/uj.adatbank.ro\/lexikon\/wp-json\/wp\/v2\/media?parent=4186"}],"wp:term":[{"taxonomy":"product_brand","embeddable":true,"href":"https:\/\/uj.adatbank.ro\/lexikon\/wp-json\/wp\/v2\/product_brand?post=4186"},{"taxonomy":"product_cat","embeddable":true,"href":"https:\/\/uj.adatbank.ro\/lexikon\/wp-json\/wp\/v2\/product_cat?post=4186"},{"taxonomy":"product_tag","embeddable":true,"href":"https:\/\/uj.adatbank.ro\/lexikon\/wp-json\/wp\/v2\/product_tag?post=4186"}],"curies":[{"name":"wp","href":"https:\/\/api.w.org\/{rel}","templated":true}]}}