{"id":4187,"date":"2025-06-28T16:31:04","date_gmt":"2025-06-28T14:31:04","guid":{"rendered":"https:\/\/uj.adatbank.ro\/lexikon\/termek\/bathori-istvan\/"},"modified":"2025-06-28T16:31:04","modified_gmt":"2025-06-28T14:31:04","slug":"bathori-istvan","status":"publish","type":"product","link":"https:\/\/uj.adatbank.ro\/lexikon\/termek\/bathori-istvan\/","title":{"rendered":"B\u00c1THORI Istv\u00e1n"},"content":{"rendered":"<p>? \u2020\u00a0? : ref. lelk\u00e9sz. \u2013 Lelk\u00e9sz Bonyh\u00e1n (1727\u201334). A vizit\u00e1ci\u00f3kon \u00e9rt\u00e9kelt\u00e9k tev\u00e9kenys\u00e9g\u00e9t. A falub\u00f3l m\u00e9gis a tan\u00edt\u00f3 l\u00e1z\u00edt\u00e1sa miatt kellett t\u00e1voznia. Sz\u0151kefalv\u00e1n m\u0171k\u00f6d\u00f6tt (1763\u201365). <br \/><strong>Irod.:<\/strong> Jakab; Nagy L\u00e1szl\u00f3; Bonyha \u00e9s egyh\u00e1za<\/br><\/p>\n","protected":false},"excerpt":{"rendered":"<p>? \u2020\u00a0? : ref. lelk\u00e9sz. \u2013 Lelk\u00e9sz Bonyh\u00e1n (1727\u201334). A vizit\u00e1ci\u00f3kon \u00e9rt\u00e9kelt\u00e9k tev\u00e9kenys\u00e9g\u00e9t. A falub\u00f3l m\u00e9gis a tan\u00edt\u00f3 l\u00e1z\u00edt\u00e1sa miatt kellett t\u00e1voznia. Sz\u0151kefalv\u00e1n m\u0171k\u00f6d\u00f6tt (1763\u201365). Irod.: Jakab; Nagy L\u00e1szl\u00f3; Bonyha \u00e9s egyh\u00e1za<\/p>\n","protected":false},"featured_media":0,"comment_status":"open","ping_status":"closed","template":"","meta":[],"product_brand":[],"product_cat":[137],"product_tag":[],"class_list":{"0":"post-4187","1":"product","2":"type-product","3":"status-publish","5":"product_cat-maros-megyei-eletrajzi-lexikon","7":"first","8":"instock","9":"shipping-taxable","10":"product-type-simple"},"_links":{"self":[{"href":"https:\/\/uj.adatbank.ro\/lexikon\/wp-json\/wp\/v2\/product\/4187","targetHints":{"allow":["GET"]}}],"collection":[{"href":"https:\/\/uj.adatbank.ro\/lexikon\/wp-json\/wp\/v2\/product"}],"about":[{"href":"https:\/\/uj.adatbank.ro\/lexikon\/wp-json\/wp\/v2\/types\/product"}],"replies":[{"embeddable":true,"href":"https:\/\/uj.adatbank.ro\/lexikon\/wp-json\/wp\/v2\/comments?post=4187"}],"wp:attachment":[{"href":"https:\/\/uj.adatbank.ro\/lexikon\/wp-json\/wp\/v2\/media?parent=4187"}],"wp:term":[{"taxonomy":"product_brand","embeddable":true,"href":"https:\/\/uj.adatbank.ro\/lexikon\/wp-json\/wp\/v2\/product_brand?post=4187"},{"taxonomy":"product_cat","embeddable":true,"href":"https:\/\/uj.adatbank.ro\/lexikon\/wp-json\/wp\/v2\/product_cat?post=4187"},{"taxonomy":"product_tag","embeddable":true,"href":"https:\/\/uj.adatbank.ro\/lexikon\/wp-json\/wp\/v2\/product_tag?post=4187"}],"curies":[{"name":"wp","href":"https:\/\/api.w.org\/{rel}","templated":true}]}}