{"id":4196,"date":"2025-06-28T16:31:32","date_gmt":"2025-06-28T14:31:32","guid":{"rendered":"https:\/\/uj.adatbank.ro\/lexikon\/termek\/batiz-sarolta\/"},"modified":"2025-06-28T16:31:32","modified_gmt":"2025-06-28T14:31:32","slug":"batiz-sarolta","status":"publish","type":"product","link":"https:\/\/uj.adatbank.ro\/lexikon\/termek\/batiz-sarolta\/","title":{"rendered":"BATIZ Sarolta"},"content":{"rendered":"<p>Firtosmartonos, 1917. m\u00e1rc. 18. \u2020 ? : tan\u00edt\u00f3n\u0151, f\u00f6ldrajz-biol\u00f3gia szakos tan\u00e1r. \u2013 K\u00f6z\u00e9piskol\u00e1it Sz\u00e1szr\u00e9genben a tan\u00edt\u00f3k\u00e9pz\u0151t Nagyszebenben v\u00e9gezte (1938). Tan\u00edtott Mez\u0151r\u00fccs (1940\u2013), R\u00e9gen, \u00c1kosfalva, Sz\u00e9kelycs\u00f3ka, Mez\u0151fele \u00e9s a Mez\u0151cs\u00e1v\u00e1s iskol\u00e1iban. <br \/><strong>Irod.:<\/strong> Omagiu, Sz\u00e9kelycs\u00f3ka; Sz\u00e9kelyf\u00f6ld \u00ed. k.<\/br><\/p>\n","protected":false},"excerpt":{"rendered":"<p>Firtosmartonos, 1917. m\u00e1rc. 18. \u2020 ? : tan\u00edt\u00f3n\u0151, f\u00f6ldrajz-biol\u00f3gia szakos tan\u00e1r. \u2013 K\u00f6z\u00e9piskol\u00e1it Sz\u00e1szr\u00e9genben a tan\u00edt\u00f3k\u00e9pz\u0151t Nagyszebenben v\u00e9gezte (1938). Tan\u00edtott Mez\u0151r\u00fccs (1940\u2013), R\u00e9gen, \u00c1kosfalva, Sz\u00e9kelycs\u00f3ka, Mez\u0151fele \u00e9s a Mez\u0151cs\u00e1v\u00e1s iskol\u00e1iban. Irod.: Omagiu, Sz\u00e9kelycs\u00f3ka; Sz\u00e9kelyf\u00f6ld \u00ed. k.<\/p>\n","protected":false},"featured_media":0,"comment_status":"open","ping_status":"closed","template":"","meta":[],"product_brand":[],"product_cat":[137],"product_tag":[],"class_list":{"0":"post-4196","1":"product","2":"type-product","3":"status-publish","5":"product_cat-maros-megyei-eletrajzi-lexikon","7":"first","8":"instock","9":"shipping-taxable","10":"product-type-simple"},"_links":{"self":[{"href":"https:\/\/uj.adatbank.ro\/lexikon\/wp-json\/wp\/v2\/product\/4196","targetHints":{"allow":["GET"]}}],"collection":[{"href":"https:\/\/uj.adatbank.ro\/lexikon\/wp-json\/wp\/v2\/product"}],"about":[{"href":"https:\/\/uj.adatbank.ro\/lexikon\/wp-json\/wp\/v2\/types\/product"}],"replies":[{"embeddable":true,"href":"https:\/\/uj.adatbank.ro\/lexikon\/wp-json\/wp\/v2\/comments?post=4196"}],"wp:attachment":[{"href":"https:\/\/uj.adatbank.ro\/lexikon\/wp-json\/wp\/v2\/media?parent=4196"}],"wp:term":[{"taxonomy":"product_brand","embeddable":true,"href":"https:\/\/uj.adatbank.ro\/lexikon\/wp-json\/wp\/v2\/product_brand?post=4196"},{"taxonomy":"product_cat","embeddable":true,"href":"https:\/\/uj.adatbank.ro\/lexikon\/wp-json\/wp\/v2\/product_cat?post=4196"},{"taxonomy":"product_tag","embeddable":true,"href":"https:\/\/uj.adatbank.ro\/lexikon\/wp-json\/wp\/v2\/product_tag?post=4196"}],"curies":[{"name":"wp","href":"https:\/\/api.w.org\/{rel}","templated":true}]}}