{"id":4197,"date":"2025-06-28T16:31:35","date_gmt":"2025-06-28T14:31:35","guid":{"rendered":"https:\/\/uj.adatbank.ro\/lexikon\/termek\/batizi-andras\/"},"modified":"2025-06-28T16:31:35","modified_gmt":"2025-06-28T14:31:35","slug":"batizi-andras","status":"publish","type":"product","link":"https:\/\/uj.adatbank.ro\/lexikon\/termek\/batizi-andras\/","title":{"rendered":"BATIZI Andr\u00e1s"},"content":{"rendered":"<p>? \u2020\u00a0? : lakatos. \u2013 R\u00e9szt vett a Kir. T\u00e1bla sz\u00e9kh\u00e1z\u00e1nak jav\u00edt\u00e1si munk\u00e1lataiban, z\u00e1rakat k\u00e9sz\u00edtett az \u00e9p\u00fcletben (1812). <br \/><strong>Irod.:<\/strong> Orb\u00e1n J\u00e1nos: A Kir. T\u00e1bla els\u0151 k\u00e9t Mv.-i sz\u00e9kh\u00e1za  = St\u00edlusok, m\u0171vek, mesterek<\/br><\/p>\n","protected":false},"excerpt":{"rendered":"<p>? \u2020\u00a0? : lakatos. \u2013 R\u00e9szt vett a Kir. T\u00e1bla sz\u00e9kh\u00e1z\u00e1nak jav\u00edt\u00e1si munk\u00e1lataiban, z\u00e1rakat k\u00e9sz\u00edtett az \u00e9p\u00fcletben (1812). Irod.: Orb\u00e1n J\u00e1nos: A Kir. T\u00e1bla els\u0151 k\u00e9t Mv.-i sz\u00e9kh\u00e1za = St\u00edlusok, m\u0171vek, mesterek<\/p>\n","protected":false},"featured_media":0,"comment_status":"open","ping_status":"closed","template":"","meta":[],"product_brand":[],"product_cat":[137],"product_tag":[],"class_list":{"0":"post-4197","1":"product","2":"type-product","3":"status-publish","5":"product_cat-maros-megyei-eletrajzi-lexikon","7":"first","8":"instock","9":"shipping-taxable","10":"product-type-simple"},"_links":{"self":[{"href":"https:\/\/uj.adatbank.ro\/lexikon\/wp-json\/wp\/v2\/product\/4197","targetHints":{"allow":["GET"]}}],"collection":[{"href":"https:\/\/uj.adatbank.ro\/lexikon\/wp-json\/wp\/v2\/product"}],"about":[{"href":"https:\/\/uj.adatbank.ro\/lexikon\/wp-json\/wp\/v2\/types\/product"}],"replies":[{"embeddable":true,"href":"https:\/\/uj.adatbank.ro\/lexikon\/wp-json\/wp\/v2\/comments?post=4197"}],"wp:attachment":[{"href":"https:\/\/uj.adatbank.ro\/lexikon\/wp-json\/wp\/v2\/media?parent=4197"}],"wp:term":[{"taxonomy":"product_brand","embeddable":true,"href":"https:\/\/uj.adatbank.ro\/lexikon\/wp-json\/wp\/v2\/product_brand?post=4197"},{"taxonomy":"product_cat","embeddable":true,"href":"https:\/\/uj.adatbank.ro\/lexikon\/wp-json\/wp\/v2\/product_cat?post=4197"},{"taxonomy":"product_tag","embeddable":true,"href":"https:\/\/uj.adatbank.ro\/lexikon\/wp-json\/wp\/v2\/product_tag?post=4197"}],"curies":[{"name":"wp","href":"https:\/\/api.w.org\/{rel}","templated":true}]}}