{"id":4199,"date":"2025-06-28T16:31:41","date_gmt":"2025-06-28T14:31:41","guid":{"rendered":"https:\/\/uj.adatbank.ro\/lexikon\/termek\/batizi-miklos-batizfalvi\/"},"modified":"2025-06-28T16:31:41","modified_gmt":"2025-06-28T14:31:41","slug":"batizi-miklos-batizfalvi","status":"publish","type":"product","link":"https:\/\/uj.adatbank.ro\/lexikon\/termek\/batizi-miklos-batizfalvi\/","title":{"rendered":"BATIZI Mikl\u00f3s, batizfalvi"},"content":{"rendered":"<p>? \u2020\u00a0?: : kihalt r\u00e9gi nemes csal\u00e1d, B. Mikl\u00f3s de Batizfalva (1545) \u00e9s B. Georgius (1553), mint megyei bir\u00e1k voltak ismertek. <br \/><strong>Irod.:<\/strong> P\u00e1lmay<\/br><\/p>\n","protected":false},"excerpt":{"rendered":"<p>? \u2020\u00a0?: : kihalt r\u00e9gi nemes csal\u00e1d, B. Mikl\u00f3s de Batizfalva (1545) \u00e9s B. Georgius (1553), mint megyei bir\u00e1k voltak ismertek. Irod.: P\u00e1lmay<\/p>\n","protected":false},"featured_media":0,"comment_status":"open","ping_status":"closed","template":"","meta":[],"product_brand":[],"product_cat":[137],"product_tag":[],"class_list":{"0":"post-4199","1":"product","2":"type-product","3":"status-publish","5":"product_cat-maros-megyei-eletrajzi-lexikon","7":"first","8":"instock","9":"shipping-taxable","10":"product-type-simple"},"_links":{"self":[{"href":"https:\/\/uj.adatbank.ro\/lexikon\/wp-json\/wp\/v2\/product\/4199","targetHints":{"allow":["GET"]}}],"collection":[{"href":"https:\/\/uj.adatbank.ro\/lexikon\/wp-json\/wp\/v2\/product"}],"about":[{"href":"https:\/\/uj.adatbank.ro\/lexikon\/wp-json\/wp\/v2\/types\/product"}],"replies":[{"embeddable":true,"href":"https:\/\/uj.adatbank.ro\/lexikon\/wp-json\/wp\/v2\/comments?post=4199"}],"wp:attachment":[{"href":"https:\/\/uj.adatbank.ro\/lexikon\/wp-json\/wp\/v2\/media?parent=4199"}],"wp:term":[{"taxonomy":"product_brand","embeddable":true,"href":"https:\/\/uj.adatbank.ro\/lexikon\/wp-json\/wp\/v2\/product_brand?post=4199"},{"taxonomy":"product_cat","embeddable":true,"href":"https:\/\/uj.adatbank.ro\/lexikon\/wp-json\/wp\/v2\/product_cat?post=4199"},{"taxonomy":"product_tag","embeddable":true,"href":"https:\/\/uj.adatbank.ro\/lexikon\/wp-json\/wp\/v2\/product_tag?post=4199"}],"curies":[{"name":"wp","href":"https:\/\/api.w.org\/{rel}","templated":true}]}}