{"id":4200,"date":"2025-06-28T16:31:44","date_gmt":"2025-06-28T14:31:44","guid":{"rendered":"https:\/\/uj.adatbank.ro\/lexikon\/termek\/batorfi-ladislau\/"},"modified":"2025-06-28T16:31:44","modified_gmt":"2025-06-28T14:31:44","slug":"batorfi-ladislau","status":"publish","type":"product","link":"https:\/\/uj.adatbank.ro\/lexikon\/termek\/batorfi-ladislau\/","title":{"rendered":"B\u00c1TORFI Ladislau"},"content":{"rendered":"<p>? \u2020 ? : sz\u00e1zados. \u2013 A mv.-i Katonai T\u00f6rv\u00e9nysz\u00e9k katonai \u00fcgy\u00e9sz f\u0151n\u00f6ke (1958), sz\u00e1zados. <br \/><strong>Irod.:<\/strong> Bartos 2012<\/br><\/p>\n","protected":false},"excerpt":{"rendered":"<p>? \u2020 ? : sz\u00e1zados. \u2013 A mv.-i Katonai T\u00f6rv\u00e9nysz\u00e9k katonai \u00fcgy\u00e9sz f\u0151n\u00f6ke (1958), sz\u00e1zados. Irod.: Bartos 2012<\/p>\n","protected":false},"featured_media":0,"comment_status":"open","ping_status":"closed","template":"","meta":[],"product_brand":[],"product_cat":[137],"product_tag":[],"class_list":{"0":"post-4200","1":"product","2":"type-product","3":"status-publish","5":"product_cat-maros-megyei-eletrajzi-lexikon","7":"first","8":"instock","9":"shipping-taxable","10":"product-type-simple"},"_links":{"self":[{"href":"https:\/\/uj.adatbank.ro\/lexikon\/wp-json\/wp\/v2\/product\/4200","targetHints":{"allow":["GET"]}}],"collection":[{"href":"https:\/\/uj.adatbank.ro\/lexikon\/wp-json\/wp\/v2\/product"}],"about":[{"href":"https:\/\/uj.adatbank.ro\/lexikon\/wp-json\/wp\/v2\/types\/product"}],"replies":[{"embeddable":true,"href":"https:\/\/uj.adatbank.ro\/lexikon\/wp-json\/wp\/v2\/comments?post=4200"}],"wp:attachment":[{"href":"https:\/\/uj.adatbank.ro\/lexikon\/wp-json\/wp\/v2\/media?parent=4200"}],"wp:term":[{"taxonomy":"product_brand","embeddable":true,"href":"https:\/\/uj.adatbank.ro\/lexikon\/wp-json\/wp\/v2\/product_brand?post=4200"},{"taxonomy":"product_cat","embeddable":true,"href":"https:\/\/uj.adatbank.ro\/lexikon\/wp-json\/wp\/v2\/product_cat?post=4200"},{"taxonomy":"product_tag","embeddable":true,"href":"https:\/\/uj.adatbank.ro\/lexikon\/wp-json\/wp\/v2\/product_tag?post=4200"}],"curies":[{"name":"wp","href":"https:\/\/api.w.org\/{rel}","templated":true}]}}