{"id":4201,"date":"2025-06-28T16:31:49","date_gmt":"2025-06-28T14:31:49","guid":{"rendered":"https:\/\/uj.adatbank.ro\/lexikon\/termek\/batori-istvan\/"},"modified":"2025-06-28T16:31:49","modified_gmt":"2025-06-28T14:31:49","slug":"batori-istvan","status":"publish","type":"product","link":"https:\/\/uj.adatbank.ro\/lexikon\/termek\/batori-istvan\/","title":{"rendered":"B\u00c1TORI Istv\u00e1n"},"content":{"rendered":"<p>? \u2020 ? : ref. lelk\u00e9sz. \u2013 Mv.-en subscib\u00e1lt (1749). Lelk\u00e9sz volt Sz\u0151kefalv\u00e1n (1763), H\u00e9derdf\u00e1j\u00e1n (1764\u201371), S\u00f6v\u00e9nyfalv\u00e1n (1772\u201376), B\u00faz\u00e1sbeseny\u0151n (1776\u201381). <br \/><strong>Irod.:<\/strong> K\u00fck\u00fcll\u0151i Ref. Egyh\u00e1zm. 1, 2., 4.<\/br><\/p>\n","protected":false},"excerpt":{"rendered":"<p>? \u2020 ? : ref. lelk\u00e9sz. \u2013 Mv.-en subscib\u00e1lt (1749). Lelk\u00e9sz volt Sz\u0151kefalv\u00e1n (1763), H\u00e9derdf\u00e1j\u00e1n (1764\u201371), S\u00f6v\u00e9nyfalv\u00e1n (1772\u201376), B\u00faz\u00e1sbeseny\u0151n (1776\u201381). Irod.: K\u00fck\u00fcll\u0151i Ref. Egyh\u00e1zm. 1, 2., 4.<\/p>\n","protected":false},"featured_media":0,"comment_status":"open","ping_status":"closed","template":"","meta":[],"product_brand":[],"product_cat":[137],"product_tag":[],"class_list":{"0":"post-4201","1":"product","2":"type-product","3":"status-publish","5":"product_cat-maros-megyei-eletrajzi-lexikon","7":"first","8":"instock","9":"shipping-taxable","10":"product-type-simple"},"_links":{"self":[{"href":"https:\/\/uj.adatbank.ro\/lexikon\/wp-json\/wp\/v2\/product\/4201","targetHints":{"allow":["GET"]}}],"collection":[{"href":"https:\/\/uj.adatbank.ro\/lexikon\/wp-json\/wp\/v2\/product"}],"about":[{"href":"https:\/\/uj.adatbank.ro\/lexikon\/wp-json\/wp\/v2\/types\/product"}],"replies":[{"embeddable":true,"href":"https:\/\/uj.adatbank.ro\/lexikon\/wp-json\/wp\/v2\/comments?post=4201"}],"wp:attachment":[{"href":"https:\/\/uj.adatbank.ro\/lexikon\/wp-json\/wp\/v2\/media?parent=4201"}],"wp:term":[{"taxonomy":"product_brand","embeddable":true,"href":"https:\/\/uj.adatbank.ro\/lexikon\/wp-json\/wp\/v2\/product_brand?post=4201"},{"taxonomy":"product_cat","embeddable":true,"href":"https:\/\/uj.adatbank.ro\/lexikon\/wp-json\/wp\/v2\/product_cat?post=4201"},{"taxonomy":"product_tag","embeddable":true,"href":"https:\/\/uj.adatbank.ro\/lexikon\/wp-json\/wp\/v2\/product_tag?post=4201"}],"curies":[{"name":"wp","href":"https:\/\/api.w.org\/{rel}","templated":true}]}}