{"id":4204,"date":"2025-06-28T16:31:57","date_gmt":"2025-06-28T14:31:57","guid":{"rendered":"https:\/\/uj.adatbank.ro\/lexikon\/termek\/batz-istvan-zagoni-ifj\/"},"modified":"2025-06-28T16:31:57","modified_gmt":"2025-06-28T14:31:57","slug":"batz-istvan-zagoni-ifj","status":"publish","type":"product","link":"https:\/\/uj.adatbank.ro\/lexikon\/termek\/batz-istvan-zagoni-ifj\/","title":{"rendered":"BATZ Istv\u00e1n, z\u00e1goni, ifj."},"content":{"rendered":"<p>? \u2020 K\u00f6rtv\u00e9lyf\u00e1ja, 1782. m\u00e1rc. 13.: ref. lelk\u00e9sz.- Mv.-en subscrib\u00e1lt (1747) senior volt. A g\u00f6rg\u00e9nyi ref. egyh\u00e1zmegy\u00e9be ker\u00fclt (1762. j\u00fan. 21). Lelk\u00e9sz Tek\u00e9ben (1762\u201368), K\u00f6rtv\u00e9kyf\u00e1j\u00e1n (1769\u201382). <br \/><strong>Irod.:<\/strong> \u0150sz<\/br><\/p>\n","protected":false},"excerpt":{"rendered":"<p>? \u2020 K\u00f6rtv\u00e9lyf\u00e1ja, 1782. m\u00e1rc. 13.: ref. lelk\u00e9sz.- Mv.-en subscrib\u00e1lt (1747) senior volt. A g\u00f6rg\u00e9nyi ref. egyh\u00e1zmegy\u00e9be ker\u00fclt (1762. j\u00fan. 21). Lelk\u00e9sz Tek\u00e9ben (1762\u201368), K\u00f6rtv\u00e9kyf\u00e1j\u00e1n (1769\u201382). Irod.: \u0150sz<\/p>\n","protected":false},"featured_media":0,"comment_status":"open","ping_status":"closed","template":"","meta":[],"product_brand":[],"product_cat":[137],"product_tag":[],"class_list":{"0":"post-4204","1":"product","2":"type-product","3":"status-publish","5":"product_cat-maros-megyei-eletrajzi-lexikon","7":"first","8":"instock","9":"shipping-taxable","10":"product-type-simple"},"_links":{"self":[{"href":"https:\/\/uj.adatbank.ro\/lexikon\/wp-json\/wp\/v2\/product\/4204","targetHints":{"allow":["GET"]}}],"collection":[{"href":"https:\/\/uj.adatbank.ro\/lexikon\/wp-json\/wp\/v2\/product"}],"about":[{"href":"https:\/\/uj.adatbank.ro\/lexikon\/wp-json\/wp\/v2\/types\/product"}],"replies":[{"embeddable":true,"href":"https:\/\/uj.adatbank.ro\/lexikon\/wp-json\/wp\/v2\/comments?post=4204"}],"wp:attachment":[{"href":"https:\/\/uj.adatbank.ro\/lexikon\/wp-json\/wp\/v2\/media?parent=4204"}],"wp:term":[{"taxonomy":"product_brand","embeddable":true,"href":"https:\/\/uj.adatbank.ro\/lexikon\/wp-json\/wp\/v2\/product_brand?post=4204"},{"taxonomy":"product_cat","embeddable":true,"href":"https:\/\/uj.adatbank.ro\/lexikon\/wp-json\/wp\/v2\/product_cat?post=4204"},{"taxonomy":"product_tag","embeddable":true,"href":"https:\/\/uj.adatbank.ro\/lexikon\/wp-json\/wp\/v2\/product_tag?post=4204"}],"curies":[{"name":"wp","href":"https:\/\/api.w.org\/{rel}","templated":true}]}}