{"id":4205,"date":"2025-06-28T16:32:00","date_gmt":"2025-06-28T14:32:00","guid":{"rendered":"https:\/\/uj.adatbank.ro\/lexikon\/termek\/batzoni-mozes\/"},"modified":"2025-06-28T16:32:00","modified_gmt":"2025-06-28T14:32:00","slug":"batzoni-mozes","status":"publish","type":"product","link":"https:\/\/uj.adatbank.ro\/lexikon\/termek\/batzoni-mozes\/","title":{"rendered":"BATZONI M\u00f3zes"},"content":{"rendered":"<p>? \u2020 ?: l\u00e9vita. \u2013 Szenth\u00e1roms\u00e1gon l\u00e9vta (1766\u20131770). <br \/><strong>Irod.:<\/strong> Imreh Barna; <\/br><\/p>\n","protected":false},"excerpt":{"rendered":"<p>? \u2020 ?: l\u00e9vita. \u2013 Szenth\u00e1roms\u00e1gon l\u00e9vta (1766\u20131770). Irod.: Imreh Barna;<\/p>\n","protected":false},"featured_media":0,"comment_status":"open","ping_status":"closed","template":"","meta":[],"product_brand":[],"product_cat":[137],"product_tag":[],"class_list":{"0":"post-4205","1":"product","2":"type-product","3":"status-publish","5":"product_cat-maros-megyei-eletrajzi-lexikon","7":"first","8":"instock","9":"shipping-taxable","10":"product-type-simple"},"_links":{"self":[{"href":"https:\/\/uj.adatbank.ro\/lexikon\/wp-json\/wp\/v2\/product\/4205","targetHints":{"allow":["GET"]}}],"collection":[{"href":"https:\/\/uj.adatbank.ro\/lexikon\/wp-json\/wp\/v2\/product"}],"about":[{"href":"https:\/\/uj.adatbank.ro\/lexikon\/wp-json\/wp\/v2\/types\/product"}],"replies":[{"embeddable":true,"href":"https:\/\/uj.adatbank.ro\/lexikon\/wp-json\/wp\/v2\/comments?post=4205"}],"wp:attachment":[{"href":"https:\/\/uj.adatbank.ro\/lexikon\/wp-json\/wp\/v2\/media?parent=4205"}],"wp:term":[{"taxonomy":"product_brand","embeddable":true,"href":"https:\/\/uj.adatbank.ro\/lexikon\/wp-json\/wp\/v2\/product_brand?post=4205"},{"taxonomy":"product_cat","embeddable":true,"href":"https:\/\/uj.adatbank.ro\/lexikon\/wp-json\/wp\/v2\/product_cat?post=4205"},{"taxonomy":"product_tag","embeddable":true,"href":"https:\/\/uj.adatbank.ro\/lexikon\/wp-json\/wp\/v2\/product_tag?post=4205"}],"curies":[{"name":"wp","href":"https:\/\/api.w.org\/{rel}","templated":true}]}}