{"id":4206,"date":"2025-06-28T16:32:03","date_gmt":"2025-06-28T14:32:03","guid":{"rendered":"https:\/\/uj.adatbank.ro\/lexikon\/termek\/baudentisztel-anna\/"},"modified":"2025-06-28T16:32:03","modified_gmt":"2025-06-28T14:32:03","slug":"baudentisztel-anna","status":"publish","type":"product","link":"https:\/\/uj.adatbank.ro\/lexikon\/termek\/baudentisztel-anna\/","title":{"rendered":"BAUDENTISZT\u00c9L Anna"},"content":{"rendered":"<p>Bp., ? \u2020\u00a0i?: gazgat\u00f3 tan\u00edt\u00f3n\u0151 \u2013 Oklevel\u00e9t Nagyszebenben szerezte. Tan\u00edtott Sz\u00e1szr\u00e9genben (1934\u2013), P\u00f3kakereszt\u00faron (1936\u2013). A ref. \u00e9nekkar vezet\u0151je volt. R\u00e9szt vett a k\u00f6zs\u00e9g k\u00f6z\u00e9let\u00e9ben. <br \/><strong>Irod.:<\/strong> Sz\u00e9kelyf\u00f6ld \u00ed. k.<\/br><\/p>\n","protected":false},"excerpt":{"rendered":"<p>Bp., ? \u2020\u00a0i?: gazgat\u00f3 tan\u00edt\u00f3n\u0151 \u2013 Oklevel\u00e9t Nagyszebenben szerezte. Tan\u00edtott Sz\u00e1szr\u00e9genben (1934\u2013), P\u00f3kakereszt\u00faron (1936\u2013). A ref. \u00e9nekkar vezet\u0151je volt. R\u00e9szt vett a k\u00f6zs\u00e9g k\u00f6z\u00e9let\u00e9ben. Irod.: Sz\u00e9kelyf\u00f6ld \u00ed. k.<\/p>\n","protected":false},"featured_media":0,"comment_status":"open","ping_status":"closed","template":"","meta":[],"product_brand":[],"product_cat":[137],"product_tag":[],"class_list":{"0":"post-4206","1":"product","2":"type-product","3":"status-publish","5":"product_cat-maros-megyei-eletrajzi-lexikon","7":"first","8":"instock","9":"shipping-taxable","10":"product-type-simple"},"_links":{"self":[{"href":"https:\/\/uj.adatbank.ro\/lexikon\/wp-json\/wp\/v2\/product\/4206","targetHints":{"allow":["GET"]}}],"collection":[{"href":"https:\/\/uj.adatbank.ro\/lexikon\/wp-json\/wp\/v2\/product"}],"about":[{"href":"https:\/\/uj.adatbank.ro\/lexikon\/wp-json\/wp\/v2\/types\/product"}],"replies":[{"embeddable":true,"href":"https:\/\/uj.adatbank.ro\/lexikon\/wp-json\/wp\/v2\/comments?post=4206"}],"wp:attachment":[{"href":"https:\/\/uj.adatbank.ro\/lexikon\/wp-json\/wp\/v2\/media?parent=4206"}],"wp:term":[{"taxonomy":"product_brand","embeddable":true,"href":"https:\/\/uj.adatbank.ro\/lexikon\/wp-json\/wp\/v2\/product_brand?post=4206"},{"taxonomy":"product_cat","embeddable":true,"href":"https:\/\/uj.adatbank.ro\/lexikon\/wp-json\/wp\/v2\/product_cat?post=4206"},{"taxonomy":"product_tag","embeddable":true,"href":"https:\/\/uj.adatbank.ro\/lexikon\/wp-json\/wp\/v2\/product_tag?post=4206"}],"curies":[{"name":"wp","href":"https:\/\/api.w.org\/{rel}","templated":true}]}}