{"id":4207,"date":"2025-06-28T16:32:05","date_gmt":"2025-06-28T14:32:05","guid":{"rendered":"https:\/\/uj.adatbank.ro\/lexikon\/termek\/baum-ferenc\/"},"modified":"2025-06-28T16:32:05","modified_gmt":"2025-06-28T14:32:05","slug":"baum-ferenc","status":"publish","type":"product","link":"https:\/\/uj.adatbank.ro\/lexikon\/termek\/baum-ferenc\/","title":{"rendered":"BAUM Ferenc"},"content":{"rendered":"<p>1892., \u2020\u00a0Mv., 1949. m\u00e1j. 19.: keresked\u0151. \u2013 Keresked\u0151 csal\u00e1db\u00f3l sz\u00e1rmazott. Seg\u00e9d\u00e9veit apja mellett t\u00f6lt\u00f6tte, majd \u00f6n\u00e1ll\u00f3 lett (1922). R\u00e9szt vett az els\u0151 vh.-ban az 50. gy. e. \u2013ben az olasz \u00e9s orosz fronton tizedesi rangot \u00e9rt el. Bronz. vit. \u00e9. \u00e9s a K\u00e1roly Csapatkereszt tulajdonosa. F\u0171szer- \u00e9s csemegekeresked\u0151 Mv.-en. <br \/><strong>Irod.:<\/strong> Sz\u00e9kelyf\u00f6ld \u00ed. k.<\/br><\/p>\n","protected":false},"excerpt":{"rendered":"<p>1892., \u2020\u00a0Mv., 1949. m\u00e1j. 19.: keresked\u0151. \u2013 Keresked\u0151 csal\u00e1db\u00f3l sz\u00e1rmazott. Seg\u00e9d\u00e9veit apja mellett t\u00f6lt\u00f6tte, majd \u00f6n\u00e1ll\u00f3 lett (1922). R\u00e9szt vett az els\u0151 vh.-ban az 50. gy. e. \u2013ben az olasz \u00e9s orosz fronton tizedesi rangot \u00e9rt el. Bronz. vit. \u00e9. \u00e9s a K\u00e1roly Csapatkereszt tulajdonosa. F\u0171szer- \u00e9s csemegekeresked\u0151 Mv.-en. Irod.: Sz\u00e9kelyf\u00f6ld \u00ed. k.<\/p>\n","protected":false},"featured_media":0,"comment_status":"open","ping_status":"closed","template":"","meta":[],"product_brand":[],"product_cat":[137],"product_tag":[],"class_list":{"0":"post-4207","1":"product","2":"type-product","3":"status-publish","5":"product_cat-maros-megyei-eletrajzi-lexikon","7":"first","8":"instock","9":"shipping-taxable","10":"product-type-simple"},"_links":{"self":[{"href":"https:\/\/uj.adatbank.ro\/lexikon\/wp-json\/wp\/v2\/product\/4207","targetHints":{"allow":["GET"]}}],"collection":[{"href":"https:\/\/uj.adatbank.ro\/lexikon\/wp-json\/wp\/v2\/product"}],"about":[{"href":"https:\/\/uj.adatbank.ro\/lexikon\/wp-json\/wp\/v2\/types\/product"}],"replies":[{"embeddable":true,"href":"https:\/\/uj.adatbank.ro\/lexikon\/wp-json\/wp\/v2\/comments?post=4207"}],"wp:attachment":[{"href":"https:\/\/uj.adatbank.ro\/lexikon\/wp-json\/wp\/v2\/media?parent=4207"}],"wp:term":[{"taxonomy":"product_brand","embeddable":true,"href":"https:\/\/uj.adatbank.ro\/lexikon\/wp-json\/wp\/v2\/product_brand?post=4207"},{"taxonomy":"product_cat","embeddable":true,"href":"https:\/\/uj.adatbank.ro\/lexikon\/wp-json\/wp\/v2\/product_cat?post=4207"},{"taxonomy":"product_tag","embeddable":true,"href":"https:\/\/uj.adatbank.ro\/lexikon\/wp-json\/wp\/v2\/product_tag?post=4207"}],"curies":[{"name":"wp","href":"https:\/\/api.w.org\/{rel}","templated":true}]}}