{"id":4208,"date":"2025-06-28T16:32:08","date_gmt":"2025-06-28T14:32:08","guid":{"rendered":"https:\/\/uj.adatbank.ro\/lexikon\/termek\/baumgarten-johann-christian-gottlob-%c2%a7-janos-keresztely\/"},"modified":"2025-06-28T16:32:08","modified_gmt":"2025-06-28T14:32:08","slug":"baumgarten-johann-christian-gottlob-%c2%a7-janos-keresztely","status":"publish","type":"product","link":"https:\/\/uj.adatbank.ro\/lexikon\/termek\/baumgarten-johann-christian-gottlob-%c2%a7-janos-keresztely\/","title":{"rendered":"BAUMGARTEN Johann Christian Gottlob, \u00a7 J\u00e1nos Kereszt\u00e9ly"},"content":{"rendered":"<p>Luckau (Lausitz), 1765, \u00e1pr. 7., \u2020 Segesv\u00e1r, 1843. dec. 29.: orvos, botanikus, filoz\u00f3fus. \u2013 A k\u00f6z\u00e9piskol\u00e1t sz\u00fcl\u0151v\u00e1ros\u00e1ban az egyetemen filoz\u00f3fia \u00e9s orvosi tanulm\u00e1nyokat Drezd\u00e1ban (1784\u2013) \u00e9s Lipcs\u00e9ben (1785\u2013) v\u00e9gzett; b\u00f6lcs\u00e9szdoktor (1790), majd orvosdoktori oklevelet nyert (1791). F\u0151 \u00e9rdekl\u0151d\u00e9si ter\u00fclete a botanika volt. Orvosk\u00e9nt dolgozott B\u00e9csben, Nagyszebenben (1793\u201394); tiszti f\u0151orvos \u00dajegyh\u00e1z\u00e1n (1794\u20131801); v\u00e1rosi \u00e9s sz\u00e9ki tiszti f\u0151orvos Segesv\u00e1ron (1801\u201341), a szeg\u00e9nyek orvos\u00e1nak nevezt\u00e9k, mert gyakran ingyen vizsg\u00e1lt \u00e9s gy\u00f3gy\u00edtott. T\u00f6bbsz\u00f6r elutas\u00edtotta a felaj\u00e1nlott lipcsei egyetemi tan\u00e1ri \u00e1ll\u00e1st. K\u00f6zben (1807\u201328) csak botanik\u00e1val foglalkozott, felkutatta Szeben \u00e9s k\u00f6rny\u00e9ke n\u00f6v\u00e9nyvil\u00e1g\u00e1t: nagy herb\u00e1riumot gy\u0171jt\u00f6tt \u00e9s elk\u00e9sz\u00edtette Erd\u00e9ly fl\u00f3r\u00e1j\u00e1nak els\u0151 le\u00edr\u00e1s\u00e1t. Az Enumeratio Stirpium&#8230; (1916) 3 k\u00f6tet\u00e9ben 2252 n\u00f6v\u00e9nyfajt\u00e1t mutatott be. A sp\u00f3r\u00e1s n\u00f6v\u00e9nyeket tanulm\u00e1nyozta, n\u00e9gyk\u00f6tetes m\u0171ben r\u00f6gz\u00edtette e n\u00f6v\u00e9nycsoport fajainak le\u00edr\u00e1s\u00e1t, anyagi gondok miatt csak hal\u00e1la ut\u00e1n jelenhetett meg M. Fuss adta ki (1846, 1860). Tagja volt a lipcsei Linn\u00e9 T\u00e1rsas\u00e1gnak \u00e9s a pesti egyetem orvosi kar\u00e1nak. Sz\u00e1mos erd\u00e9lyi n\u00f6v\u00e9nyfajt\u00e1t fedezett fel, botanikusi tev\u00e9kenys\u00e9g\u00e9t ma is t\u00f6bb n\u00f6v\u00e9ny neve \u0151rzi pl. az egykori kancell\u00e1rr\u00f3l elnevezett Teleki-vir\u00e1g. A segesv\u00e1ri evang\u00e9likus temet\u0151ben l\u00e9v\u0151 s\u00edrja (19. sz.) \u201eB\u201d kateg\u00f3ri\u00e1ba tartoz\u00f3 m\u0171eml\u00e9k. \u2013 <strong>F. m.:<\/strong> Epist. Gratul. Brevis trepani coronati historia (Lipsiae, 1789); Sertum Lipsicum seu stirpes omnes praeprimis exoticas circa urbem olim, maximegue nuperrime plantas digessit atque descripsit secundum methodum Linneanam (Lipsiae, 1790); Flora Lipsiensis, sistens plantas circul. Lips. Spont. Secundum Systema sexuale revisum emendatumque distributas cum synonymis perpaucis etc. (Lipsiae, 1790); Dissertatio politico-phys. De arte decoratoria (Lipsiae, 1791); Dissertatio inaug. De corticis Ulmi campestris natura, viribus usuque medico (Lipsiae, 1791); Enumeratio stirpium in Magno Transsilvaniae Principatui praeprimis indigenarum in usum nostrorum botanophilorum conscripta inque ordinem sexuali-naturalem concinnata (1\u20133. tom. Vindobonae, 1816; 4. tom. Nagy-Szeben, 1846); <strong>t\u00e1rssz.:<\/strong> Enumeratio Stirpium Transsilvaniae indigenarum mantissa (Cibinni, 1846); Enumerationem Stirpium Magno Transsilvaniacarum curante (Cibinni, s. a.). <br \/><strong>Irod.:<\/strong> Chiorean 2008; Gombocz Endre: A magyar botanika t\u00f6rt\u00e9nete (Bp., 1936); Hoffmann Karl: Mo. vir\u00e1gos n\u00f6v\u00e9nyei (Bp., 1903); LSS; M\u00c9L; MNL; Predescu; Profiluri mure\u015fene. 2.; Richter Alad\u00e1r: Jelent\u00e9s az Erd\u00e9lyi Nemzeti M\u00fazeum n\u00f6v\u00e9nyt\u00e1r\u00e1r\u00f3l&#8230; (Kv., 1908); RNL; Schur J. F.: Enumeratio plantarum Transilvaniae (Vindobonae, 1866); Szinnyei; Szinnyei J-Sz. J.; Todea\u2013F\u00fcl\u00f6p\u2013Avram; Transilvania; \u00daM\u00c9L; Valori mure\u015fene de patrimoniu; Veress; La Vie scientifique en Roumanie (Buc., 1937)<\/br><\/p>\n","protected":false},"excerpt":{"rendered":"<p>Luckau (Lausitz), 1765, \u00e1pr. 7., \u2020 Segesv\u00e1r, 1843. dec. 29.: orvos, botanikus, filoz\u00f3fus. \u2013 A k\u00f6z\u00e9piskol\u00e1t sz\u00fcl\u0151v\u00e1ros\u00e1ban az egyetemen filoz\u00f3fia \u00e9s orvosi tanulm\u00e1nyokat Drezd\u00e1ban (1784\u2013) \u00e9s Lipcs\u00e9ben (1785\u2013) v\u00e9gzett; b\u00f6lcs\u00e9szdoktor (1790), majd orvosdoktori oklevelet nyert (1791). F\u0151 \u00e9rdekl\u0151d\u00e9si ter\u00fclete a botanika volt. Orvosk\u00e9nt dolgozott B\u00e9csben, Nagyszebenben (1793\u201394); tiszti f\u0151orvos \u00dajegyh\u00e1z\u00e1n (1794\u20131801); v\u00e1rosi \u00e9s sz\u00e9ki tiszti [&hellip;]<\/p>\n","protected":false},"featured_media":0,"comment_status":"open","ping_status":"closed","template":"","meta":[],"product_brand":[],"product_cat":[137],"product_tag":[],"class_list":{"0":"post-4208","1":"product","2":"type-product","3":"status-publish","5":"product_cat-maros-megyei-eletrajzi-lexikon","7":"first","8":"instock","9":"shipping-taxable","10":"product-type-simple"},"_links":{"self":[{"href":"https:\/\/uj.adatbank.ro\/lexikon\/wp-json\/wp\/v2\/product\/4208","targetHints":{"allow":["GET"]}}],"collection":[{"href":"https:\/\/uj.adatbank.ro\/lexikon\/wp-json\/wp\/v2\/product"}],"about":[{"href":"https:\/\/uj.adatbank.ro\/lexikon\/wp-json\/wp\/v2\/types\/product"}],"replies":[{"embeddable":true,"href":"https:\/\/uj.adatbank.ro\/lexikon\/wp-json\/wp\/v2\/comments?post=4208"}],"wp:attachment":[{"href":"https:\/\/uj.adatbank.ro\/lexikon\/wp-json\/wp\/v2\/media?parent=4208"}],"wp:term":[{"taxonomy":"product_brand","embeddable":true,"href":"https:\/\/uj.adatbank.ro\/lexikon\/wp-json\/wp\/v2\/product_brand?post=4208"},{"taxonomy":"product_cat","embeddable":true,"href":"https:\/\/uj.adatbank.ro\/lexikon\/wp-json\/wp\/v2\/product_cat?post=4208"},{"taxonomy":"product_tag","embeddable":true,"href":"https:\/\/uj.adatbank.ro\/lexikon\/wp-json\/wp\/v2\/product_tag?post=4208"}],"curies":[{"name":"wp","href":"https:\/\/api.w.org\/{rel}","templated":true}]}}